{"id":106613,"date":"2025-04-01T16:17:23","date_gmt":"2025-04-01T13:17:23","guid":{"rendered":"https:\/\/web-support.eu\/web2print\/product\/11032-casti\/"},"modified":"2025-12-10T10:22:59","modified_gmt":"2025-12-10T08:22:59","slug":"11032-casti","status":"publish","type":"product","link":"https:\/\/web2print.ro\/shop\/11032-casti\/","title":{"rendered":"C\u0103\u0219ti personalizate"},"content":{"rendered":"<p>C\u0103\u0219ti audio din plastic \u00een carcas\u0103 de plastic. Conector jack 3.5 mm, lungime cablu 1.2 m. box \u00f850 mm<\/p>\n<table>\n<tr>\n<td><strong>Exterior cutie (m):<\/strong><\/td>\n<td>0.300X0.430X0.430<\/td>\n<\/tr>\n<tr>\n<td><strong>Greutate cutie (Kg.):<\/strong><\/td>\n<td>13<\/td>\n<\/tr>\n<tr>\n<td><strong>Exterior cutie (Pc.):<\/strong><\/td>\n<td>500<\/td>\n<\/tr>\n<tr>\n<td><strong>Interior cutie (Pc.):<\/strong><\/td>\n<td>1<\/td>\n<\/tr>\n<tr>\n<td><strong>Taric:<\/strong><\/td>\n<td>8518300090<\/td>\n<\/tr>\n<\/table>\n","protected":false},"excerpt":{"rendered":"<p>C\u0103\u0219ti audio din plastic \u00een carcas\u0103 de plastic. Conector jack 3,5 mm, lungime cablu 1,2 m<\/p>\n","protected":false},"featured_media":93443,"comment_status":"closed","ping_status":"open","template":"","meta":{"_joinchat":[]},"product_brand":[2753],"product_cat":[316],"product_tag":[],"class_list":{"0":"post-106613","1":"product","2":"type-product","3":"status-publish","4":"has-post-thumbnail","6":"product_brand-hidea-ro","7":"product_cat-tehnologie-gadgeturi","8":"pa_culoare-alb","9":"pa_culoare-rosu","11":"first","12":"instock","13":"purchasable","14":"product-type-variable"},"_links":{"self":[{"href":"https:\/\/web2print.ro\/shop\/wp-json\/wp\/v2\/product\/106613","targetHints":{"allow":["GET"]}}],"collection":[{"href":"https:\/\/web2print.ro\/shop\/wp-json\/wp\/v2\/product"}],"about":[{"href":"https:\/\/web2print.ro\/shop\/wp-json\/wp\/v2\/types\/product"}],"replies":[{"embeddable":true,"href":"https:\/\/web2print.ro\/shop\/wp-json\/wp\/v2\/comments?post=106613"}],"wp:featuredmedia":[{"embeddable":true,"href":"https:\/\/web2print.ro\/shop\/wp-json\/wp\/v2\/media\/93443"}],"wp:attachment":[{"href":"https:\/\/web2print.ro\/shop\/wp-json\/wp\/v2\/media?parent=106613"}],"wp:term":[{"taxonomy":"product_brand","embeddable":true,"href":"https:\/\/web2print.ro\/shop\/wp-json\/wp\/v2\/product_brand?post=106613"},{"taxonomy":"product_cat","embeddable":true,"href":"https:\/\/web2print.ro\/shop\/wp-json\/wp\/v2\/product_cat?post=106613"},{"taxonomy":"product_tag","embeddable":true,"href":"https:\/\/web2print.ro\/shop\/wp-json\/wp\/v2\/product_tag?post=106613"}],"curies":[{"name":"wp","href":"https:\/\/api.w.org\/{rel}","templated":true}]}}