{"id":106861,"date":"2025-06-09T15:29:20","date_gmt":"2025-06-09T12:29:20","guid":{"rendered":"https:\/\/web-support.eu\/web2print\/product\/23189-breloc-cu-organizator-pentru-casti\/"},"modified":"2025-12-10T10:34:40","modified_gmt":"2025-12-10T08:34:40","slug":"23189-breloc-cu-organizator-pentru-casti","status":"publish","type":"product","link":"https:\/\/web2print.ro\/shop\/23189-breloc-cu-organizator-pentru-casti\/","title":{"rendered":"Suport din bambus personalizat"},"content":{"rendered":"<p>Suport ecologic pentru tablet\u0103 \u0219i smartphone din bambus, ofer\u0103 siguran\u0163\u0103 pe birou sau \u00een timpul c\u0103l\u0103toriilor. Dispozitivele se potrivesc \u00een suport f\u0103r\u0103 hus\u0103 protectoare.<\/p>\n<p>Dimensiune: 17 \u00d7 7,3 \u00d7 1,2<\/p>\n<p>Greutate:\u00a00.103<\/p>\n<p>Origine: CN<\/p>\n<p>Tariff:\u00a044219100<\/p>\n","protected":false},"excerpt":{"rendered":"<p>Breloc cu dubla functie. Forma sa v\u0103 permite s\u0103 v\u0103 organiza\u021bi c\u0103\u0219tile \u00een jurul acestuia<\/p>\n","protected":false},"featured_media":126786,"comment_status":"closed","ping_status":"closed","template":"","meta":{"_joinchat":[]},"product_brand":[2753],"product_cat":[453],"product_tag":[],"class_list":{"0":"post-106861","1":"product","2":"type-product","3":"status-publish","4":"has-post-thumbnail","6":"product_brand-hidea-ro","7":"product_cat-brelocuri","9":"first","10":"instock","11":"taxable","12":"shipping-taxable","13":"purchasable","14":"product-type-variable"},"_links":{"self":[{"href":"https:\/\/web2print.ro\/shop\/wp-json\/wp\/v2\/product\/106861","targetHints":{"allow":["GET"]}}],"collection":[{"href":"https:\/\/web2print.ro\/shop\/wp-json\/wp\/v2\/product"}],"about":[{"href":"https:\/\/web2print.ro\/shop\/wp-json\/wp\/v2\/types\/product"}],"replies":[{"embeddable":true,"href":"https:\/\/web2print.ro\/shop\/wp-json\/wp\/v2\/comments?post=106861"}],"wp:featuredmedia":[{"embeddable":true,"href":"https:\/\/web2print.ro\/shop\/wp-json\/wp\/v2\/media\/126786"}],"wp:attachment":[{"href":"https:\/\/web2print.ro\/shop\/wp-json\/wp\/v2\/media?parent=106861"}],"wp:term":[{"taxonomy":"product_brand","embeddable":true,"href":"https:\/\/web2print.ro\/shop\/wp-json\/wp\/v2\/product_brand?post=106861"},{"taxonomy":"product_cat","embeddable":true,"href":"https:\/\/web2print.ro\/shop\/wp-json\/wp\/v2\/product_cat?post=106861"},{"taxonomy":"product_tag","embeddable":true,"href":"https:\/\/web2print.ro\/shop\/wp-json\/wp\/v2\/product_tag?post=106861"}],"curies":[{"name":"wp","href":"https:\/\/api.w.org\/{rel}","templated":true}]}}