{"id":107121,"date":"2025-04-01T16:19:06","date_gmt":"2025-04-01T13:19:06","guid":{"rendered":"https:\/\/web-support.eu\/web2print\/product\/thc-luanda-3xl-tricou-pentru-barbati\/"},"modified":"2026-05-06T16:25:02","modified_gmt":"2026-05-06T13:25:02","slug":"thc-luanda-3xl-tricou-pentru-barbati","status":"publish","type":"product","link":"https:\/\/web2print.ro\/shop\/thc-luanda-3xl-tricou-pentru-barbati\/","title":{"rendered":"THC LUANDA 3XL. Tricou pentru barbati personalizat"},"content":{"rendered":"<p>Tricou pentru b\u0103rba\u021bi 100% bumbac (150 g\/m\u00b2). Culoare 183: bumbac 90%\/viscoz\u0103 10%. Regular cut. Guler si mansete striate 1&#215;1. Cus\u0103turi duble pe m\u00e2neci \u0219i partea inferioar\u0103. Marime: 3XL<\/p>\n<table>\n<tr>\n<td><strong>Exterior cutie (m):<\/strong><\/td>\n<td>0.560X0.310X0.370<\/td>\n<\/tr>\n<tr>\n<td><strong>Greutate cutie (Kg.):<\/strong><\/td>\n<td>16<\/td>\n<\/tr>\n<tr>\n<td><strong>Exterior cutie (Pc.):<\/strong><\/td>\n<td>100<\/td>\n<\/tr>\n<tr>\n<td><strong>Interior cutie (Pc.):<\/strong><\/td>\n<td>10<\/td>\n<\/tr>\n<tr>\n<td><strong>Taric:<\/strong><\/td>\n<td>6109100010<\/td>\n<\/tr>\n<tr>\n<td><strong>\u021aara de origine:<\/strong><\/td>\n<td>Bangladesh<\/td>\n<\/tr>\n<tr>\n<td><strong>Ambalare individual\u0103:<\/strong><\/td>\n<td>Polybag<\/td>\n<\/tr>\n<tr>\n<td><strong>Ambalarea dup\u0103 imprimare:<\/strong><\/td>\n<td>Fara polybag<\/td>\n<\/tr>\n<tr>\n<td><strong>Certificate:<\/strong><\/td>\n<td>REACH, OEKO-TEX<\/td>\n<\/tr>\n<\/table>\n","protected":false},"excerpt":{"rendered":"<p>Tricou pentru b\u0103rba\u021bi 100% bumbac (150 g\/m\u00b2). Culoare 183: bumbac 90%\/viscoz\u0103 10%. Regular cut. Guler si mansete striate 1&#215;1. Cus\u0103turi duble pe m\u00e2neci \u0219i partea inferioar\u0103<\/p>\n","protected":false},"featured_media":467086,"comment_status":"closed","ping_status":"closed","template":"","meta":{"_joinchat":[]},"product_brand":[2753],"product_cat":[2650],"product_tag":[],"class_list":{"0":"post-107121","1":"product","2":"type-product","3":"status-publish","4":"has-post-thumbnail","6":"product_brand-hidea-ro","7":"product_cat-textile","8":"pa_culoare-alb-melange","9":"pa_culoare-albastru","10":"pa_culoare-albastru-acqua","11":"pa_culoare-albastru-pastelat","12":"pa_culoare-albastru-royal","13":"pa_culoare-albastru-turcoaz","14":"pa_culoare-burgundia","15":"pa_culoare-digital-galben","16":"pa_culoare-eclipse-albastru","17":"pa_culoare-galben","18":"pa_culoare-galben-inchis","19":"pa_culoare-galben-lime","20":"pa_culoare-galben-pastelat","21":"pa_culoare-green-jade","22":"pa_culoare-gri","23":"pa_culoare-gri-deschis","24":"pa_culoare-gri-melange-deschis","25":"pa_culoare-liliac","26":"pa_culoare-maro-deschis","27":"pa_culoare-maro-inchis","28":"pa_culoare-negru","29":"pa_culoare-portocaliu","30":"pa_culoare-portocaliu-coral","31":"pa_culoare-rosu","32":"pa_culoare-roz","33":"pa_culoare-roz-deschis","34":"pa_culoare-somon","35":"pa_culoare-terracotta","36":"pa_culoare-verde","37":"pa_culoare-verde-armata","38":"pa_culoare-verde-deschis","39":"pa_culoare-violet","40":"pa_marime-3xl","41":"pa_size-3xl-2","43":"first","44":"instock","45":"purchasable","46":"product-type-variable"},"_links":{"self":[{"href":"https:\/\/web2print.ro\/shop\/wp-json\/wp\/v2\/product\/107121","targetHints":{"allow":["GET"]}}],"collection":[{"href":"https:\/\/web2print.ro\/shop\/wp-json\/wp\/v2\/product"}],"about":[{"href":"https:\/\/web2print.ro\/shop\/wp-json\/wp\/v2\/types\/product"}],"replies":[{"embeddable":true,"href":"https:\/\/web2print.ro\/shop\/wp-json\/wp\/v2\/comments?post=107121"}],"wp:featuredmedia":[{"embeddable":true,"href":"https:\/\/web2print.ro\/shop\/wp-json\/wp\/v2\/media\/467086"}],"wp:attachment":[{"href":"https:\/\/web2print.ro\/shop\/wp-json\/wp\/v2\/media?parent=107121"}],"wp:term":[{"taxonomy":"product_brand","embeddable":true,"href":"https:\/\/web2print.ro\/shop\/wp-json\/wp\/v2\/product_brand?post=107121"},{"taxonomy":"product_cat","embeddable":true,"href":"https:\/\/web2print.ro\/shop\/wp-json\/wp\/v2\/product_cat?post=107121"},{"taxonomy":"product_tag","embeddable":true,"href":"https:\/\/web2print.ro\/shop\/wp-json\/wp\/v2\/product_tag?post=107121"}],"curies":[{"name":"wp","href":"https:\/\/api.w.org\/{rel}","templated":true}]}}