{"id":108165,"date":"2025-04-01T16:23:42","date_gmt":"2025-04-01T13:23:42","guid":{"rendered":"https:\/\/web-support.eu\/web2print\/product\/thc-bucharest-tricou-cu-maneca-lunga-barbati\/"},"modified":"2026-05-06T16:37:02","modified_gmt":"2026-05-06T13:37:02","slug":"thc-bucharest-tricou-cu-maneca-lunga-barbati","status":"publish","type":"product","link":"https:\/\/web2print.ro\/shop\/thc-bucharest-tricou-cu-maneca-lunga-barbati\/","title":{"rendered":"THC BUCHAREST. Tricou cu m\u00e2nec\u0103 lung\u0103 b\u0103rba\u021bi personalizat"},"content":{"rendered":"<p>Tricou pentru b\u0103rba\u021bi cu maneca lunga (150 g\/m\u00b2) (culorile: 195: 60% bumbac\/40% poliester, culoare 183: bumbac 90%\/viscoz\u0103). Guler si mansete striate. Cus\u0103turi duble pe m\u00e2neci \u0219i partea inferioar\u0103. Marimi: S, M, L, XL, XXL<\/p>\n<table>\n<tr>\n<td><strong>Exterior cutie (m):<\/strong><\/td>\n<td>0.540X0.270X0.390<\/td>\n<\/tr>\n<tr>\n<td><strong>Greutate cutie (Kg.):<\/strong><\/td>\n<td>12<\/td>\n<\/tr>\n<tr>\n<td><strong>Exterior cutie (Pc.):<\/strong><\/td>\n<td>50<\/td>\n<\/tr>\n<tr>\n<td><strong>Interior cutie (Pc.):<\/strong><\/td>\n<td>5<\/td>\n<\/tr>\n<tr>\n<td><strong>Taric:<\/strong><\/td>\n<td>6109100010<\/td>\n<\/tr>\n<tr>\n<td><strong>\u021aara de origine:<\/strong><\/td>\n<td>Bangladesh<\/td>\n<\/tr>\n<tr>\n<td><strong>Ambalare individual\u0103:<\/strong><\/td>\n<td>Polybag<\/td>\n<\/tr>\n<tr>\n<td><strong>Ambalarea dup\u0103 imprimare:<\/strong><\/td>\n<td>Fara polybag<\/td>\n<\/tr>\n<tr>\n<td><strong>Certificate:<\/strong><\/td>\n<td>REACH, OEKO-TEX<\/td>\n<\/tr>\n<\/table>\n","protected":false},"excerpt":{"rendered":"<p>Tricou pentru b\u0103rba\u021bi cu maneca lunga (150 g\/m\u00b2) (culorile: 195: 60% bumbac\/40% poliester, culoare 183: bumbac 90%\/viscoz\u0103). Guler si mansete striate. Cus\u0103turi duble pe m\u00e2neci \u0219i partea inferioar\u0103<\/p>\n","protected":false},"featured_media":466734,"comment_status":"closed","ping_status":"closed","template":"","meta":{"_joinchat":[]},"product_brand":[2753],"product_cat":[2650],"product_tag":[],"class_list":{"0":"post-108165","1":"product","2":"type-product","3":"status-publish","4":"has-post-thumbnail","6":"product_brand-hidea-ro","7":"product_cat-textile","8":"pa_culoare-albastru","9":"pa_culoare-albastru-marin","10":"pa_culoare-albastru-melange","11":"pa_culoare-albastru-royal","12":"pa_culoare-gri-melange-deschis","13":"pa_culoare-negru","14":"pa_culoare-rosu","15":"pa_culoare-rosu-melange","16":"pa_culoare-terracotta","17":"pa_culoare-verde-melange","18":"pa_culoare-verde-pastelat","19":"pa_marime-l","20":"pa_marime-m","21":"pa_marime-s","22":"pa_marime-xl","23":"pa_marime-xxl","24":"pa_size-l-2","25":"pa_size-m-2","26":"pa_size-s-2","27":"pa_size-xl-2","28":"pa_size-xxl-2","30":"first","31":"instock","32":"purchasable","33":"product-type-variable"},"_links":{"self":[{"href":"https:\/\/web2print.ro\/shop\/wp-json\/wp\/v2\/product\/108165","targetHints":{"allow":["GET"]}}],"collection":[{"href":"https:\/\/web2print.ro\/shop\/wp-json\/wp\/v2\/product"}],"about":[{"href":"https:\/\/web2print.ro\/shop\/wp-json\/wp\/v2\/types\/product"}],"replies":[{"embeddable":true,"href":"https:\/\/web2print.ro\/shop\/wp-json\/wp\/v2\/comments?post=108165"}],"wp:featuredmedia":[{"embeddable":true,"href":"https:\/\/web2print.ro\/shop\/wp-json\/wp\/v2\/media\/466734"}],"wp:attachment":[{"href":"https:\/\/web2print.ro\/shop\/wp-json\/wp\/v2\/media?parent=108165"}],"wp:term":[{"taxonomy":"product_brand","embeddable":true,"href":"https:\/\/web2print.ro\/shop\/wp-json\/wp\/v2\/product_brand?post=108165"},{"taxonomy":"product_cat","embeddable":true,"href":"https:\/\/web2print.ro\/shop\/wp-json\/wp\/v2\/product_cat?post=108165"},{"taxonomy":"product_tag","embeddable":true,"href":"https:\/\/web2print.ro\/shop\/wp-json\/wp\/v2\/product_tag?post=108165"}],"curies":[{"name":"wp","href":"https:\/\/api.w.org\/{rel}","templated":true}]}}