{"id":108638,"date":"2025-04-01T16:26:21","date_gmt":"2025-04-01T13:26:21","guid":{"rendered":"https:\/\/web-support.eu\/web2print\/product\/thc-eve-tricou-polo-pentru-dame\/"},"modified":"2026-05-06T16:49:03","modified_gmt":"2026-05-06T13:49:03","slug":"thc-eve-tricou-polo-pentru-dame","status":"publish","type":"product","link":"https:\/\/web2print.ro\/shop\/thc-eve-tricou-polo-pentru-dame\/","title":{"rendered":"THC EVE. Tricou polo pentru dame personalizat\u0103"},"content":{"rendered":"<p>Polo 100% bumbac piquepentru dame (195 g\/m\u00b2). Culoare 183: 85% bumbac\/15% viscoz\u0103. Guler si mansete striate. Fenta cu 4 nasturi. Nasture suplimentar pe cus\u0103tur\u0103 interioar\u0103. Marimi: S, M, L, XL, XXL<\/p>\n<table>\n<tr>\n<td><strong>Exterior cutie (m):<\/strong><\/td>\n<td>0.460X0.260X0.340<\/td>\n<\/tr>\n<tr>\n<td><strong>Greutate cutie (Kg.):<\/strong><\/td>\n<td>10<\/td>\n<\/tr>\n<tr>\n<td><strong>Exterior cutie (Pc.):<\/strong><\/td>\n<td>50<\/td>\n<\/tr>\n<tr>\n<td><strong>Interior cutie (Pc.):<\/strong><\/td>\n<td>5<\/td>\n<\/tr>\n<tr>\n<td><strong>Taric:<\/strong><\/td>\n<td>6110209900<\/td>\n<\/tr>\n<tr>\n<td><strong>\u021aara de origine:<\/strong><\/td>\n<td>Bangladesh<\/td>\n<\/tr>\n<tr>\n<td><strong>Ambalare individual\u0103:<\/strong><\/td>\n<td>Polybag<\/td>\n<\/tr>\n<tr>\n<td><strong>Ambalarea dup\u0103 imprimare:<\/strong><\/td>\n<td>Fara polybag<\/td>\n<\/tr>\n<tr>\n<td><strong>Certificate:<\/strong><\/td>\n<td>REACH, OEKO-TEX<\/td>\n<\/tr>\n<\/table>\n","protected":false},"excerpt":{"rendered":"<p>Polo 100% bumbac piquepentru dame (195 g\/m\u00b2). Culoare 183: 85% bumbac\/15% viscoz\u0103. Guler si mansete striate. Fenta cu 4 nasturi. Nasture suplimentar pe cus\u0103tur\u0103 interioar\u0103<\/p>\n","protected":false},"featured_media":466665,"comment_status":"closed","ping_status":"closed","template":"","meta":{"_joinchat":[]},"product_brand":[2753],"product_cat":[2650],"product_tag":[],"class_list":{"0":"post-108638","1":"product","2":"type-product","3":"status-publish","4":"has-post-thumbnail","6":"product_brand-hidea-ro","7":"product_cat-textile","8":"pa_culoare-alb-melange","9":"pa_culoare-albastru","10":"pa_culoare-albastru-acqua","11":"pa_culoare-albastru-deschis","12":"pa_culoare-albastru-royal","13":"pa_culoare-burgundia","14":"pa_culoare-eclipse-albastru","15":"pa_culoare-galben","16":"pa_culoare-galben-inchis","17":"pa_culoare-gri","18":"pa_culoare-gri-melange-deschis","19":"pa_culoare-maro-deschis","20":"pa_culoare-maro-inchis","21":"pa_culoare-negru","22":"pa_culoare-portocaliu","23":"pa_culoare-rosu","24":"pa_culoare-roz","25":"pa_culoare-somon","26":"pa_culoare-verde","27":"pa_culoare-verde-armata","28":"pa_culoare-verde-deschis","29":"pa_culoare-verde-menta","30":"pa_marime-l","31":"pa_marime-m","32":"pa_marime-s","33":"pa_marime-xl","34":"pa_marime-xxl","35":"pa_size-l-2","36":"pa_size-m-2","37":"pa_size-s-2","38":"pa_size-xl-2","39":"pa_size-xxl-2","41":"first","42":"instock","43":"purchasable","44":"product-type-variable"},"_links":{"self":[{"href":"https:\/\/web2print.ro\/shop\/wp-json\/wp\/v2\/product\/108638","targetHints":{"allow":["GET"]}}],"collection":[{"href":"https:\/\/web2print.ro\/shop\/wp-json\/wp\/v2\/product"}],"about":[{"href":"https:\/\/web2print.ro\/shop\/wp-json\/wp\/v2\/types\/product"}],"replies":[{"embeddable":true,"href":"https:\/\/web2print.ro\/shop\/wp-json\/wp\/v2\/comments?post=108638"}],"wp:featuredmedia":[{"embeddable":true,"href":"https:\/\/web2print.ro\/shop\/wp-json\/wp\/v2\/media\/466665"}],"wp:attachment":[{"href":"https:\/\/web2print.ro\/shop\/wp-json\/wp\/v2\/media?parent=108638"}],"wp:term":[{"taxonomy":"product_brand","embeddable":true,"href":"https:\/\/web2print.ro\/shop\/wp-json\/wp\/v2\/product_brand?post=108638"},{"taxonomy":"product_cat","embeddable":true,"href":"https:\/\/web2print.ro\/shop\/wp-json\/wp\/v2\/product_cat?post=108638"},{"taxonomy":"product_tag","embeddable":true,"href":"https:\/\/web2print.ro\/shop\/wp-json\/wp\/v2\/product_tag?post=108638"}],"curies":[{"name":"wp","href":"https:\/\/api.w.org\/{rel}","templated":true}]}}