{"id":108815,"date":"2025-04-01T16:26:21","date_gmt":"2025-04-01T13:26:21","guid":{"rendered":"https:\/\/web-support.eu\/web2print\/product\/thc-rome-tricou-polo-slim-fit-barbati\/"},"modified":"2026-05-06T16:51:02","modified_gmt":"2026-05-06T13:51:02","slug":"thc-rome-tricou-polo-slim-fit-barbati","status":"publish","type":"product","link":"https:\/\/web2print.ro\/shop\/thc-rome-tricou-polo-slim-fit-barbati\/","title":{"rendered":"THC ROME. Tricou polo slim fit b\u0103rba\u021bi personalizat"},"content":{"rendered":"<p>Polo pentru barbati 100% bumbac pique (100 g\/m\u00b2). Culoarea 183: 85% bumbac\/15% viscoz\u0103. Maneca scurta. Guler si mansete striate. Contrast cu dou\u0103 culori pe guler, fenta \u0219i m\u00e2nec\u0103. Fenta cu 3 nasturi. Nasture suplimentar pe cus\u0103tur\u0103 interioar\u0103. Craiola fit cu slituri laterale. Marimi: S, M, L, XL, XXL<\/p>\n<table>\n<tr>\n<td><strong>Exterior cutie (m):<\/strong><\/td>\n<td>0.540X0.270X0.400<\/td>\n<\/tr>\n<tr>\n<td><strong>Greutate cutie (Kg.):<\/strong><\/td>\n<td>14<\/td>\n<\/tr>\n<tr>\n<td><strong>Exterior cutie (Pc.):<\/strong><\/td>\n<td>50<\/td>\n<\/tr>\n<tr>\n<td><strong>Interior cutie (Pc.):<\/strong><\/td>\n<td>5<\/td>\n<\/tr>\n<tr>\n<td><strong>Taric:<\/strong><\/td>\n<td>6110209100<\/td>\n<\/tr>\n<tr>\n<td><strong>\u021aara de origine:<\/strong><\/td>\n<td>Bangladesh<\/td>\n<\/tr>\n<tr>\n<td><strong>Ambalare individual\u0103:<\/strong><\/td>\n<td>Polybag<\/td>\n<\/tr>\n<tr>\n<td><strong>Ambalarea dup\u0103 imprimare:<\/strong><\/td>\n<td>Fara polybag<\/td>\n<\/tr>\n<tr>\n<td><strong>Certificate:<\/strong><\/td>\n<td>REACH, OEKO-TEX<\/td>\n<\/tr>\n<\/table>\n","protected":false},"excerpt":{"rendered":"<p>Polo pentru barbati 100% bumbac pique (100 g\/m\u00b2). Culoarea 183: 85% bumbac\/15% viscoz\u0103. Maneca scurta. Guler si mansete striate. Contrast cu dou\u0103 culori pe guler, fenta \u0219i m\u00e2nec\u0103. Fenta cu 3 nasturi. Nasture suplimentar pe cus\u0103tur\u0103 interioar\u0103. Craiola fit cu slituri laterale<\/p>\n","protected":false},"featured_media":110262,"comment_status":"closed","ping_status":"closed","template":"","meta":{"_joinchat":[]},"product_brand":[2753],"product_cat":[2650],"product_tag":[],"class_list":{"0":"post-108815","1":"product","2":"type-product","3":"status-publish","4":"has-post-thumbnail","6":"product_brand-hidea-ro","7":"product_cat-textile","8":"pa_culoare-albastru-marin","9":"pa_culoare-albastru-royal","10":"pa_culoare-gri","11":"pa_culoare-gri-melange-deschis","12":"pa_culoare-negru","13":"pa_culoare-rosu","14":"pa_culoare-verde-deschis","15":"pa_culoare-verde-inchis","16":"pa_marime-l","17":"pa_marime-m","18":"pa_marime-s","19":"pa_marime-xl","20":"pa_marime-xxl","21":"pa_size-l-2","22":"pa_size-m-2","23":"pa_size-s-2","24":"pa_size-xl-2","25":"pa_size-xxl-2","27":"first","28":"instock","29":"purchasable","30":"product-type-variable"},"_links":{"self":[{"href":"https:\/\/web2print.ro\/shop\/wp-json\/wp\/v2\/product\/108815","targetHints":{"allow":["GET"]}}],"collection":[{"href":"https:\/\/web2print.ro\/shop\/wp-json\/wp\/v2\/product"}],"about":[{"href":"https:\/\/web2print.ro\/shop\/wp-json\/wp\/v2\/types\/product"}],"replies":[{"embeddable":true,"href":"https:\/\/web2print.ro\/shop\/wp-json\/wp\/v2\/comments?post=108815"}],"wp:featuredmedia":[{"embeddable":true,"href":"https:\/\/web2print.ro\/shop\/wp-json\/wp\/v2\/media\/110262"}],"wp:attachment":[{"href":"https:\/\/web2print.ro\/shop\/wp-json\/wp\/v2\/media?parent=108815"}],"wp:term":[{"taxonomy":"product_brand","embeddable":true,"href":"https:\/\/web2print.ro\/shop\/wp-json\/wp\/v2\/product_brand?post=108815"},{"taxonomy":"product_cat","embeddable":true,"href":"https:\/\/web2print.ro\/shop\/wp-json\/wp\/v2\/product_cat?post=108815"},{"taxonomy":"product_tag","embeddable":true,"href":"https:\/\/web2print.ro\/shop\/wp-json\/wp\/v2\/product_tag?post=108815"}],"curies":[{"name":"wp","href":"https:\/\/api.w.org\/{rel}","templated":true}]}}