{"id":109074,"date":"2025-04-01T16:27:59","date_gmt":"2025-04-01T13:27:59","guid":{"rendered":"https:\/\/web-support.eu\/web2print\/product\/thc-bern-women-polo-maneca-lunga-pentru-dame\/"},"modified":"2026-05-06T17:16:08","modified_gmt":"2026-05-06T14:16:08","slug":"thc-bern-women-polo-maneca-lunga-pentru-dame","status":"publish","type":"product","link":"https:\/\/web2print.ro\/shop\/thc-bern-women-polo-maneca-lunga-pentru-dame\/","title":{"rendered":"THC BERN FEMEI. Polo m\u00e2nec\u0103 lung\u0103 pentru dame personalizat\u0103"},"content":{"rendered":"<p>Polo pentru dame cu maneca lunga din 100% bumbac pique (210 g\/m\u00b2). Culoarea 183: 85% bumbac\/15% viscoz\u0103. Guler \u0219i man\u0219ete striate, fenta cu 4 nasturi. Slituri laterale la terminatie. Nasture suplimentar pe cus\u0103tura interioar\u0103. Etichet\u0103 vizibil\u0103 deta\u0219abil\u0103. Marimi: S, M, L, XL, XXL<\/p>\n<table>\n<tr>\n<td><strong>Exterior cutie (m):<\/strong><\/td>\n<td>0.480X0.330X0.370<\/td>\n<\/tr>\n<tr>\n<td><strong>Greutate cutie (Kg.):<\/strong><\/td>\n<td>14<\/td>\n<\/tr>\n<tr>\n<td><strong>Exterior cutie (Pc.):<\/strong><\/td>\n<td>50<\/td>\n<\/tr>\n<tr>\n<td><strong>Interior cutie (Pc.):<\/strong><\/td>\n<td>5<\/td>\n<\/tr>\n<tr>\n<td><strong>Taric:<\/strong><\/td>\n<td>6110209900<\/td>\n<\/tr>\n<tr>\n<td><strong>\u021aara de origine:<\/strong><\/td>\n<td>Bangladesh<\/td>\n<\/tr>\n<tr>\n<td><strong>Ambalare individual\u0103:<\/strong><\/td>\n<td>Polybag<\/td>\n<\/tr>\n<tr>\n<td><strong>Ambalarea dup\u0103 imprimare:<\/strong><\/td>\n<td>Fara polybag<\/td>\n<\/tr>\n<tr>\n<td><strong>Certificate:<\/strong><\/td>\n<td>REACH, OEKO-TEX<\/td>\n<\/tr>\n<\/table>\n","protected":false},"excerpt":{"rendered":"<p>Polo pentru dame cu maneca lunga din 100% bumbac pique (210 g\/m\u00b2). Culoarea 183: 85% bumbac\/15% viscoz\u0103. Guler \u0219i man\u0219ete striate, fenta cu 4 nasturi. Slituri laterale la terminatie. Nasture suplimentar pe cus\u0103tura interioar\u0103. Etichet\u0103 vizibil\u0103 deta\u0219abil\u0103<\/p>\n","protected":false},"featured_media":29441,"comment_status":"closed","ping_status":"closed","template":"","meta":{"_joinchat":[]},"product_brand":[2753],"product_cat":[2650],"product_tag":[],"class_list":{"0":"post-109074","1":"product","2":"type-product","3":"status-publish","4":"has-post-thumbnail","6":"product_brand-hidea-ro","7":"product_cat-textile","8":"pa_culoare-albastru","9":"pa_culoare-albastru-royal","10":"pa_culoare-burgundia","11":"pa_culoare-eclipse-albastru","12":"pa_culoare-gri","13":"pa_culoare-gri-melange-deschis","14":"pa_culoare-negru","15":"pa_culoare-rosu","16":"pa_culoare-roz","17":"pa_marime-l","18":"pa_marime-m","19":"pa_marime-s","20":"pa_marime-xl","21":"pa_marime-xxl","22":"pa_size-l-2","23":"pa_size-m-2","24":"pa_size-s-2","25":"pa_size-xl-2","26":"pa_size-xxl-2","28":"first","29":"instock","30":"purchasable","31":"product-type-variable"},"_links":{"self":[{"href":"https:\/\/web2print.ro\/shop\/wp-json\/wp\/v2\/product\/109074","targetHints":{"allow":["GET"]}}],"collection":[{"href":"https:\/\/web2print.ro\/shop\/wp-json\/wp\/v2\/product"}],"about":[{"href":"https:\/\/web2print.ro\/shop\/wp-json\/wp\/v2\/types\/product"}],"replies":[{"embeddable":true,"href":"https:\/\/web2print.ro\/shop\/wp-json\/wp\/v2\/comments?post=109074"}],"wp:featuredmedia":[{"embeddable":true,"href":"https:\/\/web2print.ro\/shop\/wp-json\/wp\/v2\/media\/29441"}],"wp:attachment":[{"href":"https:\/\/web2print.ro\/shop\/wp-json\/wp\/v2\/media?parent=109074"}],"wp:term":[{"taxonomy":"product_brand","embeddable":true,"href":"https:\/\/web2print.ro\/shop\/wp-json\/wp\/v2\/product_brand?post=109074"},{"taxonomy":"product_cat","embeddable":true,"href":"https:\/\/web2print.ro\/shop\/wp-json\/wp\/v2\/product_cat?post=109074"},{"taxonomy":"product_tag","embeddable":true,"href":"https:\/\/web2print.ro\/shop\/wp-json\/wp\/v2\/product_tag?post=109074"}],"curies":[{"name":"wp","href":"https:\/\/api.w.org\/{rel}","templated":true}]}}