{"id":110689,"date":"2025-04-01T16:33:00","date_gmt":"2025-04-01T13:33:00","guid":{"rendered":"https:\/\/web-support.eu\/web2print\/product\/thc-san-marino-tricou-pentru-barbati\/"},"modified":"2026-05-06T17:42:52","modified_gmt":"2026-05-06T14:42:52","slug":"thc-san-marino-tricou-pentru-barbati","status":"publish","type":"product","link":"https:\/\/web2print.ro\/shop\/thc-san-marino-tricou-pentru-barbati\/","title":{"rendered":"THC SAN MARINO. Tricou pentru barbati personalizat"},"content":{"rendered":"<p>Tricou pentru barbati din bumbac pique 100% (195 g\/m\u00b2). Culoare 183: 85% bumbac\/15% viscoz\u0103. Model elegant si modern cu guler subtire, f\u0103r\u0103 etichet\u0103 pe guler. Regular fit. Marimi: S, M, L, XL, XXL<\/p>\n<table>\n<tr>\n<td><strong>Exterior cutie (m):<\/strong><\/td>\n<td>0.590&#215;0.390&#215;0.240<\/td>\n<\/tr>\n<tr>\n<td><strong>Greutate cutie (Kg.):<\/strong><\/td>\n<td>12<\/td>\n<\/tr>\n<tr>\n<td><strong>Exterior cutie (Pc.):<\/strong><\/td>\n<td>50<\/td>\n<\/tr>\n<tr>\n<td><strong>Interior cutie (Pc.):<\/strong><\/td>\n<td>5<\/td>\n<\/tr>\n<tr>\n<td><strong>Taric:<\/strong><\/td>\n<td>6109100010<\/td>\n<\/tr>\n<tr>\n<td><strong>\u021aara de origine:<\/strong><\/td>\n<td>Bangladesh<\/td>\n<\/tr>\n<tr>\n<td><strong>Ambalare individual\u0103:<\/strong><\/td>\n<td>Sacosa 5 buc<\/td>\n<\/tr>\n<tr>\n<td><strong>Certificate:<\/strong><\/td>\n<td>REACH, OEKO-TEX<\/td>\n<\/tr>\n<\/table>\n","protected":false},"excerpt":{"rendered":"<p>Tricou pentru barbati din bumbac pique 100% (195 g\/m\u00b2). Culoare 183: 85% bumbac\/15% viscoz\u0103. Model elegant si modern cu guler subtire, f\u0103r\u0103 etichet\u0103 pe guler. Regular fit<\/p>\n","protected":false},"featured_media":33103,"comment_status":"closed","ping_status":"closed","template":"","meta":{"_joinchat":[]},"product_brand":[2753],"product_cat":[2650],"product_tag":[],"class_list":{"0":"post-110689","1":"product","2":"type-product","3":"status-publish","4":"has-post-thumbnail","6":"product_brand-hidea-ro","7":"product_cat-textile","8":"pa_culoare-albastru","9":"pa_culoare-gri-melange-deschis","11":"first","12":"instock","13":"purchasable","14":"product-type-variable"},"_links":{"self":[{"href":"https:\/\/web2print.ro\/shop\/wp-json\/wp\/v2\/product\/110689","targetHints":{"allow":["GET"]}}],"collection":[{"href":"https:\/\/web2print.ro\/shop\/wp-json\/wp\/v2\/product"}],"about":[{"href":"https:\/\/web2print.ro\/shop\/wp-json\/wp\/v2\/types\/product"}],"replies":[{"embeddable":true,"href":"https:\/\/web2print.ro\/shop\/wp-json\/wp\/v2\/comments?post=110689"}],"wp:featuredmedia":[{"embeddable":true,"href":"https:\/\/web2print.ro\/shop\/wp-json\/wp\/v2\/media\/33103"}],"wp:attachment":[{"href":"https:\/\/web2print.ro\/shop\/wp-json\/wp\/v2\/media?parent=110689"}],"wp:term":[{"taxonomy":"product_brand","embeddable":true,"href":"https:\/\/web2print.ro\/shop\/wp-json\/wp\/v2\/product_brand?post=110689"},{"taxonomy":"product_cat","embeddable":true,"href":"https:\/\/web2print.ro\/shop\/wp-json\/wp\/v2\/product_cat?post=110689"},{"taxonomy":"product_tag","embeddable":true,"href":"https:\/\/web2print.ro\/shop\/wp-json\/wp\/v2\/product_tag?post=110689"}],"curies":[{"name":"wp","href":"https:\/\/api.w.org\/{rel}","templated":true}]}}