{"id":110797,"date":"2025-04-01T16:33:00","date_gmt":"2025-04-01T13:33:00","guid":{"rendered":"https:\/\/web-support.eu\/web2print\/product\/thc-dublin-kids-windbreaker-pentru-copii\/"},"modified":"2025-12-10T10:23:38","modified_gmt":"2025-12-10T08:23:38","slug":"thc-dublin-kids-windbreaker-pentru-copii","status":"publish","type":"product","link":"https:\/\/web2print.ro\/shop\/thc-dublin-kids-windbreaker-pentru-copii\/","title":{"rendered":"THC DUBLIN KIDS. Geac\u0103 de v\u00e2nt pentru copii personalizat\u0103"},"content":{"rendered":"<p>Windbreaker pentru copii 100% poliester (65 g\/m\u00b2). Gluga cu dopuri \u0219i c\u0103ptu\u0219eal\u0103 de plas\u0103. Buzunare laterale cu \u00eenchidere din plastic. Prindere elastic\u0103 cu dopuri \u00een partea inferioar\u0103. Etichet\u0103 vizibil\u0103 deta\u0219abil\u0103. Etichet\u0103 vizibil\u0103 deta\u0219abil\u0103. Marimi: 6, 8, 10, 12, 14<\/p>\n<table>\n<tr>\n<td><strong>Exterior cutie (m):<\/strong><\/td>\n<td>0.610X0.230X0.420<\/td>\n<\/tr>\n<tr>\n<td><strong>Greutate cutie (Kg.):<\/strong><\/td>\n<td>8<\/td>\n<\/tr>\n<tr>\n<td><strong>Exterior cutie (Pc.):<\/strong><\/td>\n<td>50<\/td>\n<\/tr>\n<tr>\n<td><strong>Interior cutie (Pc.):<\/strong><\/td>\n<td>5<\/td>\n<\/tr>\n<tr>\n<td><strong>Taric:<\/strong><\/td>\n<td>6209300090<\/td>\n<\/tr>\n<tr>\n<td><strong>\u021aara de origine:<\/strong><\/td>\n<td>Bangladesh<\/td>\n<\/tr>\n<tr>\n<td><strong>Ambalare individual\u0103:<\/strong><\/td>\n<td>Polybag<\/td>\n<\/tr>\n<tr>\n<td><strong>Ambalarea dup\u0103 imprimare:<\/strong><\/td>\n<td>Fara polybag<\/td>\n<\/tr>\n<tr>\n<td><strong>Certificate:<\/strong><\/td>\n<td>REACH, OEKO-TEX<\/td>\n<\/tr>\n<\/table>\n","protected":false},"excerpt":{"rendered":"<p>Windbreaker pentru copii 100% poliester (65 g\/m\u00b2). Gluga cu dopuri \u0219i c\u0103ptu\u0219eal\u0103 de plas\u0103. Buzunare laterale cu \u00eenchidere din plastic. Prindere elastic\u0103 cu dopuri \u00een partea inferioar\u0103. Etichet\u0103 vizibil\u0103 deta\u0219abil\u0103. Etichet\u0103 vizibil\u0103 deta\u0219abil\u0103<\/p>\n","protected":false},"featured_media":33451,"comment_status":"closed","ping_status":"closed","template":"","meta":{"_joinchat":[]},"product_brand":[2753],"product_cat":[2650],"product_tag":[],"class_list":{"0":"post-110797","1":"product","2":"type-product","3":"status-publish","4":"has-post-thumbnail","6":"product_brand-hidea-ro","7":"product_cat-textile","8":"pa_culoare-albastru-marin","9":"pa_culoare-albastru-royal","10":"pa_marime-497","11":"pa_marime-498","12":"pa_marime-506","13":"pa_marime-501","15":"first","16":"instock","17":"purchasable","18":"product-type-variable"},"_links":{"self":[{"href":"https:\/\/web2print.ro\/shop\/wp-json\/wp\/v2\/product\/110797","targetHints":{"allow":["GET"]}}],"collection":[{"href":"https:\/\/web2print.ro\/shop\/wp-json\/wp\/v2\/product"}],"about":[{"href":"https:\/\/web2print.ro\/shop\/wp-json\/wp\/v2\/types\/product"}],"replies":[{"embeddable":true,"href":"https:\/\/web2print.ro\/shop\/wp-json\/wp\/v2\/comments?post=110797"}],"wp:featuredmedia":[{"embeddable":true,"href":"https:\/\/web2print.ro\/shop\/wp-json\/wp\/v2\/media\/33451"}],"wp:attachment":[{"href":"https:\/\/web2print.ro\/shop\/wp-json\/wp\/v2\/media?parent=110797"}],"wp:term":[{"taxonomy":"product_brand","embeddable":true,"href":"https:\/\/web2print.ro\/shop\/wp-json\/wp\/v2\/product_brand?post=110797"},{"taxonomy":"product_cat","embeddable":true,"href":"https:\/\/web2print.ro\/shop\/wp-json\/wp\/v2\/product_cat?post=110797"},{"taxonomy":"product_tag","embeddable":true,"href":"https:\/\/web2print.ro\/shop\/wp-json\/wp\/v2\/product_tag?post=110797"}],"curies":[{"name":"wp","href":"https:\/\/api.w.org\/{rel}","templated":true}]}}