{"id":110898,"date":"2025-04-01T16:34:09","date_gmt":"2025-04-01T13:34:09","guid":{"rendered":"https:\/\/web-support.eu\/web2print\/product\/thc-oporto-jacheta-sport\/"},"modified":"2025-12-10T10:23:48","modified_gmt":"2025-12-10T08:23:48","slug":"thc-oporto-jacheta-sport","status":"publish","type":"product","link":"https:\/\/web2print.ro\/shop\/thc-oporto-jacheta-sport\/","title":{"rendered":"THC OPORTO. Jacheta sport personalizat\u0103"},"content":{"rendered":"<p>Jachet\u0103 sport din 100% poliester (60 g\/m\u00b2). Cu o croial\u0103 modern\u0103, aceast\u0103 jachet\u0103 sport con\u021bine 2 buzunare frontale \u0219i detalii bicolore. Acces cu fermoar la spate pentru o personalizare u\u0219oar\u0103. Marimi: S, M, L, XL, XXL<\/p>\n<table>\n<tr>\n<td><strong>Exterior cutie (m):<\/strong><\/td>\n<td>0.450&#215;0.375&#215;0.300<\/td>\n<\/tr>\n<tr>\n<td><strong>Greutate cutie (Kg.):<\/strong><\/td>\n<td>8<\/td>\n<\/tr>\n<tr>\n<td><strong>Exterior cutie (Pc.):<\/strong><\/td>\n<td>20<\/td>\n<\/tr>\n<tr>\n<td><strong>Interior cutie (Pc.):<\/strong><\/td>\n<td>1<\/td>\n<\/tr>\n<tr>\n<td><strong>Taric:<\/strong><\/td>\n<td>6201131090<\/td>\n<\/tr>\n<tr>\n<td><strong>\u021aara de origine:<\/strong><\/td>\n<td>Bangladesh<\/td>\n<\/tr>\n<tr>\n<td><strong>Certificate:<\/strong><\/td>\n<td>REACH, OEKO-TEX<\/td>\n<\/tr>\n<\/table>\n","protected":false},"excerpt":{"rendered":"<p>Jachet\u0103 sport din 100% poliester (60 g\/m\u00b2). Cu o croial\u0103 modern\u0103, aceast\u0103 jachet\u0103 sport con\u021bine 2 buzunare frontale \u0219i detalii bicolore. Acces cu fermoar la spate pentru o personalizare u\u0219oar\u0103<\/p>\n","protected":false},"featured_media":466140,"comment_status":"closed","ping_status":"closed","template":"","meta":{"_joinchat":[]},"product_brand":[2753],"product_cat":[2650],"product_tag":[],"class_list":{"0":"post-110898","1":"product","2":"type-product","3":"status-publish","4":"has-post-thumbnail","6":"product_brand-hidea-ro","7":"product_cat-textile","8":"pa_culoare-albastru-marin","9":"pa_culoare-negru","10":"pa_culoare-rosu","11":"pa_culoare-verde-armata","13":"first","14":"instock","15":"purchasable","16":"product-type-variable"},"_links":{"self":[{"href":"https:\/\/web2print.ro\/shop\/wp-json\/wp\/v2\/product\/110898","targetHints":{"allow":["GET"]}}],"collection":[{"href":"https:\/\/web2print.ro\/shop\/wp-json\/wp\/v2\/product"}],"about":[{"href":"https:\/\/web2print.ro\/shop\/wp-json\/wp\/v2\/types\/product"}],"replies":[{"embeddable":true,"href":"https:\/\/web2print.ro\/shop\/wp-json\/wp\/v2\/comments?post=110898"}],"wp:featuredmedia":[{"embeddable":true,"href":"https:\/\/web2print.ro\/shop\/wp-json\/wp\/v2\/media\/466140"}],"wp:attachment":[{"href":"https:\/\/web2print.ro\/shop\/wp-json\/wp\/v2\/media?parent=110898"}],"wp:term":[{"taxonomy":"product_brand","embeddable":true,"href":"https:\/\/web2print.ro\/shop\/wp-json\/wp\/v2\/product_brand?post=110898"},{"taxonomy":"product_cat","embeddable":true,"href":"https:\/\/web2print.ro\/shop\/wp-json\/wp\/v2\/product_cat?post=110898"},{"taxonomy":"product_tag","embeddable":true,"href":"https:\/\/web2print.ro\/shop\/wp-json\/wp\/v2\/product_tag?post=110898"}],"curies":[{"name":"wp","href":"https:\/\/api.w.org\/{rel}","templated":true}]}}