{"id":110949,"date":"2025-06-10T15:22:36","date_gmt":"2025-06-10T12:22:36","guid":{"rendered":"https:\/\/web-support.eu\/web2print\/product\/thc-bratislava-geaca-unisex\/"},"modified":"2026-05-06T17:47:02","modified_gmt":"2026-05-06T14:47:02","slug":"thc-bratislava-geaca-unisex","status":"publish","type":"product","link":"https:\/\/web2print.ro\/shop\/thc-bratislava-geaca-unisex\/","title":{"rendered":"THC BRATISLAVA. Geac\u0103 unisex personalizat\u0103"},"content":{"rendered":"<p>Jachet\u0103 din 98% bumbac \u0219i 2% elastan (240 g\/m\u00b2).<\/p>\n<p>Croial\u0103 modern\u0103, cu dou\u0103 pense la spate \u0219i elastic la man\u0219ete \u0219i \u00een talie. \u00cenchiderea se face cu nasturi tip capse. Include dou\u0103 buzunare la spate \u0219i un buzunar la piept.<\/p>\n<p>M\u0103rimi disponibile: S, M, L, XL, XXL, 3XL.<\/p>\n<table>\n<tr>\n<td><strong>Exterior box (m):<\/strong><\/td>\n<td>0.600X0.200X0.400<\/td>\n<\/tr>\n<tr>\n<td><strong>Box weight (Kg.):<\/strong><\/td>\n<td>9.5<\/td>\n<\/tr>\n<tr>\n<td><strong>Exterior box (Pc.):<\/strong><\/td>\n<td>20<\/td>\n<\/tr>\n<tr>\n<td><strong>Interior box (Pc.):<\/strong><\/td>\n<td>1<\/td>\n<\/tr>\n<tr>\n<td><strong>Taric:<\/strong><\/td>\n<td>6204110000<\/td>\n<\/tr>\n<tr>\n<td><strong>Country of Origin:<\/strong><\/td>\n<td>Bangladesh<\/td>\n<\/tr>\n<tr>\n<td><strong>Individual packing:<\/strong><\/td>\n<td>Polybag<\/td>\n<\/tr>\n<tr>\n<td><strong>Packing after Printing:<\/strong><\/td>\n<td>Without individual polybag<\/td>\n<\/tr>\n<tr>\n<td><strong>Certificates:<\/strong><\/td>\n<td>REACH, OEKO-TEX<\/td>\n<\/tr>\n<\/table>\n","protected":false},"excerpt":{"rendered":"<p>Jachet\u0103 98% bumbac \u0219i 2% elastan (240 g\/m\u00b2). Cu croial\u0103 modern\u0103, con\u021bine 2 s\u0103ge\u021bi pe spate \u0219i elastic la \u00eencheietura m\u00e2inii \u0219i \u00een talie. \u00cencheierea se face prin nasturi cu clichet. Include 2 buzunare la spate \u0219i 1 buzunar la piept<\/p>\n","protected":false},"featured_media":33951,"comment_status":"closed","ping_status":"open","template":"","meta":{"_joinchat":[]},"product_brand":[2753],"product_cat":[2650],"product_tag":[],"class_list":{"0":"post-110949","1":"product","2":"type-product","3":"status-publish","4":"has-post-thumbnail","6":"product_brand-hidea-ro","7":"product_cat-textile","8":"pa_size-3xl-2","9":"pa_size-l-2","10":"pa_size-m-2","11":"pa_size-s-2","12":"pa_size-xl-2","13":"pa_size-xxl-2","15":"first","16":"instock","17":"taxable","18":"shipping-taxable","19":"product-type-variable"},"_links":{"self":[{"href":"https:\/\/web2print.ro\/shop\/wp-json\/wp\/v2\/product\/110949","targetHints":{"allow":["GET"]}}],"collection":[{"href":"https:\/\/web2print.ro\/shop\/wp-json\/wp\/v2\/product"}],"about":[{"href":"https:\/\/web2print.ro\/shop\/wp-json\/wp\/v2\/types\/product"}],"replies":[{"embeddable":true,"href":"https:\/\/web2print.ro\/shop\/wp-json\/wp\/v2\/comments?post=110949"}],"wp:featuredmedia":[{"embeddable":true,"href":"https:\/\/web2print.ro\/shop\/wp-json\/wp\/v2\/media\/33951"}],"wp:attachment":[{"href":"https:\/\/web2print.ro\/shop\/wp-json\/wp\/v2\/media?parent=110949"}],"wp:term":[{"taxonomy":"product_brand","embeddable":true,"href":"https:\/\/web2print.ro\/shop\/wp-json\/wp\/v2\/product_brand?post=110949"},{"taxonomy":"product_cat","embeddable":true,"href":"https:\/\/web2print.ro\/shop\/wp-json\/wp\/v2\/product_cat?post=110949"},{"taxonomy":"product_tag","embeddable":true,"href":"https:\/\/web2print.ro\/shop\/wp-json\/wp\/v2\/product_tag?post=110949"}],"curies":[{"name":"wp","href":"https:\/\/api.w.org\/{rel}","templated":true}]}}