{"id":110974,"date":"2025-06-10T15:22:38","date_gmt":"2025-06-10T12:22:38","guid":{"rendered":"https:\/\/web-support.eu\/web2print\/product\/thc-minsk-bata-de-lucru-unisex\/"},"modified":"2026-05-06T17:47:04","modified_gmt":"2026-05-06T14:47:04","slug":"thc-minsk-bata-de-lucru-unisex","status":"publish","type":"product","link":"https:\/\/web2print.ro\/shop\/thc-minsk-bata-de-lucru-unisex\/","title":{"rendered":"THC MINSK. Bata de lucru unisex personalizat\u0103"},"content":{"rendered":"<p>\u0218or\u021b de lucru (unisex) confec\u021bionat din 20% bumbac \u0219i 80% poliester (190 g\/m\u00b2). Prezint\u0103 o croial\u0103 elegant\u0103 \u0219i modern\u0103, cu guler stilizat \u0219i dou\u0103 buzunare laterale. Man\u0219etele sunt elastice, iar \u00eenchiderea se face cu nasturi tip capse. Dispune de o deschidere la spate pentru o libertate de mi\u0219care sporit\u0103.<\/p>\n<p>M\u0103rimi: S, M, L, XL, XXL, 3XL.<\/p>\n<table>\n<tr>\n<td><strong>Exterior box (m):<\/strong><\/td>\n<td>0.600X0.200X0.400<\/td>\n<\/tr>\n<tr>\n<td><strong>Box weight (Kg.):<\/strong><\/td>\n<td>10<\/td>\n<\/tr>\n<tr>\n<td><strong>Exterior box (Pc.):<\/strong><\/td>\n<td>20<\/td>\n<\/tr>\n<tr>\n<td><strong>Interior box (Pc.):<\/strong><\/td>\n<td>1<\/td>\n<\/tr>\n<tr>\n<td><strong>Taric:<\/strong><\/td>\n<td>6204110000<\/td>\n<\/tr>\n<tr>\n<td><strong>Country of Origin:<\/strong><\/td>\n<td>Bangladesh<\/td>\n<\/tr>\n<tr>\n<td><strong>Individual packing:<\/strong><\/td>\n<td>Polybag<\/td>\n<\/tr>\n<tr>\n<td><strong>Packing after Printing:<\/strong><\/td>\n<td>Without individual polybag<\/td>\n<\/tr>\n<tr>\n<td><strong>Certificates:<\/strong><\/td>\n<td>REACH, OEKO-TEX<\/td>\n<\/tr>\n<\/table>\n","protected":false},"excerpt":{"rendered":"<p>Imbr\u0103c\u0103minte de lucru unisex. 20% bumbac \u0219i 80% poliester: 190 g\/m\u00b2. Guler stilizat. Decupaj elegant cu 2 buzunare laterale. Man\u0219ete elastice. Se \u00eenchide cu butoane de blocare. Deschidere pe spate pentru libertate de mi\u0219care<\/p>\n","protected":false},"featured_media":33983,"comment_status":"closed","ping_status":"open","template":"","meta":{"_joinchat":[]},"product_brand":[2753],"product_cat":[2650],"product_tag":[],"class_list":{"0":"post-110974","1":"product","2":"type-product","3":"status-publish","4":"has-post-thumbnail","6":"product_brand-hidea-ro","7":"product_cat-textile","8":"pa_size-s-2","10":"first","11":"instock","12":"taxable","13":"shipping-taxable","14":"purchasable","15":"product-type-variable"},"_links":{"self":[{"href":"https:\/\/web2print.ro\/shop\/wp-json\/wp\/v2\/product\/110974","targetHints":{"allow":["GET"]}}],"collection":[{"href":"https:\/\/web2print.ro\/shop\/wp-json\/wp\/v2\/product"}],"about":[{"href":"https:\/\/web2print.ro\/shop\/wp-json\/wp\/v2\/types\/product"}],"replies":[{"embeddable":true,"href":"https:\/\/web2print.ro\/shop\/wp-json\/wp\/v2\/comments?post=110974"}],"wp:featuredmedia":[{"embeddable":true,"href":"https:\/\/web2print.ro\/shop\/wp-json\/wp\/v2\/media\/33983"}],"wp:attachment":[{"href":"https:\/\/web2print.ro\/shop\/wp-json\/wp\/v2\/media?parent=110974"}],"wp:term":[{"taxonomy":"product_brand","embeddable":true,"href":"https:\/\/web2print.ro\/shop\/wp-json\/wp\/v2\/product_brand?post=110974"},{"taxonomy":"product_cat","embeddable":true,"href":"https:\/\/web2print.ro\/shop\/wp-json\/wp\/v2\/product_cat?post=110974"},{"taxonomy":"product_tag","embeddable":true,"href":"https:\/\/web2print.ro\/shop\/wp-json\/wp\/v2\/product_tag?post=110974"}],"curies":[{"name":"wp","href":"https:\/\/api.w.org\/{rel}","templated":true}]}}