{"id":110982,"date":"2025-06-10T15:22:35","date_gmt":"2025-06-10T12:22:35","guid":{"rendered":"https:\/\/web-support.eu\/web2print\/product\/thc-astana-geaca-unisex\/"},"modified":"2026-05-06T17:51:02","modified_gmt":"2026-05-06T14:51:02","slug":"thc-astana-geaca-unisex","status":"publish","type":"product","link":"https:\/\/web2print.ro\/shop\/thc-astana-geaca-unisex\/","title":{"rendered":"THC ASTANA. Geac\u0103 unisex personalizat\u0103"},"content":{"rendered":"<p>Jachet\u0103 Unisex C\u0103ptu\u0219it\u0103<br \/>\nAceast\u0103 jachet\u0103 unisex c\u0103ptu\u0219it\u0103 este fabricat\u0103 dintr-un material exterior de 100% poliester Oxford cu strat acrilic (170 g\/m\u00b2), cu o umplutur\u0103 de 100% poliester (75 g\/m\u00b2) \u0219i un interior din tafta de 100% poliester (65 g\/m\u00b2).<\/p>\n<p>Este extrem de versatil\u0103, put\u00e2nd fi convertit\u0103 \u00een vest\u0103 datorit\u0103 m\u00e2necilor deta\u0219abile cu fermoar. Gulerul este c\u0103ptu\u0219it cu plas\u0103 polar\u0103 pentru un plus de confort, iar jacheta dispune de trei buzunare cu fermoar.<\/p>\n<p>Include un acces cu fermoar la spate pentru o personalizare u\u0219oar\u0103.<\/p>\n<p>M\u0103rimi disponibile: S, M, L, XL, XXL, 3XL.<\/p>\n<table>\n<tr>\n<td><strong>Exterior box (m):<\/strong><\/td>\n<td>0.600X0.220X0.400<\/td>\n<\/tr>\n<tr>\n<td><strong>Box weight (Kg.):<\/strong><\/td>\n<td>7<\/td>\n<\/tr>\n<tr>\n<td><strong>Exterior box (Pc.):<\/strong><\/td>\n<td>10<\/td>\n<\/tr>\n<tr>\n<td><strong>Interior box (Pc.):<\/strong><\/td>\n<td>1<\/td>\n<\/tr>\n<tr>\n<td><strong>Taric:<\/strong><\/td>\n<td>6110309100<\/td>\n<\/tr>\n<tr>\n<td><strong>Country of Origin:<\/strong><\/td>\n<td>Bangladesh<\/td>\n<\/tr>\n<tr>\n<td><strong>Individual packing:<\/strong><\/td>\n<td>Polybag<\/td>\n<\/tr>\n<tr>\n<td><strong>Packing after Printing:<\/strong><\/td>\n<td>Without individual polybag<\/td>\n<\/tr>\n<tr>\n<td><strong>Certificates:<\/strong><\/td>\n<td>REACH, OEKO-TEX<\/td>\n<\/tr>\n<\/table>\n","protected":false},"excerpt":{"rendered":"<p>Jachet\u0103 unisex c\u0103ptu\u0219it\u0103 (exterior: 170 g\/m\u00b2 100% poliester oxford cu strat acrilic, umplutur\u0103: 75 g\/m\u00b2 100% poliester, interior: 65 g\/m\u00b2 100% poliester tafta). Convertibil\u0103 \u00een vest\u0103, cu m\u00e2neci deta\u0219abile cu fermoar. Con\u021bine un guler c\u0103ptu\u0219it cu plas\u0103 polar\u0103 \u0219i trei buzunare cu fermoar. Acces cu fermoar la spate pentru o personalizare u\u0219oar\u0103<\/p>\n","protected":false},"featured_media":34048,"comment_status":"closed","ping_status":"open","template":"","meta":{"_joinchat":[]},"product_brand":[2753],"product_cat":[2650],"product_tag":[],"class_list":{"0":"post-110982","1":"product","2":"type-product","3":"status-publish","4":"has-post-thumbnail","6":"product_brand-hidea-ro","7":"product_cat-textile","8":"pa_size-3xl-2","9":"pa_size-l-2","10":"pa_size-m-2","11":"pa_size-s-2","12":"pa_size-xl-2","13":"pa_size-xxl-2","15":"first","16":"instock","17":"taxable","18":"shipping-taxable","19":"product-type-variable"},"_links":{"self":[{"href":"https:\/\/web2print.ro\/shop\/wp-json\/wp\/v2\/product\/110982","targetHints":{"allow":["GET"]}}],"collection":[{"href":"https:\/\/web2print.ro\/shop\/wp-json\/wp\/v2\/product"}],"about":[{"href":"https:\/\/web2print.ro\/shop\/wp-json\/wp\/v2\/types\/product"}],"replies":[{"embeddable":true,"href":"https:\/\/web2print.ro\/shop\/wp-json\/wp\/v2\/comments?post=110982"}],"wp:featuredmedia":[{"embeddable":true,"href":"https:\/\/web2print.ro\/shop\/wp-json\/wp\/v2\/media\/34048"}],"wp:attachment":[{"href":"https:\/\/web2print.ro\/shop\/wp-json\/wp\/v2\/media?parent=110982"}],"wp:term":[{"taxonomy":"product_brand","embeddable":true,"href":"https:\/\/web2print.ro\/shop\/wp-json\/wp\/v2\/product_brand?post=110982"},{"taxonomy":"product_cat","embeddable":true,"href":"https:\/\/web2print.ro\/shop\/wp-json\/wp\/v2\/product_cat?post=110982"},{"taxonomy":"product_tag","embeddable":true,"href":"https:\/\/web2print.ro\/shop\/wp-json\/wp\/v2\/product_tag?post=110982"}],"curies":[{"name":"wp","href":"https:\/\/api.w.org\/{rel}","templated":true}]}}