{"id":111001,"date":"2025-06-10T15:22:32","date_gmt":"2025-06-10T12:22:32","guid":{"rendered":"https:\/\/web-support.eu\/web2print\/product\/thc-baku-vesta-softshell-unisex\/"},"modified":"2026-05-06T17:55:06","modified_gmt":"2026-05-06T14:55:06","slug":"thc-baku-vesta-softshell-unisex","status":"publish","type":"product","link":"https:\/\/web2print.ro\/shop\/thc-baku-vesta-softshell-unisex\/","title":{"rendered":"THC BAKU. Vesta softshell unisex personalizat\u0103"},"content":{"rendered":"<p>Vest\u0103 softshell unisex<br \/>\nAceast\u0103 vest\u0103 softshell unisex este confec\u021bionat\u0103 din dou\u0103 straturi de material (280 g\/m\u00b2), cu o compozi\u021bie de 96% poliester \u0219i 4% elastan. Este o vest\u0103 rezistent\u0103 la ap\u0103 \u0219i are o croial\u0103 special\u0103, cu spatele mai lung dec\u00e2t partea din fa\u021b\u0103.<\/p>\n<p>Dispune de trei buzunare: dou\u0103 buzunare laterale cu fermoar \u0219i un buzunar la piept cu refilet dublu. Zona de personalizare are un acces facil.<\/p>\n<p>Disponibil\u0103 \u00een m\u0103rimile: S, M, L, XL, XXL, 3XL.<\/p>\n<table>\n<tr>\n<td><strong>Exterior box (m):<\/strong><\/td>\n<td>0.600X0.280X0.400<\/td>\n<\/tr>\n<tr>\n<td><strong>Box weight (Kg.):<\/strong><\/td>\n<td>14<\/td>\n<\/tr>\n<tr>\n<td><strong>Exterior box (Pc.):<\/strong><\/td>\n<td>20<\/td>\n<\/tr>\n<tr>\n<td><strong>Interior box (Pc.):<\/strong><\/td>\n<td>1<\/td>\n<\/tr>\n<tr>\n<td><strong>Taric:<\/strong><\/td>\n<td>6110309100<\/td>\n<\/tr>\n<tr>\n<td><strong>Country of Origin:<\/strong><\/td>\n<td>Bangladesh<\/td>\n<\/tr>\n<tr>\n<td><strong>Individual packing:<\/strong><\/td>\n<td>Polybag<\/td>\n<\/tr>\n<tr>\n<td><strong>Packing after Printing:<\/strong><\/td>\n<td>Without individual polybag<\/td>\n<\/tr>\n<tr>\n<td><strong>Certificates:<\/strong><\/td>\n<td>REACH, OEKO-TEX<\/td>\n<\/tr>\n<\/table>\n","protected":false},"excerpt":{"rendered":"<p>Vesta softshell unisex. 96% poliester \u0219i 4% spandex cu 2 straturi: 280 g\/m\u00b2. Acoperire hidrofug\u0103. 3 buzunare: buzunar simplu pe piept \u0219i 2 buzunare laterale cu fermoar. Partea inferioara pe spate e mai lunga dec\u00e2t partea din fa\u021b\u0103. Zona de personalizare cu acces usor<\/p>\n","protected":false},"featured_media":34129,"comment_status":"closed","ping_status":"open","template":"","meta":{"_joinchat":[]},"product_brand":[2753],"product_cat":[2650],"product_tag":[],"class_list":{"0":"post-111001","1":"product","2":"type-product","3":"status-publish","4":"has-post-thumbnail","6":"product_brand-hidea-ro","7":"product_cat-textile","8":"pa_size-3xl-2","9":"pa_size-l-2","10":"pa_size-m-2","11":"pa_size-s-2","12":"pa_size-xl-2","13":"pa_size-xxl-2","15":"first","16":"instock","17":"taxable","18":"shipping-taxable","19":"product-type-variable"},"_links":{"self":[{"href":"https:\/\/web2print.ro\/shop\/wp-json\/wp\/v2\/product\/111001","targetHints":{"allow":["GET"]}}],"collection":[{"href":"https:\/\/web2print.ro\/shop\/wp-json\/wp\/v2\/product"}],"about":[{"href":"https:\/\/web2print.ro\/shop\/wp-json\/wp\/v2\/types\/product"}],"replies":[{"embeddable":true,"href":"https:\/\/web2print.ro\/shop\/wp-json\/wp\/v2\/comments?post=111001"}],"wp:featuredmedia":[{"embeddable":true,"href":"https:\/\/web2print.ro\/shop\/wp-json\/wp\/v2\/media\/34129"}],"wp:attachment":[{"href":"https:\/\/web2print.ro\/shop\/wp-json\/wp\/v2\/media?parent=111001"}],"wp:term":[{"taxonomy":"product_brand","embeddable":true,"href":"https:\/\/web2print.ro\/shop\/wp-json\/wp\/v2\/product_brand?post=111001"},{"taxonomy":"product_cat","embeddable":true,"href":"https:\/\/web2print.ro\/shop\/wp-json\/wp\/v2\/product_cat?post=111001"},{"taxonomy":"product_tag","embeddable":true,"href":"https:\/\/web2print.ro\/shop\/wp-json\/wp\/v2\/product_tag?post=111001"}],"curies":[{"name":"wp","href":"https:\/\/api.w.org\/{rel}","templated":true}]}}