{"id":111034,"date":"2025-06-10T15:22:34","date_gmt":"2025-06-10T12:22:34","guid":{"rendered":"https:\/\/web-support.eu\/web2print\/product\/thc-brussels-parka-unisex-captusita\/"},"modified":"2026-05-06T17:55:07","modified_gmt":"2026-05-06T14:55:07","slug":"thc-brussels-parka-unisex-captusita","status":"publish","type":"product","link":"https:\/\/web2print.ro\/shop\/thc-brussels-parka-unisex-captusita\/","title":{"rendered":"THC Bruxelles. Parka unisex c\u0103ptu\u0219it\u0103 personalizat\u0103"},"content":{"rendered":"<p>Parka lung\u0103 c\u0103ptu\u0219it\u0103 unisex<br \/>\nAceast\u0103 parka lung\u0103 c\u0103ptu\u0219it\u0103 (unisex) este fabricat\u0103 integral din 100% poliester. Materialul exterior este un pongee de poliester 300T (75 g\/m\u00b2) cu strat protector, interiorul este din poliester 100% (50 g\/m\u00b2), iar umplutura dens\u0103 are 335 g\/m\u00b2.<\/p>\n<p>Este o parka cald\u0103 \u0219i robust\u0103, cu o glug\u0103 c\u0103ptu\u0219it\u0103 \u0219i umplut\u0103, man\u0219ete elastice \u0219i cus\u0103turi decorative. Beneficiaz\u0103 de buzunare interioare \u0219i buzunare frontale cu fermoare impermeabile.<\/p>\n<p>Disponibil\u0103 \u00een m\u0103rimile: S, M, L, XL, XXL.<\/p>\n<table>\n<tr>\n<td><strong>Exterior box (m):<\/strong><\/td>\n<td>0.620X0.460X0.400<\/td>\n<\/tr>\n<tr>\n<td><strong>Box weight (Kg.):<\/strong><\/td>\n<td>16<\/td>\n<\/tr>\n<tr>\n<td><strong>Exterior box (Pc.):<\/strong><\/td>\n<td>10<\/td>\n<\/tr>\n<tr>\n<td><strong>Interior box (Pc.):<\/strong><\/td>\n<td>1<\/td>\n<\/tr>\n<tr>\n<td><strong>Taric:<\/strong><\/td>\n<td>6201301011<\/td>\n<\/tr>\n<tr>\n<td><strong>Country of Origin:<\/strong><\/td>\n<td>Bangladesh<\/td>\n<\/tr>\n<tr>\n<td><strong>Individual packing:<\/strong><\/td>\n<td>Polybag<\/td>\n<\/tr>\n<tr>\n<td><strong>Packing after Printing:<\/strong><\/td>\n<td>Without individual polybag<\/td>\n<\/tr>\n<tr>\n<td><strong>Certificates:<\/strong><\/td>\n<td>REACH, OEKO-TEX<\/td>\n<\/tr>\n<\/table>\n","protected":false},"excerpt":{"rendered":"<p>Parka unisex captusita. 100% Poliester (exterior: 75 g\/m\u00b2 300T poliester pongee, interior: 100% polyester 50 g\/m\u00b2, umplere: 335g\/m\u00b2). Cu buzunare interioare \u0219i man\u0219ete elastice. Parca calda cu elemente decorative si fermoare impermeabile<\/p>\n","protected":false},"featured_media":34222,"comment_status":"closed","ping_status":"open","template":"","meta":{"_joinchat":[]},"product_brand":[2753],"product_cat":[2650],"product_tag":[],"class_list":{"0":"post-111034","1":"product","2":"type-product","3":"status-publish","4":"has-post-thumbnail","6":"product_brand-hidea-ro","7":"product_cat-textile","8":"pa_size-l-2","9":"pa_size-m-2","10":"pa_size-s-2","11":"pa_size-xl-2","12":"pa_size-xxl-2","14":"first","15":"instock","16":"taxable","17":"shipping-taxable","18":"product-type-variable"},"_links":{"self":[{"href":"https:\/\/web2print.ro\/shop\/wp-json\/wp\/v2\/product\/111034","targetHints":{"allow":["GET"]}}],"collection":[{"href":"https:\/\/web2print.ro\/shop\/wp-json\/wp\/v2\/product"}],"about":[{"href":"https:\/\/web2print.ro\/shop\/wp-json\/wp\/v2\/types\/product"}],"replies":[{"embeddable":true,"href":"https:\/\/web2print.ro\/shop\/wp-json\/wp\/v2\/comments?post=111034"}],"wp:featuredmedia":[{"embeddable":true,"href":"https:\/\/web2print.ro\/shop\/wp-json\/wp\/v2\/media\/34222"}],"wp:attachment":[{"href":"https:\/\/web2print.ro\/shop\/wp-json\/wp\/v2\/media?parent=111034"}],"wp:term":[{"taxonomy":"product_brand","embeddable":true,"href":"https:\/\/web2print.ro\/shop\/wp-json\/wp\/v2\/product_brand?post=111034"},{"taxonomy":"product_cat","embeddable":true,"href":"https:\/\/web2print.ro\/shop\/wp-json\/wp\/v2\/product_cat?post=111034"},{"taxonomy":"product_tag","embeddable":true,"href":"https:\/\/web2print.ro\/shop\/wp-json\/wp\/v2\/product_tag?post=111034"}],"curies":[{"name":"wp","href":"https:\/\/api.w.org\/{rel}","templated":true}]}}