{"id":111092,"date":"2025-06-10T15:22:26","date_gmt":"2025-06-10T12:22:26","guid":{"rendered":"https:\/\/web-support.eu\/web2print\/product\/thc-gama-women-jacheta-din-softshell\/"},"modified":"2026-05-06T18:00:06","modified_gmt":"2026-05-06T15:00:06","slug":"thc-gama-women-jacheta-din-softshell","status":"publish","type":"product","link":"https:\/\/web2print.ro\/shop\/thc-gama-women-jacheta-din-softshell\/","title":{"rendered":"THC GAMA FEMEI. Jachet\u0103 din softshell personalizat\u0103"},"content":{"rendered":"<p>Jachet\u0103 fleece pentru femei<br \/>\nAceast\u0103 jachet\u0103 fleece pentru femei, cu o croial\u0103 cambrat\u0103, este realizat\u0103 din 100% poliester de \u00eenalt\u0103 densitate (300 g\/m\u00b2) \u0219i are propriet\u0103\u021bi anti-sc\u0103mo\u0219are (anti-pilling).<\/p>\n<p>Pentru un confort sporit, dispune de un fermoar colorat \u0219i o c\u0103ptu\u0219eal\u0103 interioar\u0103. Jacheta este echipat\u0103 cu buzunare laterale cu fermoar \u0219i clap\u0103, band\u0103 elastic\u0103 la m\u00e2neci, un \u0219nur elastic la baz\u0103 \u0219i o band\u0103 de \u00eent\u0103rire pe interiorul gulerului.<\/p>\n<p>Disponibil\u0103 \u00een m\u0103rimile: S, M, L, XL, XXL.<\/p>\n<table>\n<tr>\n<td><strong>Exterior box (m):<\/strong><\/td>\n<td>0.560X0.370X0.390<\/td>\n<\/tr>\n<tr>\n<td><strong>Box weight (Kg.):<\/strong><\/td>\n<td>10<\/td>\n<\/tr>\n<tr>\n<td><strong>Exterior box (Pc.):<\/strong><\/td>\n<td>20<\/td>\n<\/tr>\n<tr>\n<td><strong>Interior box (Pc.):<\/strong><\/td>\n<td>1<\/td>\n<\/tr>\n<tr>\n<td><strong>Taric:<\/strong><\/td>\n<td>6110309900<\/td>\n<\/tr>\n<tr>\n<td><strong>Country of Origin:<\/strong><\/td>\n<td>Bangladesh<\/td>\n<\/tr>\n<tr>\n<td><strong>Individual packing:<\/strong><\/td>\n<td>Polybag<\/td>\n<\/tr>\n<tr>\n<td><strong>Packing after Printing:<\/strong><\/td>\n<td>Without individual polybag<\/td>\n<\/tr>\n<tr>\n<td><strong>Certificates:<\/strong><\/td>\n<td>REACH, OEKO-TEX<\/td>\n<\/tr>\n<\/table>\n","protected":false},"excerpt":{"rendered":"<p>100% poliester (300 g\/m\u00b2) jachet\u0103 din l\u00e2n\u0103 pentru b\u0103rba\u021bi, de \u00eenalt\u0103 densitate, antipilotare. Fermoar colorat \u0219i c\u0103ptu\u0219eal\u0103 interioar\u0103 pentru un confort superior. Con\u021bine buzunare laterale cu fermoar \u0219i clapet\u0103, band\u0103 elastic\u0103 pe m\u00e2neci, \u0219nur elastic \u00een partea de jos \u0219i panglic\u0103 de \u00eent\u0103rire \u00een interiorul gulerului.1<\/p>\n","protected":false},"featured_media":34407,"comment_status":"closed","ping_status":"open","template":"","meta":{"_joinchat":[]},"product_brand":[2753],"product_cat":[2650],"product_tag":[],"class_list":{"0":"post-111092","1":"product","2":"type-product","3":"status-publish","4":"has-post-thumbnail","6":"product_brand-hidea-ro","7":"product_cat-textile","8":"pa_size-l-2","9":"pa_size-m-2","10":"pa_size-s-2","11":"pa_size-xl-2","12":"pa_size-xxl-2","14":"first","15":"instock","16":"taxable","17":"shipping-taxable","18":"product-type-variable"},"_links":{"self":[{"href":"https:\/\/web2print.ro\/shop\/wp-json\/wp\/v2\/product\/111092","targetHints":{"allow":["GET"]}}],"collection":[{"href":"https:\/\/web2print.ro\/shop\/wp-json\/wp\/v2\/product"}],"about":[{"href":"https:\/\/web2print.ro\/shop\/wp-json\/wp\/v2\/types\/product"}],"replies":[{"embeddable":true,"href":"https:\/\/web2print.ro\/shop\/wp-json\/wp\/v2\/comments?post=111092"}],"wp:featuredmedia":[{"embeddable":true,"href":"https:\/\/web2print.ro\/shop\/wp-json\/wp\/v2\/media\/34407"}],"wp:attachment":[{"href":"https:\/\/web2print.ro\/shop\/wp-json\/wp\/v2\/media?parent=111092"}],"wp:term":[{"taxonomy":"product_brand","embeddable":true,"href":"https:\/\/web2print.ro\/shop\/wp-json\/wp\/v2\/product_brand?post=111092"},{"taxonomy":"product_cat","embeddable":true,"href":"https:\/\/web2print.ro\/shop\/wp-json\/wp\/v2\/product_cat?post=111092"},{"taxonomy":"product_tag","embeddable":true,"href":"https:\/\/web2print.ro\/shop\/wp-json\/wp\/v2\/product_tag?post=111092"}],"curies":[{"name":"wp","href":"https:\/\/api.w.org\/{rel}","templated":true}]}}