{"id":111118,"date":"2025-06-10T15:22:25","date_gmt":"2025-06-10T12:22:25","guid":{"rendered":"https:\/\/web-support.eu\/web2print\/product\/thc-eanes-polo-feminin\/"},"modified":"2026-05-06T18:03:01","modified_gmt":"2026-05-06T15:03:01","slug":"thc-eanes-polo-feminin","status":"publish","type":"product","link":"https:\/\/web2print.ro\/shop\/thc-eanes-polo-feminin\/","title":{"rendered":"THC EANES. Polo feminin personalizat\u0103"},"content":{"rendered":"<p>Jachet\u0103 softshell unisex<br \/>\nAceast\u0103 jachet\u0103 softshell unisex este fabricat\u0103 dintr-un material din dou\u0103 straturi, cu o compozi\u021bie de 96% poliester \u0219i 4% elastan (280 g\/m\u00b2), \u0219i dispune de un strat exterior rezistent la ap\u0103.<\/p>\n<p>Interiorul jachetei este c\u0103ptu\u0219it cu fleece pentru un plus de c\u0103ldur\u0103 \u0219i confort. Are dou\u0103 buzunare frontale \u0219i un buzunar diagonal la piept, toate prev\u0103zute cu fermoare cu tr\u0103g\u0103toare cauciucate. Man\u0219etele sunt reglabile cu band\u0103 autoadeziv\u0103 (arici), iar tivul are un \u0219nur elastic pentru ajustare.<\/p>\n<p>Disponibil\u0103 \u00een m\u0103rimile: XS, S, M, L, XL, XXL.<\/p>\n<table>\n<tr>\n<td><strong>Exterior box (m):<\/strong><\/td>\n<td>0.590X0.370X0.390<\/td>\n<\/tr>\n<tr>\n<td><strong>Box weight (Kg.):<\/strong><\/td>\n<td>13<\/td>\n<\/tr>\n<tr>\n<td><strong>Exterior box (Pc.):<\/strong><\/td>\n<td>20<\/td>\n<\/tr>\n<tr>\n<td><strong>Interior box (Pc.):<\/strong><\/td>\n<td>1<\/td>\n<\/tr>\n<tr>\n<td><strong>Taric:<\/strong><\/td>\n<td>6201900090<\/td>\n<\/tr>\n<tr>\n<td><strong>Country of Origin:<\/strong><\/td>\n<td>Bangladesh<\/td>\n<\/tr>\n<tr>\n<td><strong>Individual packing:<\/strong><\/td>\n<td>Polybag<\/td>\n<\/tr>\n<tr>\n<td><strong>Packing after Printing:<\/strong><\/td>\n<td>Without individual polybag<\/td>\n<\/tr>\n<tr>\n<td><strong>Certificates:<\/strong><\/td>\n<td>REACH, OEKO-TEX<\/td>\n<\/tr>\n<\/table>\n","protected":false},"excerpt":{"rendered":"<p>96% poliester \u0219i 4% elastin\u0103 (280 g\/m\u00b2) jachet\u0103 softshell unisex cu dou\u0103 straturi \u0219i rezistent\u0103 la ap\u0103. Geac\u0103 c\u0103ptu\u0219it\u0103 cu l\u00e2n\u0103, 2 buzunare frontale \u0219i buzunar diagonal la piept, ambele fermoare cu tragere din cauciuc. Man\u0219ete ajustabile cu scai \u0219i \u0219nur \u00een partea de jos<\/p>\n","protected":false},"featured_media":34480,"comment_status":"closed","ping_status":"open","template":"","meta":{"_joinchat":[]},"product_brand":[2753],"product_cat":[2650],"product_tag":[],"class_list":{"0":"post-111118","1":"product","2":"type-product","3":"status-publish","4":"has-post-thumbnail","6":"product_brand-hidea-ro","7":"product_cat-textile","8":"pa_size-l-2","9":"pa_size-m-2","10":"pa_size-s-2","11":"pa_size-xl-2","12":"pa_size-xs-2","13":"pa_size-xxl-2","15":"first","16":"instock","17":"taxable","18":"shipping-taxable","19":"product-type-variable"},"_links":{"self":[{"href":"https:\/\/web2print.ro\/shop\/wp-json\/wp\/v2\/product\/111118","targetHints":{"allow":["GET"]}}],"collection":[{"href":"https:\/\/web2print.ro\/shop\/wp-json\/wp\/v2\/product"}],"about":[{"href":"https:\/\/web2print.ro\/shop\/wp-json\/wp\/v2\/types\/product"}],"replies":[{"embeddable":true,"href":"https:\/\/web2print.ro\/shop\/wp-json\/wp\/v2\/comments?post=111118"}],"wp:featuredmedia":[{"embeddable":true,"href":"https:\/\/web2print.ro\/shop\/wp-json\/wp\/v2\/media\/34480"}],"wp:attachment":[{"href":"https:\/\/web2print.ro\/shop\/wp-json\/wp\/v2\/media?parent=111118"}],"wp:term":[{"taxonomy":"product_brand","embeddable":true,"href":"https:\/\/web2print.ro\/shop\/wp-json\/wp\/v2\/product_brand?post=111118"},{"taxonomy":"product_cat","embeddable":true,"href":"https:\/\/web2print.ro\/shop\/wp-json\/wp\/v2\/product_cat?post=111118"},{"taxonomy":"product_tag","embeddable":true,"href":"https:\/\/web2print.ro\/shop\/wp-json\/wp\/v2\/product_tag?post=111118"}],"curies":[{"name":"wp","href":"https:\/\/api.w.org\/{rel}","templated":true}]}}