{"id":111155,"date":"2025-06-10T15:22:22","date_gmt":"2025-06-10T12:22:22","guid":{"rendered":"https:\/\/web-support.eu\/web2print\/product\/thc-monaco-women-polo-feminin\/"},"modified":"2026-05-06T18:09:03","modified_gmt":"2026-05-06T15:09:03","slug":"thc-monaco-women-polo-feminin","status":"publish","type":"product","link":"https:\/\/web2print.ro\/shop\/thc-monaco-women-polo-feminin\/","title":{"rendered":"THC MONACO FEMEI. Polo feminin personalizat"},"content":{"rendered":"<p>Acest tricou polo pique pentru femei, cu m\u00e2nec\u0103 scurt\u0103, este confec\u021bionat din bumbac 100% piept\u0103nat (240 g\/m\u00b2). Are o croial\u0103 regular, cu guler \u0219i m\u00e2neci tip rib, \u0219i beneficiaz\u0103 de o ranforsare a gulerului din material pique. Gulerul ranforsat este prev\u0103zut cu 2 nasturi de aceea\u0219i culoare (un nasture de rezerv\u0103 este ata\u0219at pe cus\u0103tura interioar\u0103).<\/p>\n<p>Piesa este t\u0103iat\u0103 \u0219i cusut\u0103, av\u00e2nd mici deschideri laterale \u00een partea de jos a tricoului polo. Eticheta vizibil\u0103 este deta\u0219abil\u0103.<\/p>\n<p>Disponibil \u00een m\u0103rimile: S, M, L, XL, XXL.<\/p>\n<table>\n<tr>\n<td><strong>Exterior box (m):<\/strong><\/td>\n<td>0.460X0.260X0.340<\/td>\n<\/tr>\n<tr>\n<td><strong>Box weight (Kg.):<\/strong><\/td>\n<td>10<\/td>\n<\/tr>\n<tr>\n<td><strong>Exterior box (Pc.):<\/strong><\/td>\n<td>50<\/td>\n<\/tr>\n<tr>\n<td><strong>Interior box (Pc.):<\/strong><\/td>\n<td>5<\/td>\n<\/tr>\n<tr>\n<td><strong>Taric:<\/strong><\/td>\n<td>6106100000<\/td>\n<\/tr>\n<tr>\n<td><strong>Country of Origin:<\/strong><\/td>\n<td>Bangladesh<\/td>\n<\/tr>\n<tr>\n<td><strong>Individual packing:<\/strong><\/td>\n<td>Polybag<\/td>\n<\/tr>\n<tr>\n<td><strong>Packing after Printing:<\/strong><\/td>\n<td>Without individual polybag<\/td>\n<\/tr>\n<tr>\n<td><strong>Certificates:<\/strong><\/td>\n<td>REACH, OEKO-TEX<\/td>\n<\/tr>\n<\/table>\n","protected":false},"excerpt":{"rendered":"<p>Polo pentru femei cu m\u00e2neci scurte din bumbac 100% cardat (240 g\/m\u00b2). Croial\u0103 regulat\u0103, guler ranforsat cu 2 nasturi colora\u021bi (buton suplimentar \u00een cus\u0103tura interioar\u0103). Bucat\u0103 t\u0103iat\u0103 \u0219i cusut\u0103 cu mici deschideri laterale \u00een partea de jos a poloului. Eticheta vizibil\u0103 este deta\u0219abil\u0103<\/p>\n","protected":false},"featured_media":34604,"comment_status":"closed","ping_status":"open","template":"","meta":{"_joinchat":[]},"product_brand":[2753],"product_cat":[2650],"product_tag":[],"class_list":{"0":"post-111155","1":"product","2":"type-product","3":"status-publish","4":"has-post-thumbnail","6":"product_brand-hidea-ro","7":"product_cat-textile","8":"pa_size-l-2","9":"pa_size-m-2","10":"pa_size-s-2","11":"pa_size-xl-2","12":"pa_size-xxl-2","14":"first","15":"instock","16":"taxable","17":"shipping-taxable","18":"product-type-variable"},"_links":{"self":[{"href":"https:\/\/web2print.ro\/shop\/wp-json\/wp\/v2\/product\/111155","targetHints":{"allow":["GET"]}}],"collection":[{"href":"https:\/\/web2print.ro\/shop\/wp-json\/wp\/v2\/product"}],"about":[{"href":"https:\/\/web2print.ro\/shop\/wp-json\/wp\/v2\/types\/product"}],"replies":[{"embeddable":true,"href":"https:\/\/web2print.ro\/shop\/wp-json\/wp\/v2\/comments?post=111155"}],"wp:featuredmedia":[{"embeddable":true,"href":"https:\/\/web2print.ro\/shop\/wp-json\/wp\/v2\/media\/34604"}],"wp:attachment":[{"href":"https:\/\/web2print.ro\/shop\/wp-json\/wp\/v2\/media?parent=111155"}],"wp:term":[{"taxonomy":"product_brand","embeddable":true,"href":"https:\/\/web2print.ro\/shop\/wp-json\/wp\/v2\/product_brand?post=111155"},{"taxonomy":"product_cat","embeddable":true,"href":"https:\/\/web2print.ro\/shop\/wp-json\/wp\/v2\/product_cat?post=111155"},{"taxonomy":"product_tag","embeddable":true,"href":"https:\/\/web2print.ro\/shop\/wp-json\/wp\/v2\/product_tag?post=111155"}],"curies":[{"name":"wp","href":"https:\/\/api.w.org\/{rel}","templated":true}]}}