{"id":111211,"date":"2025-06-10T15:22:21","date_gmt":"2025-06-10T12:22:21","guid":{"rendered":"https:\/\/web-support.eu\/web2print\/product\/thc-berlin-women-wh-polo-feminin\/"},"modified":"2026-05-06T18:11:02","modified_gmt":"2026-05-06T15:11:02","slug":"thc-berlin-women-wh-polo-feminin","status":"publish","type":"product","link":"https:\/\/web2print.ro\/shop\/thc-berlin-women-wh-polo-feminin\/","title":{"rendered":"THC Berlin femei alb polo feminin personalizat\u0103"},"content":{"rendered":"<p>Acest tricou polo pique pentru femei, cu m\u00e2nec\u0103 scurt\u0103, este confec\u021bionat dintr-un amestec de 35% bumbac piept\u0103nat \u0219i 65% poliester (200 g\/m\u00b2). Are o croial\u0103 cambrat\u0103 \u00een talie, cu guler \u0219i m\u00e2neci tip rib, iar gulerul este ranforsat cu band\u0103 tricotat\u0103 tip pique.<\/p>\n<p>Dispune de un guler ranforsat cu 3 nasturi de aceea\u0219i culoare (un nasture de rezerv\u0103 este ata\u0219at pe cus\u0103tura interioar\u0103). Piesa este t\u0103iat\u0103 \u0219i cusut\u0103.<\/p>\n<p>Disponibil \u00een m\u0103rimile: S, M, L, XL, XXL.<\/p>\n<table>\n<tr>\n<td><strong>Exterior box (m):<\/strong><\/td>\n<td>0.460X0.260X0.340<\/td>\n<\/tr>\n<tr>\n<td><strong>Box weight (Kg.):<\/strong><\/td>\n<td>10<\/td>\n<\/tr>\n<tr>\n<td><strong>Exterior box (Pc.):<\/strong><\/td>\n<td>50<\/td>\n<\/tr>\n<tr>\n<td><strong>Interior box (Pc.):<\/strong><\/td>\n<td>5<\/td>\n<\/tr>\n<tr>\n<td><strong>Taric:<\/strong><\/td>\n<td>6106200000<\/td>\n<\/tr>\n<tr>\n<td><strong>Country of Origin:<\/strong><\/td>\n<td>Bangladesh<\/td>\n<\/tr>\n<tr>\n<td><strong>Individual packing:<\/strong><\/td>\n<td>Polybag<\/td>\n<\/tr>\n<tr>\n<td><strong>Packing after Printing:<\/strong><\/td>\n<td>Without individual polybag<\/td>\n<\/tr>\n<tr>\n<td><strong>Certificates:<\/strong><\/td>\n<td>REACH, OEKO-TEX<\/td>\n<\/tr>\n<\/table>\n","protected":false},"excerpt":{"rendered":"<p>35% bumbac cardat \u0219i 65% poliester (200 g\/m\u00b2) tricou cu m\u00e2neci scurte pentru femei, cu plas\u0103 pique. Polo cu talie montat, cu guler \u0219i m\u00e2neci, \u0219i gulerul este \u00eent\u0103rit cu o panglic\u0103 tricotat\u0103. Con\u021bine un guler \u00eent\u0103rit cu 3 butoane colorate potrivite (buton suplimentar \u00een cus\u0103tura interioar\u0103). Bucat\u0103 t\u0103iat\u0103 \u0219i cusut\u0103<\/p>\n","protected":false},"featured_media":34682,"comment_status":"closed","ping_status":"open","template":"","meta":{"_joinchat":[]},"product_brand":[2753],"product_cat":[2650],"product_tag":[],"class_list":{"0":"post-111211","1":"product","2":"type-product","3":"status-publish","4":"has-post-thumbnail","6":"product_brand-hidea-ro","7":"product_cat-textile","8":"pa_size-l-2","9":"pa_size-m-2","10":"pa_size-s-2","11":"pa_size-xl-2","12":"pa_size-xxl-2","14":"first","15":"instock","16":"taxable","17":"shipping-taxable","18":"product-type-variable"},"_links":{"self":[{"href":"https:\/\/web2print.ro\/shop\/wp-json\/wp\/v2\/product\/111211","targetHints":{"allow":["GET"]}}],"collection":[{"href":"https:\/\/web2print.ro\/shop\/wp-json\/wp\/v2\/product"}],"about":[{"href":"https:\/\/web2print.ro\/shop\/wp-json\/wp\/v2\/types\/product"}],"replies":[{"embeddable":true,"href":"https:\/\/web2print.ro\/shop\/wp-json\/wp\/v2\/comments?post=111211"}],"wp:featuredmedia":[{"embeddable":true,"href":"https:\/\/web2print.ro\/shop\/wp-json\/wp\/v2\/media\/34682"}],"wp:attachment":[{"href":"https:\/\/web2print.ro\/shop\/wp-json\/wp\/v2\/media?parent=111211"}],"wp:term":[{"taxonomy":"product_brand","embeddable":true,"href":"https:\/\/web2print.ro\/shop\/wp-json\/wp\/v2\/product_brand?post=111211"},{"taxonomy":"product_cat","embeddable":true,"href":"https:\/\/web2print.ro\/shop\/wp-json\/wp\/v2\/product_cat?post=111211"},{"taxonomy":"product_tag","embeddable":true,"href":"https:\/\/web2print.ro\/shop\/wp-json\/wp\/v2\/product_tag?post=111211"}],"curies":[{"name":"wp","href":"https:\/\/api.w.org\/{rel}","templated":true}]}}