{"id":111258,"date":"2025-06-10T15:22:19","date_gmt":"2025-06-10T12:22:19","guid":{"rendered":"https:\/\/web-support.eu\/web2print\/product\/thc-colombo-wh-tricou-unisex\/"},"modified":"2026-05-06T18:17:05","modified_gmt":"2026-05-06T15:17:05","slug":"thc-colombo-wh-tricou-unisex","status":"publish","type":"product","link":"https:\/\/web2print.ro\/shop\/thc-colombo-wh-tricou-unisex\/","title":{"rendered":"THC COLOMBO WH. Tricou unisex personalizat"},"content":{"rendered":"<p>Hanorac unisex din fleece italian<br \/>\nAcest hanorac unisex este confec\u021bionat dintr-un amestec de 50% bumbac \u0219i 50% poliester, cu un fleece italian nepiept\u0103nat (brushless) de 240 g\/m\u00b2.<\/p>\n<p>Dispune de guler, man\u0219ete \u0219i talie tip rib, precum \u0219i o band\u0103 de \u00eent\u0103rire pe interiorul gulerului.<\/p>\n<p>Disponibil \u00een m\u0103rimile: S, M, L, XL, XXL, 3XL.<\/p>\n<table>\n<tr>\n<td><strong>Exterior box (m):<\/strong><\/td>\n<td>0.580X0.430X0.390<\/td>\n<\/tr>\n<tr>\n<td><strong>Box weight (Kg.):<\/strong><\/td>\n<td>12<\/td>\n<\/tr>\n<tr>\n<td><strong>Exterior box (Pc.):<\/strong><\/td>\n<td>50<\/td>\n<\/tr>\n<tr>\n<td><strong>Interior box (Pc.):<\/strong><\/td>\n<td>5<\/td>\n<\/tr>\n<tr>\n<td><strong>Taric:<\/strong><\/td>\n<td>6110209100<\/td>\n<\/tr>\n<tr>\n<td><strong>Country of Origin:<\/strong><\/td>\n<td>Bangladesh<\/td>\n<\/tr>\n<tr>\n<td><strong>Individual packing:<\/strong><\/td>\n<td>Polybag<\/td>\n<\/tr>\n<tr>\n<td><strong>Packing after Printing:<\/strong><\/td>\n<td>Without individual polybag<\/td>\n<\/tr>\n<tr>\n<td><strong>Certificates:<\/strong><\/td>\n<td>REACH, OEKO-TEX<\/td>\n<\/tr>\n<\/table>\n","protected":false},"excerpt":{"rendered":"<p>Hanorac unisex din l\u00e2n\u0103 italian\u0103 f\u0103r\u0103 perii, 50% bumbac \u0219i 50% poliester (240 g\/m\u00b2). Guler, man\u0219ete \u0219i talie \u0219i coast\u0103 de consolidare \u00een interiorul gulerului<\/p>\n","protected":false},"featured_media":34792,"comment_status":"closed","ping_status":"open","template":"","meta":{"_joinchat":[]},"product_brand":[2753],"product_cat":[2650],"product_tag":[],"class_list":{"0":"post-111258","1":"product","2":"type-product","3":"status-publish","4":"has-post-thumbnail","6":"product_brand-hidea-ro","7":"product_cat-textile","8":"pa_size-3xl-2","9":"pa_size-l-2","10":"pa_size-m-2","11":"pa_size-s-2","12":"pa_size-xl-2","13":"pa_size-xxl-2","15":"first","16":"instock","17":"taxable","18":"shipping-taxable","19":"product-type-variable"},"_links":{"self":[{"href":"https:\/\/web2print.ro\/shop\/wp-json\/wp\/v2\/product\/111258","targetHints":{"allow":["GET"]}}],"collection":[{"href":"https:\/\/web2print.ro\/shop\/wp-json\/wp\/v2\/product"}],"about":[{"href":"https:\/\/web2print.ro\/shop\/wp-json\/wp\/v2\/types\/product"}],"replies":[{"embeddable":true,"href":"https:\/\/web2print.ro\/shop\/wp-json\/wp\/v2\/comments?post=111258"}],"wp:featuredmedia":[{"embeddable":true,"href":"https:\/\/web2print.ro\/shop\/wp-json\/wp\/v2\/media\/34792"}],"wp:attachment":[{"href":"https:\/\/web2print.ro\/shop\/wp-json\/wp\/v2\/media?parent=111258"}],"wp:term":[{"taxonomy":"product_brand","embeddable":true,"href":"https:\/\/web2print.ro\/shop\/wp-json\/wp\/v2\/product_brand?post=111258"},{"taxonomy":"product_cat","embeddable":true,"href":"https:\/\/web2print.ro\/shop\/wp-json\/wp\/v2\/product_cat?post=111258"},{"taxonomy":"product_tag","embeddable":true,"href":"https:\/\/web2print.ro\/shop\/wp-json\/wp\/v2\/product_tag?post=111258"}],"curies":[{"name":"wp","href":"https:\/\/api.w.org\/{rel}","templated":true}]}}