{"id":111329,"date":"2025-06-10T15:22:18","date_gmt":"2025-06-10T12:22:18","guid":{"rendered":"https:\/\/web-support.eu\/web2print\/product\/thc-berlin-3xl-tricou-polo-pentru-barbati\/"},"modified":"2026-05-06T18:25:07","modified_gmt":"2026-05-06T15:25:07","slug":"thc-berlin-3xl-tricou-polo-pentru-barbati","status":"publish","type":"product","link":"https:\/\/web2print.ro\/shop\/thc-berlin-3xl-tricou-polo-pentru-barbati\/","title":{"rendered":"THC BERLIN 3XL. Tricou polo pentru barbati personalizat"},"content":{"rendered":"<p>Acest tricou polo cu m\u00e2nec\u0103 scurt\u0103 pentru b\u0103rba\u021bi este confec\u021bionat dintr-o plas\u0103 pique de 200 g\/m\u00b2. Compozi\u021bia materialului este de 35% bumbac piept\u0103nat \u0219i 65% poliester.<\/p>\n<p>Aten\u021bie: Pentru culoarea 183, compozi\u021bia este diferit\u0103: 85% bumbac \u0219i 15% viscoz\u0103.<\/p>\n<p>Tricoul are o croial\u0103 regular, cu guler \u0219i m\u00e2neci tip rib, iar gulerul este ranforsat cu band\u0103 tricotat\u0103 tip pique. Dispune de un guler \u00eent\u0103rit cu 3 nasturi de aceea\u0219i culoare (un nasture de rezerv\u0103 este inserat pe cus\u0103tura interioar\u0103). Piesa este t\u0103iat\u0103 \u0219i cusut\u0103.<\/p>\n<p>Disponibil pe m\u0103rimea: 3XL.<\/p>\n<table>\n<tr>\n<td><strong>Exterior box (m):<\/strong><\/td>\n<td>0.530X0.280X0.400<\/td>\n<\/tr>\n<tr>\n<td><strong>Box weight (Kg.):<\/strong><\/td>\n<td>14<\/td>\n<\/tr>\n<tr>\n<td><strong>Exterior box (Pc.):<\/strong><\/td>\n<td>50<\/td>\n<\/tr>\n<tr>\n<td><strong>Interior box (Pc.):<\/strong><\/td>\n<td>5<\/td>\n<\/tr>\n<tr>\n<td><strong>Taric:<\/strong><\/td>\n<td>6110309100<\/td>\n<\/tr>\n<tr>\n<td><strong>Country of Origin:<\/strong><\/td>\n<td>Bangladesh<\/td>\n<\/tr>\n<tr>\n<td><strong>Individual packing:<\/strong><\/td>\n<td>Polybag<\/td>\n<\/tr>\n<tr>\n<td><strong>Packing after Printing:<\/strong><\/td>\n<td>Without individual polybag<\/td>\n<\/tr>\n<tr>\n<td><strong>Certificates:<\/strong><\/td>\n<td>REACH, OEKO-TEX<\/td>\n<\/tr>\n<\/table>\n","protected":false},"excerpt":{"rendered":"<p>Tricou polo pentru b\u0103rba\u021bi cu maneca scurta (200 g\/m\u00b2) 65% poliester \u0219i 35% bumbac. Culoarea 183: 85% bumbac\/15% viscoz\u0103. Guler \u0219i mansete striate si fenta cu 3 nasturi. Nasture suplimentar pe cus\u0103tur\u0103 interioar\u0103<\/p>\n","protected":false},"featured_media":34978,"comment_status":"closed","ping_status":"open","template":"","meta":{"_joinchat":[]},"product_brand":[2753],"product_cat":[2650],"product_tag":[],"class_list":{"0":"post-111329","1":"product","2":"type-product","3":"status-publish","4":"has-post-thumbnail","6":"product_brand-hidea-ro","7":"product_cat-textile","8":"pa_size-3xl-2","10":"first","11":"instock","12":"taxable","13":"shipping-taxable","14":"purchasable","15":"product-type-variable"},"_links":{"self":[{"href":"https:\/\/web2print.ro\/shop\/wp-json\/wp\/v2\/product\/111329","targetHints":{"allow":["GET"]}}],"collection":[{"href":"https:\/\/web2print.ro\/shop\/wp-json\/wp\/v2\/product"}],"about":[{"href":"https:\/\/web2print.ro\/shop\/wp-json\/wp\/v2\/types\/product"}],"replies":[{"embeddable":true,"href":"https:\/\/web2print.ro\/shop\/wp-json\/wp\/v2\/comments?post=111329"}],"wp:featuredmedia":[{"embeddable":true,"href":"https:\/\/web2print.ro\/shop\/wp-json\/wp\/v2\/media\/34978"}],"wp:attachment":[{"href":"https:\/\/web2print.ro\/shop\/wp-json\/wp\/v2\/media?parent=111329"}],"wp:term":[{"taxonomy":"product_brand","embeddable":true,"href":"https:\/\/web2print.ro\/shop\/wp-json\/wp\/v2\/product_brand?post=111329"},{"taxonomy":"product_cat","embeddable":true,"href":"https:\/\/web2print.ro\/shop\/wp-json\/wp\/v2\/product_cat?post=111329"},{"taxonomy":"product_tag","embeddable":true,"href":"https:\/\/web2print.ro\/shop\/wp-json\/wp\/v2\/product_tag?post=111329"}],"curies":[{"name":"wp","href":"https:\/\/api.w.org\/{rel}","templated":true}]}}