{"id":111447,"date":"2025-06-10T15:22:09","date_gmt":"2025-06-10T12:22:09","guid":{"rendered":"https:\/\/web-support.eu\/web2print\/product\/thc-move-wh-tricou-tehnic\/"},"modified":"2026-05-06T18:39:03","modified_gmt":"2026-05-06T15:39:03","slug":"thc-move-wh-tricou-tehnic","status":"publish","type":"product","link":"https:\/\/web2print.ro\/shop\/thc-move-wh-tricou-tehnic\/","title":{"rendered":"THC MOVE alb. Tricou tehnic personalizat"},"content":{"rendered":"<p>Tricou tehnic<br \/>\nAcest tricou tehnic este confec\u021bionat din plas\u0103 pique 100% poliester (150 g\/m\u00b2).<\/p>\n<p>Are o croial\u0103 regular, cu un material respirabil \u0219i m\u00e2neci raglan. Prezint\u0103 cus\u0103turi duble la m\u00e2neci \u0219i la tiv (partea de jos).<\/p>\n<p>Disponibil \u00een m\u0103rimile: XS, S, M, L, XL, XXL.<\/p>\n<table>\n<tr>\n<td><strong>Exterior box (m):<\/strong><\/td>\n<td>0.540&#215;0.370&#215;0.360<\/td>\n<\/tr>\n<tr>\n<td><strong>Box weight (Kg.):<\/strong><\/td>\n<td>19<\/td>\n<\/tr>\n<tr>\n<td><strong>Exterior box (Pc.):<\/strong><\/td>\n<td>100<\/td>\n<\/tr>\n<tr>\n<td><strong>Interior box (Pc.):<\/strong><\/td>\n<td>10<\/td>\n<\/tr>\n<tr>\n<td><strong>Taric:<\/strong><\/td>\n<td>6109902000<\/td>\n<\/tr>\n<tr>\n<td><strong>Country of Origin:<\/strong><\/td>\n<td>China<\/td>\n<\/tr>\n<tr>\n<td><strong>Certificates:<\/strong><\/td>\n<td>REACH, OEKO-TEX<\/td>\n<\/tr>\n<\/table>\n","protected":false},"excerpt":{"rendered":"<p>Tricou tehnic din plas\u0103 piqu\u00e9 100% poliester (150 g\/m\u00b2). Croial\u0103 regulat\u0103 cu \u021bes\u0103tur\u0103 respirabil\u0103 \u0219i m\u00e2neci raglan. Cus\u0103turi duble pe m\u00e2neci \u0219i \u00een partea de jos<\/p>\n","protected":false},"featured_media":35309,"comment_status":"closed","ping_status":"open","template":"","meta":{"_joinchat":[]},"product_brand":[2753],"product_cat":[2650],"product_tag":[],"class_list":{"0":"post-111447","1":"product","2":"type-product","3":"status-publish","4":"has-post-thumbnail","6":"product_brand-hidea-ro","7":"product_cat-textile","8":"pa_size-l-2","9":"pa_size-m-2","10":"pa_size-s-2","11":"pa_size-xl-2","12":"pa_size-xs-2","13":"pa_size-xxl-2","15":"first","16":"instock","17":"taxable","18":"shipping-taxable","19":"product-type-variable"},"_links":{"self":[{"href":"https:\/\/web2print.ro\/shop\/wp-json\/wp\/v2\/product\/111447","targetHints":{"allow":["GET"]}}],"collection":[{"href":"https:\/\/web2print.ro\/shop\/wp-json\/wp\/v2\/product"}],"about":[{"href":"https:\/\/web2print.ro\/shop\/wp-json\/wp\/v2\/types\/product"}],"replies":[{"embeddable":true,"href":"https:\/\/web2print.ro\/shop\/wp-json\/wp\/v2\/comments?post=111447"}],"wp:featuredmedia":[{"embeddable":true,"href":"https:\/\/web2print.ro\/shop\/wp-json\/wp\/v2\/media\/35309"}],"wp:attachment":[{"href":"https:\/\/web2print.ro\/shop\/wp-json\/wp\/v2\/media?parent=111447"}],"wp:term":[{"taxonomy":"product_brand","embeddable":true,"href":"https:\/\/web2print.ro\/shop\/wp-json\/wp\/v2\/product_brand?post=111447"},{"taxonomy":"product_cat","embeddable":true,"href":"https:\/\/web2print.ro\/shop\/wp-json\/wp\/v2\/product_cat?post=111447"},{"taxonomy":"product_tag","embeddable":true,"href":"https:\/\/web2print.ro\/shop\/wp-json\/wp\/v2\/product_tag?post=111447"}],"curies":[{"name":"wp","href":"https:\/\/api.w.org\/{rel}","templated":true}]}}