{"id":111454,"date":"2025-06-10T15:22:05","date_gmt":"2025-06-10T12:22:05","guid":{"rendered":"https:\/\/web-support.eu\/web2print\/product\/thc-move-kids-t-shirt-pentru-copii\/"},"modified":"2026-05-06T18:41:02","modified_gmt":"2026-05-06T15:41:02","slug":"thc-move-kids-t-shirt-pentru-copii","status":"publish","type":"product","link":"https:\/\/web2print.ro\/shop\/thc-move-kids-t-shirt-pentru-copii\/","title":{"rendered":"THC MOVE KIDS. Tricou pentru copii personalizat"},"content":{"rendered":"<p>Tricou tehnic pentru copii<br \/>\nAcest tricou tehnic pentru copii este confec\u021bionat din plas\u0103 pique 100% poliester (150 g\/m\u00b2).<\/p>\n<p>Are o croial\u0103 regular, cu un material respirabil \u0219i m\u00e2neci raglan. Prezint\u0103 cus\u0103turi duble la m\u00e2neci \u0219i la baz\u0103.<\/p>\n<p>Disponibil \u00een m\u0103rimile: 4, 6, 8, 10, 12 ani.<\/p>\n<table>\n<tbody>\n<tr>\n<td><strong>Exterior box (m):<\/strong><\/td>\n<td>0.406X0.360X0.270<\/td>\n<\/tr>\n<tr>\n<td><strong>Box weight (Kg.):<\/strong><\/td>\n<td>12<\/td>\n<\/tr>\n<tr>\n<td><strong>Exterior box (Pc.):<\/strong><\/td>\n<td>100<\/td>\n<\/tr>\n<tr>\n<td><strong>Interior box (Pc.):<\/strong><\/td>\n<td>10<\/td>\n<\/tr>\n<tr>\n<td><strong>Taric:<\/strong><\/td>\n<td>6109902000<\/td>\n<\/tr>\n<tr>\n<td><strong>Country of Origin:<\/strong><\/td>\n<td>China<\/td>\n<\/tr>\n<tr>\n<td><strong>Certificates:<\/strong><\/td>\n<td>REACH, OEKO-TEX<\/td>\n<\/tr>\n<\/tbody>\n<\/table>\n","protected":false},"excerpt":{"rendered":"<p>Tricou tehnic (150g\/m\u00b2) din poliester pentru copii<\/p>\n","protected":false},"featured_media":35381,"comment_status":"closed","ping_status":"closed","template":"","meta":{"_joinchat":[]},"product_brand":[2753],"product_cat":[2650],"product_tag":[],"class_list":{"0":"post-111454","1":"product","2":"type-product","3":"status-publish","4":"has-post-thumbnail","6":"product_brand-hidea-ro","7":"product_cat-textile","9":"first","10":"instock","11":"taxable","12":"shipping-taxable","13":"product-type-variable"},"_links":{"self":[{"href":"https:\/\/web2print.ro\/shop\/wp-json\/wp\/v2\/product\/111454","targetHints":{"allow":["GET"]}}],"collection":[{"href":"https:\/\/web2print.ro\/shop\/wp-json\/wp\/v2\/product"}],"about":[{"href":"https:\/\/web2print.ro\/shop\/wp-json\/wp\/v2\/types\/product"}],"replies":[{"embeddable":true,"href":"https:\/\/web2print.ro\/shop\/wp-json\/wp\/v2\/comments?post=111454"}],"wp:featuredmedia":[{"embeddable":true,"href":"https:\/\/web2print.ro\/shop\/wp-json\/wp\/v2\/media\/35381"}],"wp:attachment":[{"href":"https:\/\/web2print.ro\/shop\/wp-json\/wp\/v2\/media?parent=111454"}],"wp:term":[{"taxonomy":"product_brand","embeddable":true,"href":"https:\/\/web2print.ro\/shop\/wp-json\/wp\/v2\/product_brand?post=111454"},{"taxonomy":"product_cat","embeddable":true,"href":"https:\/\/web2print.ro\/shop\/wp-json\/wp\/v2\/product_cat?post=111454"},{"taxonomy":"product_tag","embeddable":true,"href":"https:\/\/web2print.ro\/shop\/wp-json\/wp\/v2\/product_tag?post=111454"}],"curies":[{"name":"wp","href":"https:\/\/api.w.org\/{rel}","templated":true}]}}