{"id":111543,"date":"2025-06-10T15:22:00","date_gmt":"2025-06-10T12:22:00","guid":{"rendered":"https:\/\/web-support.eu\/web2print\/product\/thc-fair-wh-t-shirt-100-bumbac\/"},"modified":"2026-05-06T18:45:03","modified_gmt":"2026-05-06T15:45:03","slug":"thc-fair-wh-t-shirt-100-bumbac","status":"publish","type":"product","link":"https:\/\/web2print.ro\/shop\/thc-fair-wh-t-shirt-100-bumbac\/","title":{"rendered":"Tricou THC FAIR alb 100% bumbac personalizat"},"content":{"rendered":"<p>Tricou din bumbac sustenabil<br \/>\nAcest tricou este confec\u021bionat din jersey de bumbac 100% (150 g\/m\u00b2), provenit din practici sustenabile.<\/p>\n<p>Gulerul este tip rib 1&#215;1, cu \u00eent\u0103ritur\u0103 din jersey. Prezint\u0103 cus\u0103turi duble la m\u00e2neci \u0219i la baz\u0103. Tricoul este realizat \u00een format tubular, f\u0103r\u0103 cus\u0103turi laterale.<\/p>\n<p>Disponibil \u00een m\u0103rimile: XS, S, M, L, XL, XXL.<\/p>\n<table>\n<tbody>\n<tr>\n<td><strong>Exterior box (m):<\/strong><\/td>\n<td>0.560X0.300X0.370<\/td>\n<\/tr>\n<tr>\n<td><strong>Box weight (Kg.):<\/strong><\/td>\n<td>16<\/td>\n<\/tr>\n<tr>\n<td><strong>Exterior box (Pc.):<\/strong><\/td>\n<td>100<\/td>\n<\/tr>\n<tr>\n<td><strong>Interior box (Pc.):<\/strong><\/td>\n<td>10<\/td>\n<\/tr>\n<tr>\n<td><strong>Taric:<\/strong><\/td>\n<td>6109100010<\/td>\n<\/tr>\n<tr>\n<td><strong>Country of Origin:<\/strong><\/td>\n<td>Bangladesh<\/td>\n<\/tr>\n<tr>\n<td><strong>Certificates:<\/strong><\/td>\n<td>REACH, OEKO-TEX<\/td>\n<\/tr>\n<\/tbody>\n<\/table>\n","protected":false},"excerpt":{"rendered":"<p>Tricou (150 g\/m\u00b2) din bumbac 100% BCI<\/p>\n","protected":false},"featured_media":461702,"comment_status":"closed","ping_status":"closed","template":"","meta":{"_joinchat":[]},"product_brand":[2753],"product_cat":[2650],"product_tag":[],"class_list":{"0":"post-111543","1":"product","2":"type-product","3":"status-publish","4":"has-post-thumbnail","6":"product_brand-hidea-ro","7":"product_cat-textile","8":"pa_size-l-2","9":"pa_size-m-2","10":"pa_size-s-2","11":"pa_size-xl-2","12":"pa_size-xs-2","13":"pa_size-xxl-2","15":"first","16":"instock","17":"taxable","18":"shipping-taxable","19":"product-type-variable"},"_links":{"self":[{"href":"https:\/\/web2print.ro\/shop\/wp-json\/wp\/v2\/product\/111543","targetHints":{"allow":["GET"]}}],"collection":[{"href":"https:\/\/web2print.ro\/shop\/wp-json\/wp\/v2\/product"}],"about":[{"href":"https:\/\/web2print.ro\/shop\/wp-json\/wp\/v2\/types\/product"}],"replies":[{"embeddable":true,"href":"https:\/\/web2print.ro\/shop\/wp-json\/wp\/v2\/comments?post=111543"}],"wp:featuredmedia":[{"embeddable":true,"href":"https:\/\/web2print.ro\/shop\/wp-json\/wp\/v2\/media\/461702"}],"wp:attachment":[{"href":"https:\/\/web2print.ro\/shop\/wp-json\/wp\/v2\/media?parent=111543"}],"wp:term":[{"taxonomy":"product_brand","embeddable":true,"href":"https:\/\/web2print.ro\/shop\/wp-json\/wp\/v2\/product_brand?post=111543"},{"taxonomy":"product_cat","embeddable":true,"href":"https:\/\/web2print.ro\/shop\/wp-json\/wp\/v2\/product_cat?post=111543"},{"taxonomy":"product_tag","embeddable":true,"href":"https:\/\/web2print.ro\/shop\/wp-json\/wp\/v2\/product_tag?post=111543"}],"curies":[{"name":"wp","href":"https:\/\/api.w.org\/{rel}","templated":true}]}}