{"id":111630,"date":"2025-06-10T15:21:58","date_gmt":"2025-06-10T12:21:58","guid":{"rendered":"https:\/\/web-support.eu\/web2print\/product\/thc-fair-small-wh-t-shirt-pentru-copii\/"},"modified":"2026-05-06T18:51:04","modified_gmt":"2026-05-06T15:51:04","slug":"thc-fair-small-wh-t-shirt-pentru-copii","status":"publish","type":"product","link":"https:\/\/web2print.ro\/shop\/thc-fair-small-wh-t-shirt-pentru-copii\/","title":{"rendered":"THC FAIR SMALL ALB. tricou pentru copii personalizat"},"content":{"rendered":"<p>Tricou din bumbac sustenabil<br \/>\nAcest tricou este confec\u021bionat din jersey de bumbac 100% (150 g\/m\u00b2), provenit din practici sustenabile.<\/p>\n<p>Gulerul este tip rib 1&#215;1, cu \u00eent\u0103ritur\u0103 din jersey. Prezint\u0103 cus\u0103turi duble la m\u00e2neci \u0219i la tiv (partea de jos).<\/p>\n<p>Disponibil \u00een m\u0103rimile: XXXS, XXS.<\/p>\n<table>\n<tr>\n<td><strong>Exterior box (m):<\/strong><\/td>\n<td>0.560X0.300X0.370<\/td>\n<\/tr>\n<tr>\n<td><strong>Box weight (Kg.):<\/strong><\/td>\n<td>16<\/td>\n<\/tr>\n<tr>\n<td><strong>Exterior box (Pc.):<\/strong><\/td>\n<td>100<\/td>\n<\/tr>\n<tr>\n<td><strong>Interior box (Pc.):<\/strong><\/td>\n<td>10<\/td>\n<\/tr>\n<tr>\n<td><strong>Taric:<\/strong><\/td>\n<td>6109100010<\/td>\n<\/tr>\n<tr>\n<td><strong>Country of Origin:<\/strong><\/td>\n<td>Bangladesh<\/td>\n<\/tr>\n<tr>\n<td><strong>Certificates:<\/strong><\/td>\n<td>REACH, OEKO-TEX<\/td>\n<\/tr>\n<\/table>\n","protected":false},"excerpt":{"rendered":"<p>Tricou din jerseu de bumbac 100% (150 g\/m\u00b2) provenit din practici durabile. Guler cu nervuri 1&#215;1 cu \u00eent\u0103ritur\u0103 din jerseu. Cus\u0103turi duble pe m\u00e2neci \u0219i \u00een partea de jos<\/p>\n","protected":false},"featured_media":35742,"comment_status":"closed","ping_status":"open","template":"","meta":{"_joinchat":[]},"product_brand":[2753],"product_cat":[2650],"product_tag":[],"class_list":{"0":"post-111630","1":"product","2":"type-product","3":"status-publish","4":"has-post-thumbnail","6":"product_brand-hidea-ro","7":"product_cat-textile","9":"first","10":"instock","11":"taxable","12":"shipping-taxable","13":"product-type-variable"},"_links":{"self":[{"href":"https:\/\/web2print.ro\/shop\/wp-json\/wp\/v2\/product\/111630","targetHints":{"allow":["GET"]}}],"collection":[{"href":"https:\/\/web2print.ro\/shop\/wp-json\/wp\/v2\/product"}],"about":[{"href":"https:\/\/web2print.ro\/shop\/wp-json\/wp\/v2\/types\/product"}],"replies":[{"embeddable":true,"href":"https:\/\/web2print.ro\/shop\/wp-json\/wp\/v2\/comments?post=111630"}],"wp:featuredmedia":[{"embeddable":true,"href":"https:\/\/web2print.ro\/shop\/wp-json\/wp\/v2\/media\/35742"}],"wp:attachment":[{"href":"https:\/\/web2print.ro\/shop\/wp-json\/wp\/v2\/media?parent=111630"}],"wp:term":[{"taxonomy":"product_brand","embeddable":true,"href":"https:\/\/web2print.ro\/shop\/wp-json\/wp\/v2\/product_brand?post=111630"},{"taxonomy":"product_cat","embeddable":true,"href":"https:\/\/web2print.ro\/shop\/wp-json\/wp\/v2\/product_cat?post=111630"},{"taxonomy":"product_tag","embeddable":true,"href":"https:\/\/web2print.ro\/shop\/wp-json\/wp\/v2\/product_tag?post=111630"}],"curies":[{"name":"wp","href":"https:\/\/api.w.org\/{rel}","templated":true}]}}