{"id":111664,"date":"2025-06-10T15:21:54","date_gmt":"2025-06-10T12:21:54","guid":{"rendered":"https:\/\/web-support.eu\/web2print\/product\/thc-dynamic-wh-tricou-polo-tehnic-barbatesc\/"},"modified":"2026-05-06T18:53:04","modified_gmt":"2026-05-06T15:53:04","slug":"thc-dynamic-wh-tricou-polo-tehnic-barbatesc","status":"publish","type":"product","link":"https:\/\/web2print.ro\/shop\/thc-dynamic-wh-tricou-polo-tehnic-barbatesc\/","title":{"rendered":"THC DYNAMIC WH. Tricou polo tehnic b\u0103rb\u0103tesc personalizat"},"content":{"rendered":"<p>Tricou polo tehnic de b\u0103rba\u021bi<br \/>\nAcest tricou polo tehnic cu m\u00e2nec\u0103 scurt\u0103 pentru b\u0103rba\u021bi este confec\u021bionat din tricot pique 100% poliester reciclat (180 g\/m\u00b2).<\/p>\n<p>Are un guler tip rib 1&#215;1 \u0219i cus\u0103turi duble la m\u00e2neci \u0219i la baz\u0103. Fenta de nasturi este ranforsat\u0103 \u0219i prev\u0103zut\u0103 cu 3 nasturi colora\u021bi, finisa\u021bi \u00een negru. Piesa este t\u0103iat\u0103 \u0219i cusut\u0103, av\u00e2nd mici deschideri laterale la baza tricoului polo, finisate \u00een negru.<\/p>\n<p>Disponibil \u00een m\u0103rimile: S, M, L, XL, XXL, 3XL.<\/p>\n<table>\n<tr>\n<td><strong>Exterior box (m):<\/strong><\/td>\n<td>0.580X0.380X0.240<\/td>\n<\/tr>\n<tr>\n<td><strong>Box weight (Kg.):<\/strong><\/td>\n<td>11<\/td>\n<\/tr>\n<tr>\n<td><strong>Exterior box (Pc.):<\/strong><\/td>\n<td>50<\/td>\n<\/tr>\n<tr>\n<td><strong>Interior box (Pc.):<\/strong><\/td>\n<td>5<\/td>\n<\/tr>\n<tr>\n<td><strong>Taric:<\/strong><\/td>\n<td>6105201000<\/td>\n<\/tr>\n<tr>\n<td><strong>Country of Origin:<\/strong><\/td>\n<td>China<\/td>\n<\/tr>\n<tr>\n<td><strong>Certificates:<\/strong><\/td>\n<td>OEKO-TEX<\/td>\n<\/tr>\n<\/table>\n","protected":false},"excerpt":{"rendered":"<p>Tricou polo tehnic cu m\u00e2nec\u0103 scurt\u0103 pentru b\u0103rba\u021bi din poliester 100% reciclat, tricotat piqu\u00e9 (180 g\/m\u00b2). Acest tricou polo are un guler cu barete 1&#215;1 \u0219i cus\u0103turi duble pe m\u00e2neci \u0219i \u00een partea de jos. Fermoar \u00eent\u0103rit cu 3 nasturi colora\u021bi, finisat \u00een negru. Pies\u0103 t\u0103iat\u0103 \u0219i cusut\u0103 cu mici deschideri laterale \u00een partea de jos a poloului \u0219i finisat\u0103 \u00een negru<\/p>\n","protected":false},"featured_media":35822,"comment_status":"closed","ping_status":"open","template":"","meta":{"_joinchat":[]},"product_brand":[2753],"product_cat":[2650],"product_tag":[],"class_list":{"0":"post-111664","1":"product","2":"type-product","3":"status-publish","4":"has-post-thumbnail","6":"product_brand-hidea-ro","7":"product_cat-textile","8":"pa_size-3xl-2","9":"pa_size-l-2","10":"pa_size-m-2","11":"pa_size-s-2","12":"pa_size-xl-2","13":"pa_size-xxl-2","15":"first","16":"instock","17":"taxable","18":"shipping-taxable","19":"product-type-variable"},"_links":{"self":[{"href":"https:\/\/web2print.ro\/shop\/wp-json\/wp\/v2\/product\/111664","targetHints":{"allow":["GET"]}}],"collection":[{"href":"https:\/\/web2print.ro\/shop\/wp-json\/wp\/v2\/product"}],"about":[{"href":"https:\/\/web2print.ro\/shop\/wp-json\/wp\/v2\/types\/product"}],"replies":[{"embeddable":true,"href":"https:\/\/web2print.ro\/shop\/wp-json\/wp\/v2\/comments?post=111664"}],"wp:featuredmedia":[{"embeddable":true,"href":"https:\/\/web2print.ro\/shop\/wp-json\/wp\/v2\/media\/35822"}],"wp:attachment":[{"href":"https:\/\/web2print.ro\/shop\/wp-json\/wp\/v2\/media?parent=111664"}],"wp:term":[{"taxonomy":"product_brand","embeddable":true,"href":"https:\/\/web2print.ro\/shop\/wp-json\/wp\/v2\/product_brand?post=111664"},{"taxonomy":"product_cat","embeddable":true,"href":"https:\/\/web2print.ro\/shop\/wp-json\/wp\/v2\/product_cat?post=111664"},{"taxonomy":"product_tag","embeddable":true,"href":"https:\/\/web2print.ro\/shop\/wp-json\/wp\/v2\/product_tag?post=111664"}],"curies":[{"name":"wp","href":"https:\/\/api.w.org\/{rel}","templated":true}]}}