{"id":111671,"date":"2025-06-10T15:21:51","date_gmt":"2025-06-10T12:21:51","guid":{"rendered":"https:\/\/web-support.eu\/web2print\/product\/thc-dynamic-women-polo-tehnic-feminin\/"},"modified":"2026-05-06T18:55:02","modified_gmt":"2026-05-06T15:55:02","slug":"thc-dynamic-women-polo-tehnic-feminin","status":"publish","type":"product","link":"https:\/\/web2print.ro\/shop\/thc-dynamic-women-polo-tehnic-feminin\/","title":{"rendered":"THC Femei dinamice. Polo tehnic feminin personalizat\u0103"},"content":{"rendered":"<p>Tricou polo tehnic de dam\u0103<br \/>\nAcest tricou polo tehnic cu m\u00e2nec\u0103 scurt\u0103 pentru femei este confec\u021bionat din tricot pique 100% poliester reciclat (180 g\/m\u00b2).<\/p>\n<p>Are un guler tip rib 1&#215;1 \u0219i cus\u0103turi duble la m\u00e2neci \u0219i la baz\u0103. Fenta de nasturi este ranforsat\u0103 \u0219i prev\u0103zut\u0103 cu 3 nasturi colora\u021bi finisa\u021bi \u00een alb (cu excep\u021bia culorii 106, care are nasturi contrastan\u021bi negri). Piesa este t\u0103iat\u0103 \u0219i cusut\u0103, av\u00e2nd mici deschideri laterale la baza tricoului polo, finisate \u00een alb. <\/p>\n<table>\n<tbody>\n<tr>\n<td><strong>Exterior box (m):<\/strong><\/td>\n<td>0.580X0.380X0.240<\/td>\n<\/tr>\n<tr>\n<td><strong>Box weight (Kg.):<\/strong><\/td>\n<td>11<\/td>\n<\/tr>\n<tr>\n<td><strong>Exterior box (Pc.):<\/strong><\/td>\n<td>50<\/td>\n<\/tr>\n<tr>\n<td><strong>Interior box (Pc.):<\/strong><\/td>\n<td>5<\/td>\n<\/tr>\n<tr>\n<td><strong>Taric:<\/strong><\/td>\n<td>6106200000<\/td>\n<\/tr>\n<tr>\n<td><strong>Country of Origin:<\/strong><\/td>\n<td>China<\/td>\n<\/tr>\n<tr>\n<td><strong>Certificates:<\/strong><\/td>\n<td>OEKO-TEX<\/td>\n<\/tr>\n<\/tbody>\n<\/table>\n","protected":false},"excerpt":{"rendered":"<p>Polo tehnic cu m\u00e2nec\u0103 scurt\u0103 pentru femei, din poliester 100% reciclat, tricotat \u00een piqu\u00e9 (180 g\/m\u00b2). Acest tricou polo are un guler cu barete 1&#215;1 \u0219i cus\u0103turi duble pe m\u00e2neci \u0219i \u00een partea de jos. Plachet\u0103 \u00eent\u0103rit\u0103 cu 3 nasturi colora\u021bi, finisat\u0103 \u00een alb (cu excep\u021bia culorii 106 care este contrastat\u0103 cu negru). Piesa t\u0103iat\u0103 \u0219i cusut\u0103 cu mici deschideri laterale \u00een partea de jos a poloului \u0219i finisat\u0103 \u00een alb (cu excep\u021bia culorii 106 care este contrastat\u0103 cu negru)<\/p>\n","protected":false},"featured_media":35869,"comment_status":"closed","ping_status":"closed","template":"","meta":{"_joinchat":[]},"product_brand":[2753],"product_cat":[2650],"product_tag":[],"class_list":{"0":"post-111671","1":"product","2":"type-product","3":"status-publish","4":"has-post-thumbnail","6":"product_brand-hidea-ro","7":"product_cat-textile","8":"pa_size-l-2","9":"pa_size-m-2","10":"pa_size-s-2","11":"pa_size-xl-2","12":"pa_size-xs-2","13":"pa_size-xxl-2","15":"first","16":"instock","17":"taxable","18":"shipping-taxable","19":"product-type-variable"},"_links":{"self":[{"href":"https:\/\/web2print.ro\/shop\/wp-json\/wp\/v2\/product\/111671","targetHints":{"allow":["GET"]}}],"collection":[{"href":"https:\/\/web2print.ro\/shop\/wp-json\/wp\/v2\/product"}],"about":[{"href":"https:\/\/web2print.ro\/shop\/wp-json\/wp\/v2\/types\/product"}],"replies":[{"embeddable":true,"href":"https:\/\/web2print.ro\/shop\/wp-json\/wp\/v2\/comments?post=111671"}],"wp:featuredmedia":[{"embeddable":true,"href":"https:\/\/web2print.ro\/shop\/wp-json\/wp\/v2\/media\/35869"}],"wp:attachment":[{"href":"https:\/\/web2print.ro\/shop\/wp-json\/wp\/v2\/media?parent=111671"}],"wp:term":[{"taxonomy":"product_brand","embeddable":true,"href":"https:\/\/web2print.ro\/shop\/wp-json\/wp\/v2\/product_brand?post=111671"},{"taxonomy":"product_cat","embeddable":true,"href":"https:\/\/web2print.ro\/shop\/wp-json\/wp\/v2\/product_cat?post=111671"},{"taxonomy":"product_tag","embeddable":true,"href":"https:\/\/web2print.ro\/shop\/wp-json\/wp\/v2\/product_tag?post=111671"}],"curies":[{"name":"wp","href":"https:\/\/api.w.org\/{rel}","templated":true}]}}