{"id":111735,"date":"2025-06-10T15:21:49","date_gmt":"2025-06-10T12:21:49","guid":{"rendered":"https:\/\/web-support.eu\/web2print\/product\/thc-amsterdam-kids-wh-jachete-pentru-copii\/"},"modified":"2026-05-06T18:57:05","modified_gmt":"2026-05-06T15:57:05","slug":"thc-amsterdam-kids-wh-jachete-pentru-copii","status":"publish","type":"product","link":"https:\/\/web2print.ro\/shop\/thc-amsterdam-kids-wh-jachete-pentru-copii\/","title":{"rendered":"THC AMSTERDAM COPII alb. Jachete pentru copii personalizate"},"content":{"rendered":"<p>Jachet\u0103 pentru copii tratat\u0103 enzimatic, confec\u021bionat\u0103 din American Terry (50% bumbac din culturi sustenabile \u0219i 50% poliester reciclat, cu o greutate de 320 g\/m\u00b2).<\/p>\n<p>Gluga nu are \u0219nururi \u0219i este c\u0103ptu\u0219it\u0103 cu jerseu \u00een aceea\u0219i culoare cu jacheta, respect\u00e2nd standardele de siguran\u021b\u0103 ale Uniunii Europene.<\/p>\n<p>Jacheta are man\u0219ete \u0219i baz\u0103 cu band\u0103 reiat\u0103 1&#215;1, dou\u0103 buzunare laterale, fermoar cu cursor \u0219i chei\u021b\u0103, iar interiorul este plu\u0219at.<\/p>\n<p>Este disponibil\u0103 \u00een m\u0103rimile: 4, 6, 8, 10, 12.<\/p>\n<table>\n<tr>\n<td><strong>Exterior box (m):<\/strong><\/td>\n<td>0.540X0.400X0.250<\/td>\n<\/tr>\n<tr>\n<td><strong>Box weight (Kg.):<\/strong><\/td>\n<td>8.1<\/td>\n<\/tr>\n<tr>\n<td><strong>Exterior box (Pc.):<\/strong><\/td>\n<td>20<\/td>\n<\/tr>\n<tr>\n<td><strong>Interior box (Pc.):<\/strong><\/td>\n<td>1<\/td>\n<\/tr>\n<tr>\n<td><strong>Taric:<\/strong><\/td>\n<td>6110909090<\/td>\n<\/tr>\n<tr>\n<td><strong>Country of Origin:<\/strong><\/td>\n<td>Pakistan<\/td>\n<\/tr>\n<tr>\n<td><strong>Certificates:<\/strong><\/td>\n<td>OEKO-TEX<\/td>\n<\/tr>\n<\/table>\n","protected":false},"excerpt":{"rendered":"<p>Jachet\u0103 pentru copii tratat\u0103 cu enzime, din \u021bes\u0103tur\u0103 tip terry America (50% bumbac cu practici agricole durabile) \u0219i 50% poliester reciclat (320 g\/m\u00b2). Glug\u0103 f\u0103r\u0103 cordon \u0219i c\u0103ptu\u0219it\u0103 \u00een jerseu de aceea\u0219i culoare cu jacheta, conform standardelor de siguran\u021b\u0103 ale Uniunii Europene. Con\u021bine man\u0219ete \u0219i partea de jos cu barete 1&#215;1, 2 buzunare laterale, fermoar cu cursor \u0219i interior cardat<\/p>\n","protected":false},"featured_media":35984,"comment_status":"closed","ping_status":"open","template":"","meta":{"_joinchat":[]},"product_brand":[2753],"product_cat":[2650],"product_tag":[],"class_list":{"0":"post-111735","1":"product","2":"type-product","3":"status-publish","4":"has-post-thumbnail","6":"product_brand-hidea-ro","7":"product_cat-textile","9":"first","10":"instock","11":"taxable","12":"shipping-taxable","13":"product-type-variable"},"_links":{"self":[{"href":"https:\/\/web2print.ro\/shop\/wp-json\/wp\/v2\/product\/111735","targetHints":{"allow":["GET"]}}],"collection":[{"href":"https:\/\/web2print.ro\/shop\/wp-json\/wp\/v2\/product"}],"about":[{"href":"https:\/\/web2print.ro\/shop\/wp-json\/wp\/v2\/types\/product"}],"replies":[{"embeddable":true,"href":"https:\/\/web2print.ro\/shop\/wp-json\/wp\/v2\/comments?post=111735"}],"wp:featuredmedia":[{"embeddable":true,"href":"https:\/\/web2print.ro\/shop\/wp-json\/wp\/v2\/media\/35984"}],"wp:attachment":[{"href":"https:\/\/web2print.ro\/shop\/wp-json\/wp\/v2\/media?parent=111735"}],"wp:term":[{"taxonomy":"product_brand","embeddable":true,"href":"https:\/\/web2print.ro\/shop\/wp-json\/wp\/v2\/product_brand?post=111735"},{"taxonomy":"product_cat","embeddable":true,"href":"https:\/\/web2print.ro\/shop\/wp-json\/wp\/v2\/product_cat?post=111735"},{"taxonomy":"product_tag","embeddable":true,"href":"https:\/\/web2print.ro\/shop\/wp-json\/wp\/v2\/product_tag?post=111735"}],"curies":[{"name":"wp","href":"https:\/\/api.w.org\/{rel}","templated":true}]}}