{"id":111799,"date":"2025-06-10T15:21:45","date_gmt":"2025-06-10T12:21:45","guid":{"rendered":"https:\/\/web-support.eu\/web2print\/product\/thc-match-wh-pantaloni-scurti-de-sport-pentru-adulti\/"},"modified":"2026-05-06T19:05:05","modified_gmt":"2026-05-06T16:05:05","slug":"thc-match-wh-pantaloni-scurti-de-sport-pentru-adulti","status":"publish","type":"product","link":"https:\/\/web2print.ro\/shop\/thc-match-wh-pantaloni-scurti-de-sport-pentru-adulti\/","title":{"rendered":"THC MATCH WH. Pantaloni scur\u021bi de sport pentru adul\u021bi personaliza\u021bi"},"content":{"rendered":"<p>Ace\u0219ti pantaloni scur\u021bi sport pentru adul\u021bi sunt confec\u021biona\u021bi dintr-o plas\u0103 piqu\u00e9 100% din poliester reciclat, cu o greutate de 150 g\/m\u00b2.<\/p>\n<p>Materialul respirabil ofer\u0103 un confort sporit \u00een timpul activit\u0103\u021bilor \u00een aer liber.<\/p>\n<p>Sunt prev\u0103zu\u021bi cu o band\u0103 elastic\u0103 \u00een talie cu pliuri \u0219i un \u0219nur asortat, \u00een aceea\u0219i culoare cu pantalonii scur\u021bi. Tivul este cusut dublu pentru o rezisten\u021b\u0103 sporit\u0103.<\/p>\n<p>Disponibili \u00een m\u0103rimile: S, M, L, XL, XXL.<\/p>\n<table>\n<tbody>\n<tr>\n<td><strong>Exterior box (m):<\/strong><\/td>\n<td>0.420X0.320X0.300<\/td>\n<\/tr>\n<tr>\n<td><strong>Box weight (Kg.):<\/strong><\/td>\n<td>11.5<\/td>\n<\/tr>\n<tr>\n<td><strong>Exterior box (Pc.):<\/strong><\/td>\n<td>50<\/td>\n<\/tr>\n<tr>\n<td><strong>Interior box (Pc.):<\/strong><\/td>\n<td>5<\/td>\n<\/tr>\n<tr>\n<td><strong>Taric:<\/strong><\/td>\n<td>6103430000<\/td>\n<\/tr>\n<tr>\n<td><strong>Country of Origin:<\/strong><\/td>\n<td>China<\/td>\n<\/tr>\n<tr>\n<td><strong>Certificates:<\/strong><\/td>\n<td>OEKO-TEX<\/td>\n<\/tr>\n<\/tbody>\n<\/table>\n","protected":false},"excerpt":{"rendered":"<p>Pantaloni scur\u021bi de sport pentru adul\u021bi din plas\u0103 tip piqu\u00e9 din poliester 100% reciclat (150 g\/m\u00b2). \u021aes\u0103tura respirabil\u0103 ofer\u0103 un confort sporit \u00een timpul activit\u0103\u021bilor \u00een aer liber. Talie elastic\u0103 cu pliuri \u0219i cordon de str\u00e2ngere \u00een culoarea pantalonilor scur\u021bi. Cus\u0103tur\u0103 dubl\u0103 \u00een partea de jos a articolului de \u00eembr\u0103c\u0103minte<\/p>\n","protected":false},"featured_media":36132,"comment_status":"closed","ping_status":"closed","template":"","meta":{"_joinchat":[]},"product_brand":[2753],"product_cat":[2650],"product_tag":[],"class_list":{"0":"post-111799","1":"product","2":"type-product","3":"status-publish","4":"has-post-thumbnail","6":"product_brand-hidea-ro","7":"product_cat-textile","8":"pa_size-l-2","9":"pa_size-m-2","10":"pa_size-s-2","11":"pa_size-xl-2","12":"pa_size-xxl-2","14":"first","15":"instock","16":"taxable","17":"shipping-taxable","18":"product-type-variable"},"_links":{"self":[{"href":"https:\/\/web2print.ro\/shop\/wp-json\/wp\/v2\/product\/111799","targetHints":{"allow":["GET"]}}],"collection":[{"href":"https:\/\/web2print.ro\/shop\/wp-json\/wp\/v2\/product"}],"about":[{"href":"https:\/\/web2print.ro\/shop\/wp-json\/wp\/v2\/types\/product"}],"replies":[{"embeddable":true,"href":"https:\/\/web2print.ro\/shop\/wp-json\/wp\/v2\/comments?post=111799"}],"wp:featuredmedia":[{"embeddable":true,"href":"https:\/\/web2print.ro\/shop\/wp-json\/wp\/v2\/media\/36132"}],"wp:attachment":[{"href":"https:\/\/web2print.ro\/shop\/wp-json\/wp\/v2\/media?parent=111799"}],"wp:term":[{"taxonomy":"product_brand","embeddable":true,"href":"https:\/\/web2print.ro\/shop\/wp-json\/wp\/v2\/product_brand?post=111799"},{"taxonomy":"product_cat","embeddable":true,"href":"https:\/\/web2print.ro\/shop\/wp-json\/wp\/v2\/product_cat?post=111799"},{"taxonomy":"product_tag","embeddable":true,"href":"https:\/\/web2print.ro\/shop\/wp-json\/wp\/v2\/product_tag?post=111799"}],"curies":[{"name":"wp","href":"https:\/\/api.w.org\/{rel}","templated":true}]}}