{"id":111805,"date":"2025-06-10T15:21:42","date_gmt":"2025-06-10T12:21:42","guid":{"rendered":"https:\/\/web-support.eu\/web2print\/product\/thc-dubliners-hanorac-unisex\/"},"modified":"2026-05-06T19:07:01","modified_gmt":"2026-05-06T16:07:01","slug":"thc-dubliners-hanorac-unisex","status":"publish","type":"product","link":"https:\/\/web2print.ro\/shop\/thc-dubliners-hanorac-unisex\/","title":{"rendered":"THC DUBLINERS. Hanorac (unisex)"},"content":{"rendered":"<p>Aceast\u0103 bluz\u0103 de v\u00e2nt (windbreaker) impermeabil\u0103, unisex, este confec\u021bionat\u0103 din material taffeta de 100% nailon reciclat (65 g\/m\u00b2).<\/p>\n<p>Are o deschidere frontal\u0103 cu fermoar YKK\u00ae, un brand recunoscut pentru echipamentele moderne \u0219i controlul strict al calit\u0103\u021bii. Gluga este c\u0103ptu\u0219it\u0103 cu plas\u0103 \u0219i are \u0219nururi pentru ajustare. De asemenea, dispune de oche\u021bi pentru o ventila\u021bie u\u0219oar\u0103, un sistem de str\u00e2ngere elastic cu opritoare la baz\u0103 \u0219i buzunare laterale cu fermoar.<\/p>\n<p>Disponibil\u0103 \u00een m\u0103rimile: XS, S, M, L, XL, XXL.<\/p>\n<table>\n<tbody>\n<tr>\n<td><strong>Exterior box (m):<\/strong><\/td>\n<td>0.600X0.400X0.250<\/td>\n<\/tr>\n<tr>\n<td><strong>Box weight (Kg.):<\/strong><\/td>\n<td>11.5<\/td>\n<\/tr>\n<tr>\n<td><strong>Exterior box (Pc.):<\/strong><\/td>\n<td>50<\/td>\n<\/tr>\n<tr>\n<td><strong>Interior box (Pc.):<\/strong><\/td>\n<td>5<\/td>\n<\/tr>\n<tr>\n<td><strong>Taric:<\/strong><\/td>\n<td>6201401019<\/td>\n<\/tr>\n<tr>\n<td><strong>Country of Origin:<\/strong><\/td>\n<td>Bangladesh<\/td>\n<\/tr>\n<tr>\n<td><strong>Individual packing:<\/strong><\/td>\n<td>Polybag<\/td>\n<\/tr>\n<tr>\n<td><strong>Packing after Printing:<\/strong><\/td>\n<td>Without individual polybag<\/td>\n<\/tr>\n<tr>\n<td><strong>Certificates:<\/strong><\/td>\n<td>OEKO-TEX<\/td>\n<\/tr>\n<\/tbody>\n<\/table>\n","protected":false},"excerpt":{"rendered":"<p>Jachet\u0103 de protec\u021bie \u00eempotriva v\u00e2ntului impermeabil\u0103 (unisex) din 100% nailon tafta reciclat (65 g\/m\u00b2). Deschidere frontal\u0103 cu fermoar YKK\u00ae &#8211; un brand care folose\u0219te echipamente moderne \u0219i un control ridicat al calit\u0103\u021bii. Gluga este c\u0103ptu\u0219it\u0103 cu plas\u0103 \u0219i are cordon pentru str\u00e2ngere. Are orificii pentru o aerisire u\u0219oar\u0103, \u00eenchidere elastic\u0103 cu stoperi \u00een partea de jos \u0219i buzunare laterale cu fermoar<\/p>\n","protected":false},"featured_media":36177,"comment_status":"closed","ping_status":"closed","template":"","meta":{"_joinchat":[]},"product_brand":[2753],"product_cat":[2650],"product_tag":[],"class_list":{"0":"post-111805","1":"product","2":"type-product","3":"status-publish","4":"has-post-thumbnail","6":"product_brand-hidea-ro","7":"product_cat-textile","8":"pa_size-l-2","9":"pa_size-m-2","10":"pa_size-s-2","11":"pa_size-xl-2","12":"pa_size-xs-2","13":"pa_size-xxl-2","15":"first","16":"instock","17":"taxable","18":"shipping-taxable","19":"product-type-variable"},"_links":{"self":[{"href":"https:\/\/web2print.ro\/shop\/wp-json\/wp\/v2\/product\/111805","targetHints":{"allow":["GET"]}}],"collection":[{"href":"https:\/\/web2print.ro\/shop\/wp-json\/wp\/v2\/product"}],"about":[{"href":"https:\/\/web2print.ro\/shop\/wp-json\/wp\/v2\/types\/product"}],"replies":[{"embeddable":true,"href":"https:\/\/web2print.ro\/shop\/wp-json\/wp\/v2\/comments?post=111805"}],"wp:featuredmedia":[{"embeddable":true,"href":"https:\/\/web2print.ro\/shop\/wp-json\/wp\/v2\/media\/36177"}],"wp:attachment":[{"href":"https:\/\/web2print.ro\/shop\/wp-json\/wp\/v2\/media?parent=111805"}],"wp:term":[{"taxonomy":"product_brand","embeddable":true,"href":"https:\/\/web2print.ro\/shop\/wp-json\/wp\/v2\/product_brand?post=111805"},{"taxonomy":"product_cat","embeddable":true,"href":"https:\/\/web2print.ro\/shop\/wp-json\/wp\/v2\/product_cat?post=111805"},{"taxonomy":"product_tag","embeddable":true,"href":"https:\/\/web2print.ro\/shop\/wp-json\/wp\/v2\/product_tag?post=111805"}],"curies":[{"name":"wp","href":"https:\/\/api.w.org\/{rel}","templated":true}]}}