{"id":111862,"date":"2025-06-10T15:21:40","date_gmt":"2025-06-10T12:21:40","guid":{"rendered":"https:\/\/web-support.eu\/web2print\/product\/thc-zagreb-kids-jachete-pentru-copii\/"},"modified":"2026-05-06T19:13:02","modified_gmt":"2026-05-06T16:13:02","slug":"thc-zagreb-kids-jachete-pentru-copii","status":"publish","type":"product","link":"https:\/\/web2print.ro\/shop\/thc-zagreb-kids-jachete-pentru-copii\/","title":{"rendered":"THC ZAGREB COPII. Jachete pentru copii personalizate"},"content":{"rendered":"<p>Aceast\u0103 jachet\u0103 pentru copii este confec\u021bionat\u0103 din 96% poliester reciclat softshell \u0219i 4% elastan (280 g\/m\u00b2), av\u00e2nd dou\u0103 straturi \u0219i o c\u0103ptu\u0219eal\u0103 rezistent\u0103 la ap\u0103.<\/p>\n<p>Interiorul jachetei este c\u0103ptu\u0219it cu fleece din 100% poliester reciclat, oferind un plus de c\u0103ldur\u0103. Dispune de dou\u0103 buzunare frontale \u0219i un buzunar diagonal la piept, ambele cu fermoar.<\/p>\n<p>Gluga este deta\u0219abil\u0103 \u0219i ajustabil\u0103, prev\u0103zut\u0103 cu \u0219nur elastic \u0219i o band\u0103 autoadeziv\u0103 cu arici pentru fixare la guler. Deschidere frontal\u0103 este asigurat\u0103 de un fermoar YKK\u00ae, un brand recunoscut pentru echipamentele moderne \u0219i controlul calit\u0103\u021bii<\/p>\n<table>\n<tbody>\n<tr>\n<td><strong>Exterior box (m):<\/strong><\/td>\n<td>0.520X0.400X0.280<\/td>\n<\/tr>\n<tr>\n<td><strong>Box weight (Kg.):<\/strong><\/td>\n<td>11.5<\/td>\n<\/tr>\n<tr>\n<td><strong>Exterior box (Pc.):<\/strong><\/td>\n<td>20<\/td>\n<\/tr>\n<tr>\n<td><strong>Interior box (Pc.):<\/strong><\/td>\n<td>1<\/td>\n<\/tr>\n<tr>\n<td><strong>Taric:<\/strong><\/td>\n<td>6110309100<\/td>\n<\/tr>\n<tr>\n<td><strong>Country of Origin:<\/strong><\/td>\n<td>Bangladesh<\/td>\n<\/tr>\n<tr>\n<td><strong>Individual packing:<\/strong><\/td>\n<td>Polybag<\/td>\n<\/tr>\n<tr>\n<td><strong>Packing after Printing:<\/strong><\/td>\n<td>Without individual polybag<\/td>\n<\/tr>\n<tr>\n<td><strong>Certificates:<\/strong><\/td>\n<td>OEKO-TEX<\/td>\n<\/tr>\n<\/tbody>\n<\/table>\n","protected":false},"excerpt":{"rendered":"<p>Jachet\u0103 pentru copii din 96% poliester reciclat softshell \u0219i 4% elastan (280 g\/m\u00b2), cu dou\u0103 \u0219ireturi \u0219i c\u0103ptu\u0219eal\u0103 rezistent\u0103 la ap\u0103. Jachet\u0103 cu c\u0103ptu\u0219eal\u0103 din fleece (100% poliester reciclat), cu 2 buzunare frontale \u0219i un buzunar diagonal la piept, ambele cu fermoar. Glug\u0103 deta\u0219abil\u0103 \u0219i reglabil\u0103, cu cordon \u0219i curea adeziv\u0103 cu fermoar pentru a se potrivi la guler. Deschidere frontal\u0103 cu fermoar YKK\u00ae &#8211; o marc\u0103 care utilizeaz\u0103 echipamente moderne \u0219i un control ridicat al calit\u0103\u021bii. Man\u0219ete reglabile cu curea de \u00eenchidere adeziv\u0103. Partea inferioar\u0103 a spatelui rotunjit\u0103<\/p>\n","protected":false},"featured_media":461787,"comment_status":"closed","ping_status":"closed","template":"","meta":{"_joinchat":[]},"product_brand":[2753],"product_cat":[2650],"product_tag":[],"class_list":{"0":"post-111862","1":"product","2":"type-product","3":"status-publish","4":"has-post-thumbnail","6":"product_brand-hidea-ro","7":"product_cat-textile","9":"first","10":"instock","11":"taxable","12":"shipping-taxable","13":"product-type-variable"},"_links":{"self":[{"href":"https:\/\/web2print.ro\/shop\/wp-json\/wp\/v2\/product\/111862","targetHints":{"allow":["GET"]}}],"collection":[{"href":"https:\/\/web2print.ro\/shop\/wp-json\/wp\/v2\/product"}],"about":[{"href":"https:\/\/web2print.ro\/shop\/wp-json\/wp\/v2\/types\/product"}],"replies":[{"embeddable":true,"href":"https:\/\/web2print.ro\/shop\/wp-json\/wp\/v2\/comments?post=111862"}],"wp:featuredmedia":[{"embeddable":true,"href":"https:\/\/web2print.ro\/shop\/wp-json\/wp\/v2\/media\/461787"}],"wp:attachment":[{"href":"https:\/\/web2print.ro\/shop\/wp-json\/wp\/v2\/media?parent=111862"}],"wp:term":[{"taxonomy":"product_brand","embeddable":true,"href":"https:\/\/web2print.ro\/shop\/wp-json\/wp\/v2\/product_brand?post=111862"},{"taxonomy":"product_cat","embeddable":true,"href":"https:\/\/web2print.ro\/shop\/wp-json\/wp\/v2\/product_cat?post=111862"},{"taxonomy":"product_tag","embeddable":true,"href":"https:\/\/web2print.ro\/shop\/wp-json\/wp\/v2\/product_tag?post=111862"}],"curies":[{"name":"wp","href":"https:\/\/api.w.org\/{rel}","templated":true}]}}