{"id":111893,"date":"2025-06-10T15:21:36","date_gmt":"2025-06-10T12:21:36","guid":{"rendered":"https:\/\/web-support.eu\/web2print\/product\/thc-run-soseta-sport-la-jumatatea-gambei\/"},"modified":"2026-05-06T19:15:03","modified_gmt":"2026-05-06T16:15:03","slug":"thc-run-soseta-sport-la-jumatatea-gambei","status":"publish","type":"product","link":"https:\/\/web2print.ro\/shop\/thc-run-soseta-sport-la-jumatatea-gambei\/","title":{"rendered":"THC RUN. \u0218oset\u0103 sport la jum\u0103tatea gambei personalizat\u0103"},"content":{"rendered":"<p>Aceste \u0219osete sport mid-calf sunt fabricate din 95% poliester \u0219i 5% spandex (100 g\/m\u00b2).<\/p>\n<p>Beneficiaz\u0103 de o plas\u0103 ranforsat\u0103 \u00een zona t\u0103lpii \u0219i a gleznei, asigur\u00e2nd un confort sporit \u00een timpul activit\u0103\u021bilor sportive. De asemenea, sunt prev\u0103zute cu plas\u0103 pentru ventila\u021bie \u0219i elastic la man\u0219ete.<\/p>\n<p>Disponibile \u00een m\u0103rimile: 36-39, 40-44.<\/p>\n<table>\n<tbody>\n<tr>\n<td><strong>Exterior box (m):<\/strong><\/td>\n<td>0.500X0.370X0.310<\/td>\n<\/tr>\n<tr>\n<td><strong>Box weight (Kg.):<\/strong><\/td>\n<td>14<\/td>\n<\/tr>\n<tr>\n<td><strong>Exterior box (Pc.):<\/strong><\/td>\n<td>150<\/td>\n<\/tr>\n<tr>\n<td><strong>Interior box (Pc.):<\/strong><\/td>\n<td>10<\/td>\n<\/tr>\n<tr>\n<td><strong>Taric:<\/strong><\/td>\n<td>6115961000<\/td>\n<\/tr>\n<tr>\n<td><strong>Country of Origin:<\/strong><\/td>\n<td>China<\/td>\n<\/tr>\n<tr>\n<td><strong>Individual packing:<\/strong><\/td>\n<td>Polybag<\/td>\n<\/tr>\n<tr>\n<td><strong>Packing after Printing:<\/strong><\/td>\n<td>Without individual polybag<\/td>\n<\/tr>\n<tr>\n<td><strong>Certificates:<\/strong><\/td>\n<td>OEKO-TEX<\/td>\n<\/tr>\n<\/tbody>\n<\/table>\n","protected":false},"excerpt":{"rendered":"<p>\u0218oset\u0103 sport la jum\u0103tatea gambei din 95% poliester \u0219i 5% spandex (100 g\/m\u00b2). \u021aes\u0103tur\u0103 \u00eent\u0103rit\u0103 \u00een zona t\u0103lpii \u0219i a gleznei piciorului, asigur\u00e2nd un confort sporit \u00een timpul practic\u0103rii sportului. Con\u021bine mesh pentru ventila\u021bie \u0219i man\u0219ete elastice<\/p>\n","protected":false},"featured_media":36395,"comment_status":"closed","ping_status":"closed","template":"","meta":{"_joinchat":[]},"product_brand":[2753],"product_cat":[2650],"product_tag":[],"class_list":{"0":"post-111893","1":"product","2":"type-product","3":"status-publish","4":"has-post-thumbnail","6":"product_brand-hidea-ro","7":"product_cat-textile","9":"first","10":"instock","11":"taxable","12":"shipping-taxable","13":"product-type-variable"},"_links":{"self":[{"href":"https:\/\/web2print.ro\/shop\/wp-json\/wp\/v2\/product\/111893","targetHints":{"allow":["GET"]}}],"collection":[{"href":"https:\/\/web2print.ro\/shop\/wp-json\/wp\/v2\/product"}],"about":[{"href":"https:\/\/web2print.ro\/shop\/wp-json\/wp\/v2\/types\/product"}],"replies":[{"embeddable":true,"href":"https:\/\/web2print.ro\/shop\/wp-json\/wp\/v2\/comments?post=111893"}],"wp:featuredmedia":[{"embeddable":true,"href":"https:\/\/web2print.ro\/shop\/wp-json\/wp\/v2\/media\/36395"}],"wp:attachment":[{"href":"https:\/\/web2print.ro\/shop\/wp-json\/wp\/v2\/media?parent=111893"}],"wp:term":[{"taxonomy":"product_brand","embeddable":true,"href":"https:\/\/web2print.ro\/shop\/wp-json\/wp\/v2\/product_brand?post=111893"},{"taxonomy":"product_cat","embeddable":true,"href":"https:\/\/web2print.ro\/shop\/wp-json\/wp\/v2\/product_cat?post=111893"},{"taxonomy":"product_tag","embeddable":true,"href":"https:\/\/web2print.ro\/shop\/wp-json\/wp\/v2\/product_tag?post=111893"}],"curies":[{"name":"wp","href":"https:\/\/api.w.org\/{rel}","templated":true}]}}