{"id":111955,"date":"2025-06-10T15:21:35","date_gmt":"2025-06-10T12:21:35","guid":{"rendered":"https:\/\/web-support.eu\/web2print\/product\/thc-sprint-wh-pantaloni-de-trening-unisex\/"},"modified":"2026-05-06T19:21:03","modified_gmt":"2026-05-06T16:21:03","slug":"thc-sprint-wh-pantaloni-de-trening-unisex","status":"publish","type":"product","link":"https:\/\/web2print.ro\/shop\/thc-sprint-wh-pantaloni-de-trening-unisex\/","title":{"rendered":"THC SPRINT WH. Pantaloni de trening (unisex) personalizate"},"content":{"rendered":"<p>Pantaloni de trening unisex, trata\u021bi enzimatic, confec\u021biona\u021bi din french terry (70% bumbac provenit din practici agricole sustenabile) \u0219i 30% poliester reciclat (300 g\/m\u00b2).<\/p>\n<p>Dispun de o talie elastic\u0103 din rib 1&#215;1 cu \u0219nururi \u00een aceea\u0219i culoare cu pantalonii \u0219i dou\u0103 buzunare laterale cu fermoare invizibile \u0219i cus\u0103turi \u00eent\u0103rite. Partea de jos a pantalonilor de trening este, de asemenea, realizat\u0103 din rib 1&#215;1.<\/p>\n<p>M\u0103rimi disponibile: XS, S, M, L, XL, XXL.<\/p>\n<table>\n<tbody>\n<tr>\n<td><strong>Exterior box (m):<\/strong><\/td>\n<td>0.550X0.360X0.460<\/td>\n<\/tr>\n<tr>\n<td><strong>Box weight (Kg.):<\/strong><\/td>\n<td>15.3<\/td>\n<\/tr>\n<tr>\n<td><strong>Exterior box (Pc.):<\/strong><\/td>\n<td>30<\/td>\n<\/tr>\n<tr>\n<td><strong>Interior box (Pc.):<\/strong><\/td>\n<td>1<\/td>\n<\/tr>\n<tr>\n<td><strong>Taric:<\/strong><\/td>\n<td>6103490099<\/td>\n<\/tr>\n<tr>\n<td><strong>Country of Origin:<\/strong><\/td>\n<td>Pakistan<\/td>\n<\/tr>\n<tr>\n<td><strong>Certificates:<\/strong><\/td>\n<td>OEKO-TEX<\/td>\n<\/tr>\n<\/tbody>\n<\/table>\n","protected":false},"excerpt":{"rendered":"<p>Pantaloni de trening trata\u021bi cu enzime (unisex) din French Terry (70% bumbac cu practici agricole sustenabile) \u0219i 30% poliester reciclat (300 g\/m\u00b2). Talie elastic\u0103 cu ribat 1&#215;1 cu \u0219nururi \u00een aceea\u0219i culoare cu pantalonii \u0219i dou\u0103 buzunare laterale cu fermoare invizibile \u0219i cus\u0103turi \u00eent\u0103rite. Partea de jos a pantalonilor de trening este, de asemenea, confec\u021bionat\u0103 din ribat 1&#215;1<\/p>\n","protected":false},"featured_media":461775,"comment_status":"closed","ping_status":"closed","template":"","meta":{"_joinchat":[]},"product_brand":[2753],"product_cat":[2650],"product_tag":[],"class_list":{"0":"post-111955","1":"product","2":"type-product","3":"status-publish","4":"has-post-thumbnail","6":"product_brand-hidea-ro","7":"product_cat-textile","8":"pa_size-3xl-2","9":"pa_size-l-2","10":"pa_size-m-2","11":"pa_size-s-2","12":"pa_size-xl-2","13":"pa_size-xs-2","14":"pa_size-xxl-2","16":"first","17":"instock","18":"taxable","19":"shipping-taxable","20":"purchasable","21":"product-type-variable"},"_links":{"self":[{"href":"https:\/\/web2print.ro\/shop\/wp-json\/wp\/v2\/product\/111955","targetHints":{"allow":["GET"]}}],"collection":[{"href":"https:\/\/web2print.ro\/shop\/wp-json\/wp\/v2\/product"}],"about":[{"href":"https:\/\/web2print.ro\/shop\/wp-json\/wp\/v2\/types\/product"}],"replies":[{"embeddable":true,"href":"https:\/\/web2print.ro\/shop\/wp-json\/wp\/v2\/comments?post=111955"}],"wp:featuredmedia":[{"embeddable":true,"href":"https:\/\/web2print.ro\/shop\/wp-json\/wp\/v2\/media\/461775"}],"wp:attachment":[{"href":"https:\/\/web2print.ro\/shop\/wp-json\/wp\/v2\/media?parent=111955"}],"wp:term":[{"taxonomy":"product_brand","embeddable":true,"href":"https:\/\/web2print.ro\/shop\/wp-json\/wp\/v2\/product_brand?post=111955"},{"taxonomy":"product_cat","embeddable":true,"href":"https:\/\/web2print.ro\/shop\/wp-json\/wp\/v2\/product_cat?post=111955"},{"taxonomy":"product_tag","embeddable":true,"href":"https:\/\/web2print.ro\/shop\/wp-json\/wp\/v2\/product_tag?post=111955"}],"curies":[{"name":"wp","href":"https:\/\/api.w.org\/{rel}","templated":true}]}}