{"id":111963,"date":"2025-06-10T15:21:31","date_gmt":"2025-06-10T12:21:31","guid":{"rendered":"https:\/\/web-support.eu\/web2print\/product\/thc-sprint-kids-pantalonii-de-trening-pentru-copii\/"},"modified":"2026-05-06T19:23:02","modified_gmt":"2026-05-06T16:23:02","slug":"thc-sprint-kids-pantalonii-de-trening-pentru-copii","status":"publish","type":"product","link":"https:\/\/web2print.ro\/shop\/thc-sprint-kids-pantalonii-de-trening-pentru-copii\/","title":{"rendered":"THC SPRINT KIDS. Pantalonii de trening pentru copii personalizate"},"content":{"rendered":"<p>Pantaloni de trening pentru copii, trata\u021bi enzimatic, confec\u021biona\u021bi din french terry (70% bumbac provenit din practici agricole sustenabile) \u0219i 30% poliester reciclat (300 g\/m\u00b2).<\/p>\n<p>Ace\u0219tia prezint\u0103 o talie elastic\u0103 din rib 1&#215;1 cu \u0219nururi \u00een culoarea articolului \u0219i dou\u0103 buzunare laterale cu fermoare invizibile \u0219i cus\u0103turi \u00eent\u0103rite. Partea de jos a pantalonilor de trening este, de asemenea, realizat\u0103 din rib 1&#215;1.<\/p>\n<p>M\u0103rimi disponibile: 4, 6, 8, 10, 12.<\/p>\n<table>\n<tbody>\n<tr>\n<td><strong>Exterior box (m):<\/strong><\/td>\n<td>0.530X0.390X0.190<\/td>\n<\/tr>\n<tr>\n<td><strong>Box weight (Kg.):<\/strong><\/td>\n<td>8.5<\/td>\n<\/tr>\n<tr>\n<td><strong>Exterior box (Pc.):<\/strong><\/td>\n<td>30<\/td>\n<\/tr>\n<tr>\n<td><strong>Interior box (Pc.):<\/strong><\/td>\n<td>1<\/td>\n<\/tr>\n<tr>\n<td><strong>Taric:<\/strong><\/td>\n<td>6103490099<\/td>\n<\/tr>\n<tr>\n<td><strong>Country of Origin:<\/strong><\/td>\n<td>Pakistan<\/td>\n<\/tr>\n<tr>\n<td><strong>Certificates:<\/strong><\/td>\n<td>OEKO-TEX<\/td>\n<\/tr>\n<\/tbody>\n<\/table>\n","protected":false},"excerpt":{"rendered":"<p>Pantaloni de trening pentru copii cu tratament enzimatic, din French Terry (70% bumbac cu practici agricole durabile) \u0219i 30% poliester reciclat (300 g\/m\u00b2). Talie elastic\u0103 cu ribat 1&#215;1, cu \u0219nururi \u00een culoarea articolului \u0219i dou\u0103 buzunare laterale cu fermoare invizibile \u0219i cus\u0103turi \u00eent\u0103rite. Partea de jos a pantalonilor de trening este, de asemenea, confec\u021bionat\u0103 din ribat 1&#215;1<\/p>\n","protected":false},"featured_media":36570,"comment_status":"closed","ping_status":"closed","template":"","meta":{"_joinchat":[]},"product_brand":[2753],"product_cat":[2650],"product_tag":[],"class_list":{"0":"post-111963","1":"product","2":"type-product","3":"status-publish","4":"has-post-thumbnail","6":"product_brand-hidea-ro","7":"product_cat-textile","9":"first","10":"instock","11":"taxable","12":"shipping-taxable","13":"purchasable","14":"product-type-variable"},"_links":{"self":[{"href":"https:\/\/web2print.ro\/shop\/wp-json\/wp\/v2\/product\/111963","targetHints":{"allow":["GET"]}}],"collection":[{"href":"https:\/\/web2print.ro\/shop\/wp-json\/wp\/v2\/product"}],"about":[{"href":"https:\/\/web2print.ro\/shop\/wp-json\/wp\/v2\/types\/product"}],"replies":[{"embeddable":true,"href":"https:\/\/web2print.ro\/shop\/wp-json\/wp\/v2\/comments?post=111963"}],"wp:featuredmedia":[{"embeddable":true,"href":"https:\/\/web2print.ro\/shop\/wp-json\/wp\/v2\/media\/36570"}],"wp:attachment":[{"href":"https:\/\/web2print.ro\/shop\/wp-json\/wp\/v2\/media?parent=111963"}],"wp:term":[{"taxonomy":"product_brand","embeddable":true,"href":"https:\/\/web2print.ro\/shop\/wp-json\/wp\/v2\/product_brand?post=111963"},{"taxonomy":"product_cat","embeddable":true,"href":"https:\/\/web2print.ro\/shop\/wp-json\/wp\/v2\/product_cat?post=111963"},{"taxonomy":"product_tag","embeddable":true,"href":"https:\/\/web2print.ro\/shop\/wp-json\/wp\/v2\/product_tag?post=111963"}],"curies":[{"name":"wp","href":"https:\/\/api.w.org\/{rel}","templated":true}]}}