{"id":111985,"date":"2025-06-10T15:21:29","date_gmt":"2025-06-10T12:21:29","guid":{"rendered":"https:\/\/web-support.eu\/web2print\/product\/thc-bucharest-kids-tricou-cu-maneca-lunga\/"},"modified":"2026-05-06T19:25:01","modified_gmt":"2026-05-06T16:25:01","slug":"thc-bucharest-kids-tricou-cu-maneca-lunga","status":"publish","type":"product","link":"https:\/\/web2print.ro\/shop\/thc-bucharest-kids-tricou-cu-maneca-lunga\/","title":{"rendered":"THC BUCHAREST KIDS. Tricou cu m\u00e2nec\u0103 lung\u0103 personalizat"},"content":{"rendered":"<p>Tricou cu m\u00e2nec\u0103 lung\u0103 (150 g\/m\u00b2), cu tratament enzimatic, pentru copii, din \u021bes\u0103tur\u0103 jersey (100% bumbac ob\u021binut prin practici agricole sustenabile).<\/p>\n<p>Acesta are un guler din rib 1&#215;1 cu band\u0103 de \u00eent\u0103rire din jersey. Tricoul este de tip tubular, cu o croial\u0103 regular\u0103 \u0219i cus\u0103turi duble la m\u00e2neci \u0219i la baza articolului.<\/p>\n<p>M\u0103rimi disponibile: 2, 4, 6, 8, 10, 12.<\/p>\n<table>\n<tbody>\n<tr>\n<td><strong>Exterior box (m):<\/strong><\/td>\n<td>0.400X0.270X0.240<\/td>\n<\/tr>\n<tr>\n<td><strong>Box weight (Kg.):<\/strong><\/td>\n<td>4.1<\/td>\n<\/tr>\n<tr>\n<td><strong>Exterior box (Pc.):<\/strong><\/td>\n<td>50<\/td>\n<\/tr>\n<tr>\n<td><strong>Interior box (Pc.):<\/strong><\/td>\n<td>5<\/td>\n<\/tr>\n<tr>\n<td><strong>Taric:<\/strong><\/td>\n<td>6109100010<\/td>\n<\/tr>\n<tr>\n<td><strong>Country of Origin:<\/strong><\/td>\n<td>Bangladesh<\/td>\n<\/tr>\n<tr>\n<td><strong>Certificates:<\/strong><\/td>\n<td>OEKO-TEX<\/td>\n<\/tr>\n<\/tbody>\n<\/table>\n","protected":false},"excerpt":{"rendered":"<p>Tricou cu m\u00e2nec\u0103 lung\u0103 (150 g\/m\u00b2), cu tratament enzimatic, pentru copii, din \u021bes\u0103tur\u0103 jersey (100% bumbac cu practici agricole durabile). Guler cu ribat 1&#215;1 \u0219i band\u0103 de ranforsare din jerseu. Tricou tubular cu croial\u0103 regulat\u0103 \u0219i cus\u0103turi duble pe m\u00e2neci \u0219i \u00een partea de jos a articolului<\/p>\n","protected":false},"featured_media":36657,"comment_status":"closed","ping_status":"closed","template":"","meta":{"_joinchat":[]},"product_brand":[2753],"product_cat":[2650],"product_tag":[],"class_list":{"0":"post-111985","1":"product","2":"type-product","3":"status-publish","4":"has-post-thumbnail","6":"product_brand-hidea-ro","7":"product_cat-textile","9":"first","10":"instock","11":"taxable","12":"shipping-taxable","13":"purchasable","14":"product-type-variable"},"_links":{"self":[{"href":"https:\/\/web2print.ro\/shop\/wp-json\/wp\/v2\/product\/111985","targetHints":{"allow":["GET"]}}],"collection":[{"href":"https:\/\/web2print.ro\/shop\/wp-json\/wp\/v2\/product"}],"about":[{"href":"https:\/\/web2print.ro\/shop\/wp-json\/wp\/v2\/types\/product"}],"replies":[{"embeddable":true,"href":"https:\/\/web2print.ro\/shop\/wp-json\/wp\/v2\/comments?post=111985"}],"wp:featuredmedia":[{"embeddable":true,"href":"https:\/\/web2print.ro\/shop\/wp-json\/wp\/v2\/media\/36657"}],"wp:attachment":[{"href":"https:\/\/web2print.ro\/shop\/wp-json\/wp\/v2\/media?parent=111985"}],"wp:term":[{"taxonomy":"product_brand","embeddable":true,"href":"https:\/\/web2print.ro\/shop\/wp-json\/wp\/v2\/product_brand?post=111985"},{"taxonomy":"product_cat","embeddable":true,"href":"https:\/\/web2print.ro\/shop\/wp-json\/wp\/v2\/product_cat?post=111985"},{"taxonomy":"product_tag","embeddable":true,"href":"https:\/\/web2print.ro\/shop\/wp-json\/wp\/v2\/product_tag?post=111985"}],"curies":[{"name":"wp","href":"https:\/\/api.w.org\/{rel}","templated":true}]}}