{"id":112054,"date":"2025-06-10T15:21:26","date_gmt":"2025-06-10T12:21:26","guid":{"rendered":"https:\/\/web-support.eu\/web2print\/product\/thc-shield-women-jacheta-cu-gluga-pentru-femei\/"},"modified":"2026-05-06T19:29:02","modified_gmt":"2026-05-06T16:29:02","slug":"thc-shield-women-jacheta-cu-gluga-pentru-femei","status":"publish","type":"product","link":"https:\/\/web2print.ro\/shop\/thc-shield-women-jacheta-cu-gluga-pentru-femei\/","title":{"rendered":"THC SHIELD FEMEI. Jachet\u0103 cu glug\u0103 pentru femei personalizat\u0103"},"content":{"rendered":"<p>Jachet\u0103 de dam\u0103 cu glug\u0103, fabricat\u0103 din ripstop 100% nailon reciclat (350 g\/m\u00b2), cu interior c\u0103ptu\u0219it din tafta 100% nailon reciclat (350 g\/m\u00b2) pentru un confort sporit la purtare.<\/p>\n<p>Gluga este c\u0103ptu\u0219it\u0103 \u0219i are diverse func\u021bionalit\u0103\u021bi: o band\u0103 elastic\u0103, dou\u0103 capse \u0219i un fermoar care permite deta\u0219area acesteia.<\/p>\n<p>Jacheta are o deschidere frontal\u0103 cu fermoar YKK\u00ae \u2013 un brand ce utilizeaz\u0103 echipamente moderne cu un control riguros al calit\u0103\u021bii \u2013 \u0219i un tr\u0103g\u0103tor. Include dou\u0103 buzunare frontale cu fermoare \u0219i tr\u0103g\u0103toare, precum \u0219i dou\u0103 buzunare interioare cu \u00eenchidere adeziv\u0103.<\/p>\n<p>Pe partea inferioar\u0103 a spatelui exist\u0103 un acces cu fermoar, facilit\u00e2nd personalizarea.<\/p>\n<p>M\u0103rimi disponibile: XS, S, M, L, XL, XXL.<\/p>\n<table>\n<tbody>\n<tr>\n<td><strong>Exterior box (m):<\/strong><\/td>\n<td>0.600X0.400X0.550<\/td>\n<\/tr>\n<tr>\n<td><strong>Box weight (Kg.):<\/strong><\/td>\n<td>10<\/td>\n<\/tr>\n<tr>\n<td><strong>Exterior box (Pc.):<\/strong><\/td>\n<td>10<\/td>\n<\/tr>\n<tr>\n<td><strong>Interior box (Pc.):<\/strong><\/td>\n<td>1<\/td>\n<\/tr>\n<tr>\n<td><strong>Taric:<\/strong><\/td>\n<td>6202401091<\/td>\n<\/tr>\n<tr>\n<td><strong>Country of Origin:<\/strong><\/td>\n<td>Bangladesh<\/td>\n<\/tr>\n<tr>\n<td><strong>Individual packing:<\/strong><\/td>\n<td>Polybag<\/td>\n<\/tr>\n<tr>\n<td><strong>Packing after Printing:<\/strong><\/td>\n<td>Without individual polybag<\/td>\n<\/tr>\n<tr>\n<td><strong>Certificates:<\/strong><\/td>\n<td>OEKO-TEX<\/td>\n<\/tr>\n<\/tbody>\n<\/table>\n","protected":false},"excerpt":{"rendered":"<p>Jachet\u0103 cu glug\u0103 pentru femei din 100% nailon reciclat ripstop (350 g\/m\u00b2), interiorul este c\u0103ptu\u0219it cu 100% nailon reciclat tafta (350 g\/m\u00b2) pentru un confort sporit la purtare. Gluga este c\u0103ptu\u0219it\u0103 \u0219i are diferite caracteristici: o band\u0103 elastic\u0103, doi nasturi cu clichet \u0219i un fermoar care poate fi \u00eendep\u0103rtat. Deschidere frontal\u0103 cu fermoar YKK\u00ae &#8211; o marc\u0103 care folose\u0219te echipamente moderne cu un control ridicat al calit\u0103\u021bii &#8211; \u0219i tr\u0103g\u0103tor. Are dou\u0103 buzunare frontale cu fermoare \u0219i dou\u0103 buzunare interioare cu fermoare adezive. \u00cen partea inferioar\u0103 a spatelui exist\u0103 un acces cu fermoar pentru o personalizare u\u0219oar\u0103<\/p>\n","protected":false},"featured_media":461857,"comment_status":"closed","ping_status":"closed","template":"","meta":{"_joinchat":[]},"product_brand":[2753],"product_cat":[2650],"product_tag":[],"class_list":{"0":"post-112054","1":"product","2":"type-product","3":"status-publish","4":"has-post-thumbnail","6":"product_brand-hidea-ro","7":"product_cat-textile","8":"pa_size-l-2","9":"pa_size-m-2","10":"pa_size-s-2","11":"pa_size-xl-2","12":"pa_size-xs-2","13":"pa_size-xxl-2","15":"first","16":"instock","17":"taxable","18":"shipping-taxable","19":"purchasable","20":"product-type-variable"},"_links":{"self":[{"href":"https:\/\/web2print.ro\/shop\/wp-json\/wp\/v2\/product\/112054","targetHints":{"allow":["GET"]}}],"collection":[{"href":"https:\/\/web2print.ro\/shop\/wp-json\/wp\/v2\/product"}],"about":[{"href":"https:\/\/web2print.ro\/shop\/wp-json\/wp\/v2\/types\/product"}],"replies":[{"embeddable":true,"href":"https:\/\/web2print.ro\/shop\/wp-json\/wp\/v2\/comments?post=112054"}],"wp:featuredmedia":[{"embeddable":true,"href":"https:\/\/web2print.ro\/shop\/wp-json\/wp\/v2\/media\/461857"}],"wp:attachment":[{"href":"https:\/\/web2print.ro\/shop\/wp-json\/wp\/v2\/media?parent=112054"}],"wp:term":[{"taxonomy":"product_brand","embeddable":true,"href":"https:\/\/web2print.ro\/shop\/wp-json\/wp\/v2\/product_brand?post=112054"},{"taxonomy":"product_cat","embeddable":true,"href":"https:\/\/web2print.ro\/shop\/wp-json\/wp\/v2\/product_cat?post=112054"},{"taxonomy":"product_tag","embeddable":true,"href":"https:\/\/web2print.ro\/shop\/wp-json\/wp\/v2\/product_tag?post=112054"}],"curies":[{"name":"wp","href":"https:\/\/api.w.org\/{rel}","templated":true}]}}