{"id":112073,"date":"2025-06-10T15:21:24","date_gmt":"2025-06-10T12:21:24","guid":{"rendered":"https:\/\/web-support.eu\/web2print\/product\/thc-cloud-vesta-captusita-unisex\/"},"modified":"2026-05-06T19:29:02","modified_gmt":"2026-05-06T16:29:02","slug":"thc-cloud-vesta-captusita-unisex","status":"publish","type":"product","link":"https:\/\/web2print.ro\/shop\/thc-cloud-vesta-captusita-unisex\/","title":{"rendered":"THC CLOUD Vesta c\u0103ptu\u0219it\u0103 (unisex) personalizat\u0103"},"content":{"rendered":"<p>Vest\u0103 c\u0103ptu\u0219it\u0103 unisex, din ripstop 100% nailon reciclat (350 g\/m\u00b2), cu interior c\u0103ptu\u0219it din tafta 100% nailon reciclat (350 g\/m\u00b2) pentru un confort sporit la purtare.<\/p>\n<p>Are o deschidere frontal\u0103 cu fermoar YKK\u00ae \u2013 un brand ce utilizeaz\u0103 echipamente moderne cu un control riguros al calit\u0103\u021bii \u2013 \u0219i un m\u00e2ner. Include dou\u0103 buzunare frontale cu fermoare \u0219i tr\u0103g\u0103toare, precum \u0219i dou\u0103 buzunare interioare cu \u00eenchidere adeziv\u0103.<\/p>\n<p>Pe partea inferioar\u0103 a spatelui exist\u0103 un acces cu fermoar, facilit\u00e2nd personalizarea.<\/p>\n<p>M\u0103rimi disponibile: XS, S, M, L, XL, XXL, 3XL.<\/p>\n<table>\n<tbody>\n<tr>\n<td><strong>Exterior box (m):<\/strong><\/td>\n<td>0.600X0.400X0.500<\/td>\n<\/tr>\n<tr>\n<td><strong>Box weight (Kg.):<\/strong><\/td>\n<td>8.5<\/td>\n<\/tr>\n<tr>\n<td><strong>Exterior box (Pc.):<\/strong><\/td>\n<td>10<\/td>\n<\/tr>\n<tr>\n<td><strong>Interior box (Pc.):<\/strong><\/td>\n<td>1<\/td>\n<\/tr>\n<tr>\n<td><strong>Taric:<\/strong><\/td>\n<td>6201401090<\/td>\n<\/tr>\n<tr>\n<td><strong>Country of Origin:<\/strong><\/td>\n<td>Bangladesh<\/td>\n<\/tr>\n<tr>\n<td><strong>Individual packing:<\/strong><\/td>\n<td>Polybag<\/td>\n<\/tr>\n<tr>\n<td><strong>Packing after Printing:<\/strong><\/td>\n<td>Without individual polybag<\/td>\n<\/tr>\n<tr>\n<td><strong>Certificates:<\/strong><\/td>\n<td>OEKO-TEX<\/td>\n<\/tr>\n<\/tbody>\n<\/table>\n","protected":false},"excerpt":{"rendered":"<p>Vesta c\u0103ptu\u0219it\u0103 (unisex) din nailon 100% reciclat ripstop (350 g\/m\u00b2), interiorul este c\u0103ptu\u0219it cu tafta din nailon 100% reciclat (350 g\/m\u00b2) pentru un confort sporit la purtare. Deschidere frontal\u0103 cu fermoar YKK\u00ae &#8211; un brand care folose\u0219te echipamente moderne cu un control ridicat al calit\u0103\u021bii &#8211; \u0219i m\u00e2ner. Are dou\u0103 buzunare frontale cu fermoare \u0219i dou\u0103 buzunare interioare cu fermoare adezive. \u00cen partea inferioar\u0103 a spatelui exist\u0103 un acces cu fermoar pentru o personalizare u\u0219oar\u0103<\/p>\n","protected":false},"featured_media":36826,"comment_status":"closed","ping_status":"closed","template":"","meta":{"_joinchat":[]},"product_brand":[2753],"product_cat":[2650],"product_tag":[],"class_list":{"0":"post-112073","1":"product","2":"type-product","3":"status-publish","4":"has-post-thumbnail","6":"product_brand-hidea-ro","7":"product_cat-textile","8":"pa_size-3xl-2","9":"pa_size-l-2","10":"pa_size-m-2","11":"pa_size-s-2","12":"pa_size-xl-2","13":"pa_size-xs-2","14":"pa_size-xxl-2","16":"first","17":"instock","18":"taxable","19":"shipping-taxable","20":"purchasable","21":"product-type-variable"},"_links":{"self":[{"href":"https:\/\/web2print.ro\/shop\/wp-json\/wp\/v2\/product\/112073","targetHints":{"allow":["GET"]}}],"collection":[{"href":"https:\/\/web2print.ro\/shop\/wp-json\/wp\/v2\/product"}],"about":[{"href":"https:\/\/web2print.ro\/shop\/wp-json\/wp\/v2\/types\/product"}],"replies":[{"embeddable":true,"href":"https:\/\/web2print.ro\/shop\/wp-json\/wp\/v2\/comments?post=112073"}],"wp:featuredmedia":[{"embeddable":true,"href":"https:\/\/web2print.ro\/shop\/wp-json\/wp\/v2\/media\/36826"}],"wp:attachment":[{"href":"https:\/\/web2print.ro\/shop\/wp-json\/wp\/v2\/media?parent=112073"}],"wp:term":[{"taxonomy":"product_brand","embeddable":true,"href":"https:\/\/web2print.ro\/shop\/wp-json\/wp\/v2\/product_brand?post=112073"},{"taxonomy":"product_cat","embeddable":true,"href":"https:\/\/web2print.ro\/shop\/wp-json\/wp\/v2\/product_cat?post=112073"},{"taxonomy":"product_tag","embeddable":true,"href":"https:\/\/web2print.ro\/shop\/wp-json\/wp\/v2\/product_tag?post=112073"}],"curies":[{"name":"wp","href":"https:\/\/api.w.org\/{rel}","templated":true}]}}