{"id":112139,"date":"2025-06-10T15:21:18","date_gmt":"2025-06-10T12:21:18","guid":{"rendered":"https:\/\/web-support.eu\/web2print\/product\/starter-kit-infinite-planner-a5-setul-include-un-jurnal-infinit-kit-de-curatare-marker-si-suport-pentru-marker\/"},"modified":"2026-05-06T19:33:04","modified_gmt":"2026-05-06T16:33:04","slug":"starter-kit-infinite-planner-a5-setul-include-un-jurnal-infinit-kit-de-curatare-marker-si-suport-pentru-marker","status":"publish","type":"product","link":"https:\/\/web2print.ro\/shop\/starter-kit-infinite-planner-a5-setul-include-un-jurnal-infinit-kit-de-curatare-marker-si-suport-pentru-marker\/","title":{"rendered":"Kit de ini\u021biere Infinite Planner A5 personalizat"},"content":{"rendered":"<p>Setul de pornire &#8220;Infinite Diary&#8221; \u00ee\u021bi permite s\u0103 \u0219tergi cu u\u0219urin\u021b\u0103 tot ce ai scris \u0219i s\u0103 \u00ee\u021bi refaci planul zilnic oric\u00e2t de des dore\u0219ti. Acesta este format dintr-un &#8220;Infinite Diary&#8221; A5 cu copert\u0103 rigid\u0103 \u0219i inele, un kit de cur\u0103\u021bare (sticl\u0103 cu pulverizator goal\u0103, burete \u0219i lavet\u0103), un marker \u0219i un suport pentru marker.<\/p>\n<p>Nucleul &#8220;Infinite Diary&#8221; cuprinde:<\/p>\n<p>2 pagini pentru \u00eenregistrarea sarcinilor<\/p>\n<p>10 pagini pentru organizare s\u0103pt\u0103m\u00e2nal\u0103<\/p>\n<p>1 pagin\u0103 pentru organizare lunar\u0103<\/p>\n<p>1 pagin\u0103 pentru organizare anual\u0103 \u00eemp\u0103r\u021bit\u0103 pe s\u0103pt\u0103m\u00e2ni<\/p>\n<p>22 de pagini albe tip tabl\u0103 alb\u0103 pentru noti\u021be<\/p>\n<p>Noti\u021bele pot fi scanate. Produsele sunt fabricate \u00een Europa \u0219i sunt livrate \u00eentr-o cutie.<\/p>\n<p>Dimensiuni:<\/p>\n<p>Caiet: 148 x 210 mm<\/p>\n<p>Cutie: 225 x 175 x 46 mm<\/p>\n<table>\n<tr>\n<td><strong>Exterior box (m):<\/strong><\/td>\n<td>0.360&#215;0.230&#215;0.280<\/td>\n<\/tr>\n<tr>\n<td><strong>Box weight (Kg.):<\/strong><\/td>\n<td>5.5<\/td>\n<\/tr>\n<tr>\n<td><strong>Exterior box (Pc.):<\/strong><\/td>\n<td>12<\/td>\n<\/tr>\n<tr>\n<td><strong>Interior box (Pc.):<\/strong><\/td>\n<td>1<\/td>\n<\/tr>\n<tr>\n<td><strong>Taric:<\/strong><\/td>\n<td>4820103000<\/td>\n<\/tr>\n<tr>\n<td><strong>Country of Origin:<\/strong><\/td>\n<td>Portugal<\/td>\n<\/tr>\n<tr>\n<td><strong>Individual packing:<\/strong><\/td>\n<td>Box<\/td>\n<\/tr>\n<tr>\n<td><strong>Packing after Printing:<\/strong><\/td>\n<td>Box<\/td>\n<\/tr>\n<\/table>\n","protected":false},"excerpt":{"rendered":"<p>Kitul de pornire &#8220;Infinite Diary&#8221; \u00ee\u021bi permite s\u0103 \u0219tergi cu u\u0219urin\u021b\u0103 tot ce ai scris \u0219i s\u0103 \u00eencepi din nou planul t\u0103u zilnic ori de c\u00e2te ori dore\u0219ti. Este compus dintr-un &#8220;Jurnal Infinit&#8221; A5 cu copert\u0103 tare \u0219i cu inele, o trus\u0103 de cur\u0103\u021bare (sticl\u0103 de spray goal\u0103, burete \u0219i o lavet\u0103), un marker \u0219i un suport pentru marker. Con\u021binutul principal al &#8220;Jurnalului Infinit&#8221; const\u0103 \u00een 2 pagini pentru \u00eenregistrarea sarcinilor, 10 pagini pentru organizarea s\u0103pt\u0103m\u00e2nal\u0103, 1 pagin\u0103 pentru organizarea lunar\u0103, 1 pagin\u0103 pentru organizarea anual\u0103 \u00eemp\u0103r\u021bit\u0103 \u00een s\u0103pt\u0103m\u00e2ni \u0219i 22 de pagini de tabl\u0103 alb\u0103 simpl\u0103 pentru a lua noti\u021be. Notele pot fi scanate. Fabricat \u00een Europa. Produsele sunt livrate \u00eentr-o cutie<\/p>\n","protected":false},"featured_media":36991,"comment_status":"closed","ping_status":"open","template":"","meta":{"_joinchat":[]},"product_brand":[2756],"product_cat":[520,521],"product_tag":[],"class_list":{"0":"post-112139","1":"product","2":"type-product","3":"status-publish","4":"has-post-thumbnail","6":"product_brand-infinitebook-ro","7":"product_cat-accesorii-birou","8":"product_cat-caiete-si-dosare","10":"first","11":"instock","12":"taxable","13":"shipping-taxable","14":"purchasable","15":"product-type-variable"},"_links":{"self":[{"href":"https:\/\/web2print.ro\/shop\/wp-json\/wp\/v2\/product\/112139","targetHints":{"allow":["GET"]}}],"collection":[{"href":"https:\/\/web2print.ro\/shop\/wp-json\/wp\/v2\/product"}],"about":[{"href":"https:\/\/web2print.ro\/shop\/wp-json\/wp\/v2\/types\/product"}],"replies":[{"embeddable":true,"href":"https:\/\/web2print.ro\/shop\/wp-json\/wp\/v2\/comments?post=112139"}],"wp:featuredmedia":[{"embeddable":true,"href":"https:\/\/web2print.ro\/shop\/wp-json\/wp\/v2\/media\/36991"}],"wp:attachment":[{"href":"https:\/\/web2print.ro\/shop\/wp-json\/wp\/v2\/media?parent=112139"}],"wp:term":[{"taxonomy":"product_brand","embeddable":true,"href":"https:\/\/web2print.ro\/shop\/wp-json\/wp\/v2\/product_brand?post=112139"},{"taxonomy":"product_cat","embeddable":true,"href":"https:\/\/web2print.ro\/shop\/wp-json\/wp\/v2\/product_cat?post=112139"},{"taxonomy":"product_tag","embeddable":true,"href":"https:\/\/web2print.ro\/shop\/wp-json\/wp\/v2\/product_tag?post=112139"}],"curies":[{"name":"wp","href":"https:\/\/api.w.org\/{rel}","templated":true}]}}