{"id":112146,"date":"2025-06-10T15:21:22","date_gmt":"2025-06-10T12:21:22","guid":{"rendered":"https:\/\/web-support.eu\/web2print\/product\/luiz-sapca\/"},"modified":"2025-12-10T10:40:22","modified_gmt":"2025-12-10T08:40:22","slug":"luiz-sapca","status":"publish","type":"product","link":"https:\/\/web2print.ro\/shop\/luiz-sapca\/","title":{"rendered":"LUIZ. Sapca personalizat\u0103"},"content":{"rendered":"<p>\u0218apc\u0103 de baseball din poliester cu plas\u0103 elastic\u0103 respirabil\u0103 \u0219i band\u0103 de cauciuc. Dimensiune: 550 mm.<\/p>\n<table>\n<tbody>\n<tr>\n<td><strong>Exterior box (m):<\/strong><\/td>\n<td>0.600X0.430X0.350<\/td>\n<\/tr>\n<tr>\n<td><strong>Box weight (Kg.):<\/strong><\/td>\n<td>12<\/td>\n<\/tr>\n<tr>\n<td><strong>Exterior box (Pc.):<\/strong><\/td>\n<td>200<\/td>\n<\/tr>\n<tr>\n<td><strong>Interior box (Pc.):<\/strong><\/td>\n<td>1<\/td>\n<\/tr>\n<tr>\n<td><strong>Taric:<\/strong><\/td>\n<td>6505003000<\/td>\n<\/tr>\n<tr>\n<td><strong>Country of Origin:<\/strong><\/td>\n<td>China<\/td>\n<\/tr>\n<\/tbody>\n<\/table>\n","protected":false},"excerpt":{"rendered":"<p>\u0218apc\u0103 de baseball din poliester cu plas\u0103 elastic\u0103 respirabil\u0103 cu band\u0103 de cauciuc. Marime: 550 mm<\/p>\n","protected":false},"featured_media":37051,"comment_status":"closed","ping_status":"closed","template":"","meta":{"_joinchat":[]},"product_brand":[2753],"product_cat":[1949,2709,314,2650],"product_tag":[],"class_list":{"0":"post-112146","1":"product","2":"type-product","3":"status-publish","4":"has-post-thumbnail","6":"product_brand-hidea-ro","7":"product_cat-sepci","8":"product_cat-sezon-in-aer-liber","9":"product_cat-sport-outdoor","10":"product_cat-textile","12":"first","13":"instock","14":"taxable","15":"shipping-taxable","16":"product-type-variable"},"_links":{"self":[{"href":"https:\/\/web2print.ro\/shop\/wp-json\/wp\/v2\/product\/112146","targetHints":{"allow":["GET"]}}],"collection":[{"href":"https:\/\/web2print.ro\/shop\/wp-json\/wp\/v2\/product"}],"about":[{"href":"https:\/\/web2print.ro\/shop\/wp-json\/wp\/v2\/types\/product"}],"replies":[{"embeddable":true,"href":"https:\/\/web2print.ro\/shop\/wp-json\/wp\/v2\/comments?post=112146"}],"wp:featuredmedia":[{"embeddable":true,"href":"https:\/\/web2print.ro\/shop\/wp-json\/wp\/v2\/media\/37051"}],"wp:attachment":[{"href":"https:\/\/web2print.ro\/shop\/wp-json\/wp\/v2\/media?parent=112146"}],"wp:term":[{"taxonomy":"product_brand","embeddable":true,"href":"https:\/\/web2print.ro\/shop\/wp-json\/wp\/v2\/product_brand?post=112146"},{"taxonomy":"product_cat","embeddable":true,"href":"https:\/\/web2print.ro\/shop\/wp-json\/wp\/v2\/product_cat?post=112146"},{"taxonomy":"product_tag","embeddable":true,"href":"https:\/\/web2print.ro\/shop\/wp-json\/wp\/v2\/product_tag?post=112146"}],"curies":[{"name":"wp","href":"https:\/\/api.w.org\/{rel}","templated":true}]}}