{"id":112150,"date":"2025-06-10T15:21:23","date_gmt":"2025-06-10T12:21:23","guid":{"rendered":"https:\/\/web-support.eu\/web2print\/product\/caffettiera-350-cafetiera-350ml\/"},"modified":"2025-12-10T10:40:20","modified_gmt":"2025-12-10T08:40:20","slug":"caffettiera-350-cafetiera-350ml","status":"publish","type":"product","link":"https:\/\/web2print.ro\/shop\/caffettiera-350-cafetiera-350ml\/","title":{"rendered":"Cafetier\u0103 350ml personalizat\u0103"},"content":{"rendered":"<p>Cafetier\u0103 French Press cu un recipient din sticl\u0103 borosilicat\u0103 de \u00eenalt\u0103 calitate. Sticla este rezistent\u0103 la c\u0103ldur\u0103 \u0219i nu altereaz\u0103 aroma natural\u0103 a cafelei.<\/p>\n<p>Dispune de un piston \u0219i un filtru reutilizabile, din o\u021bel inoxidabil, care extrag toate uleiurile din boabele de cafea, l\u0103s\u00e2nd un minim de sedimente \u00een cea\u0219c\u0103. Cadrul din o\u021bel inoxidabil cromat protejeaz\u0103 carafa din sticl\u0103, \u00een timp ce capacul \u0219i m\u00e2nerul din plastic permit o utilizare sigur\u0103 \u0219i comod\u0103.<\/p>\n<p>Cafetiera Caffettiera combin\u0103 u\u0219urin\u021ba \u0219i rapiditatea prepar\u0103rii cu puritatea aromei specifice unei cafetiere cu pres\u0103. Poate con\u021bine p\u00e2n\u0103 la 350 ml. Este livrat\u0103 \u00eentr-o cutie de cadou.<\/p>\n<p>Dimensiuni: 132 x 195 x 75 mm.<\/p>\n<table>\n<tr>\n<td><strong>Exterior box (m):<\/strong><\/td>\n<td>0.265X0.210X0.275<\/td>\n<\/tr>\n<tr>\n<td><strong>Box weight (Kg.):<\/strong><\/td>\n<td>2.43<\/td>\n<\/tr>\n<tr>\n<td><strong>Exterior box (Pc.):<\/strong><\/td>\n<td>6<\/td>\n<\/tr>\n<tr>\n<td><strong>Interior box (Pc.):<\/strong><\/td>\n<td>1<\/td>\n<\/tr>\n<tr>\n<td><strong>Taric:<\/strong><\/td>\n<td>7323930090<\/td>\n<\/tr>\n<tr>\n<td><strong>Country of Origin:<\/strong><\/td>\n<td>Portugal<\/td>\n<\/tr>\n<tr>\n<td><strong>Certificates:<\/strong><\/td>\n<td>DOC<\/td>\n<\/tr>\n<\/table>\n","protected":false},"excerpt":{"rendered":"<p>Pres\u0103 francez\u0103 cu un recipient din sticl\u0103 borosilicat\u0103 de \u00eenalt\u0103 calitate. Sticla este rezistent\u0103 la c\u0103ldur\u0103 \u0219i nu altereaz\u0103 aroma natural\u0103 a cafelei. Are un piston \u0219i un filtru reutilizabil, din o\u021bel inoxidabil, care extrage toate uleiurile din boabele de cafea, pentru a l\u0103sa sedimente minime. Cadrul din o\u021bel inoxidabil cromat protejeaz\u0103 carafa de sticl\u0103, \u00een timp ce capacul \u0219i m\u00e2nerul din plastic permit o utilizare sigur\u0103 \u0219i comod\u0103. Caffettiera combin\u0103 u\u0219urin\u021ba \u0219i rapiditatea prepar\u0103rii cu puritatea aromei unui aparat de cafea cu pres\u0103. Are o capacitate p\u00e2n\u0103 la 350 ml. Se livreaz\u0103 \u00een cutie de cadou<\/p>\n","protected":false},"featured_media":37065,"comment_status":"closed","ping_status":"open","template":"","meta":{"_joinchat":[]},"product_brand":[2757],"product_cat":[670],"product_tag":[],"class_list":{"0":"post-112150","1":"product","2":"type-product","3":"status-publish","4":"has-post-thumbnail","6":"product_brand-bodum-ro","7":"product_cat-sticle-de-sport","9":"first","10":"instock","11":"taxable","12":"shipping-taxable","13":"product-type-variable"},"_links":{"self":[{"href":"https:\/\/web2print.ro\/shop\/wp-json\/wp\/v2\/product\/112150","targetHints":{"allow":["GET"]}}],"collection":[{"href":"https:\/\/web2print.ro\/shop\/wp-json\/wp\/v2\/product"}],"about":[{"href":"https:\/\/web2print.ro\/shop\/wp-json\/wp\/v2\/types\/product"}],"replies":[{"embeddable":true,"href":"https:\/\/web2print.ro\/shop\/wp-json\/wp\/v2\/comments?post=112150"}],"wp:featuredmedia":[{"embeddable":true,"href":"https:\/\/web2print.ro\/shop\/wp-json\/wp\/v2\/media\/37065"}],"wp:attachment":[{"href":"https:\/\/web2print.ro\/shop\/wp-json\/wp\/v2\/media?parent=112150"}],"wp:term":[{"taxonomy":"product_brand","embeddable":true,"href":"https:\/\/web2print.ro\/shop\/wp-json\/wp\/v2\/product_brand?post=112150"},{"taxonomy":"product_cat","embeddable":true,"href":"https:\/\/web2print.ro\/shop\/wp-json\/wp\/v2\/product_cat?post=112150"},{"taxonomy":"product_tag","embeddable":true,"href":"https:\/\/web2print.ro\/shop\/wp-json\/wp\/v2\/product_tag?post=112150"}],"curies":[{"name":"wp","href":"https:\/\/api.w.org\/{rel}","templated":true}]}}