{"id":112152,"date":"2025-06-10T15:21:06","date_gmt":"2025-06-10T12:21:06","guid":{"rendered":"https:\/\/web-support.eu\/web2print\/product\/chambord-350-cafetiera-350ml\/"},"modified":"2025-12-10T10:39:52","modified_gmt":"2025-12-10T08:39:52","slug":"chambord-350-cafetiera-350ml","status":"publish","type":"product","link":"https:\/\/web2print.ro\/shop\/chambord-350-cafetiera-350ml\/","title":{"rendered":"CHAMBORD 350. Cafetier\u0103 350ml personalizat\u0103"},"content":{"rendered":"<p>Cafetier\u0103 French Press cu un recipient din sticl\u0103 borosilicat\u0103 de \u00eenalt\u0103 calitate. Sticla este rezistent\u0103 la c\u0103ldur\u0103 \u0219i nu altereaz\u0103 aroma natural\u0103 a cafelei.<\/p>\n<p>Pistonul integrat din o\u021bel inoxidabil \u00eempiedic\u0103 boabele s\u0103 cad\u0103 din cafetier\u0103 \u00een timpul servirii cafelei. Cadrul \u0219i capacul cromate au un finisaj lucios, durabil \u0219i atractiv, \u00een timp ce m\u00e2nerul mat din PP (polipropilen\u0103) ofer\u0103 o prindere confortabil\u0103, care accentueaz\u0103 calitatea designului.<\/p>\n<p>Sistemul French Press este apreciat de pasiona\u021bii de cafea din \u00eentreaga lume pentru simplitatea prepar\u0103rii \u0219i puritatea aromei. Cafetiera Chambord are un design atemporal \u0219i este produs\u0103 cu m\u0103iestria superioar\u0103 pe care adep\u021bii s\u0103i au ajuns s\u0103 o a\u0219tepte.<\/p>\n<p>Are o capacitate de p\u00e2n\u0103 la 350 ml. Este livrat\u0103 \u00eentr-o cutie de cadou.<\/p>\n<p>Dimensiuni: 111 x 168 x 80 mm.<\/p>\n<table>\n<tbody>\n<tr>\n<td><strong>Exterior box (m):<\/strong><\/td>\n<td>0.268X0.220X0.280<\/td>\n<\/tr>\n<tr>\n<td><strong>Box weight (Kg.):<\/strong><\/td>\n<td>2.67<\/td>\n<\/tr>\n<tr>\n<td><strong>Exterior box (Pc.):<\/strong><\/td>\n<td>6<\/td>\n<\/tr>\n<tr>\n<td><strong>Interior box (Pc.):<\/strong><\/td>\n<td>1<\/td>\n<\/tr>\n<tr>\n<td><strong>Taric:<\/strong><\/td>\n<td>7323930090<\/td>\n<\/tr>\n<tr>\n<td><strong>Country of Origin:<\/strong><\/td>\n<td>Portugal<\/td>\n<\/tr>\n<tr>\n<td><strong>Certificates:<\/strong><\/td>\n<td>DOC<\/td>\n<\/tr>\n<\/tbody>\n<\/table>\n","protected":false},"excerpt":{"rendered":"<p>Pres\u0103 francez\u0103 cu un recipient din sticl\u0103 borosilicat\u0103 de \u00eenalt\u0103 calitate. Sticla este rezistent\u0103 la c\u0103ldur\u0103 \u0219i nu altereaz\u0103 aroma natural\u0103 a cafelei. Pistonul integral din o\u021bel inoxidabil \u00eempiedic\u0103 boabele s\u0103 cad\u0103 din cafetier\u0103 \u00een timp ce cafeaua este servit\u0103. Cadrul \u0219i capacul din crom au un finisaj lucios durabil \u0219i atractiv, \u00een timp ce m\u00e2nerul mat din PP ofer\u0103 o prindere confortabil\u0103 care accentueaz\u0103 calitatea designului. Sistemul de presare francez\u0103 este apreciat de pasiona\u021bii de cafea din \u00eentreaga lume pentru simplitatea prepar\u0103rii \u0219i puritatea aromei. Aparatul de cafea Chambord are un design atemporal \u0219i este produs cu m\u0103iestria superioar\u0103 la care se a\u0219teapt\u0103 adep\u021bii s\u0103i. Are o capacitate de p\u00e2n\u0103 la 350 ml. Se livreaz\u0103 \u00eentr-o cutie de cadou<\/p>\n","protected":false},"featured_media":461883,"comment_status":"closed","ping_status":"closed","template":"","meta":{"_joinchat":[]},"product_brand":[2757],"product_cat":[670],"product_tag":[],"class_list":{"0":"post-112152","1":"product","2":"type-product","3":"status-publish","4":"has-post-thumbnail","6":"product_brand-bodum-ro","7":"product_cat-sticle-de-sport","9":"first","10":"instock","11":"taxable","12":"shipping-taxable","13":"purchasable","14":"product-type-variable"},"_links":{"self":[{"href":"https:\/\/web2print.ro\/shop\/wp-json\/wp\/v2\/product\/112152","targetHints":{"allow":["GET"]}}],"collection":[{"href":"https:\/\/web2print.ro\/shop\/wp-json\/wp\/v2\/product"}],"about":[{"href":"https:\/\/web2print.ro\/shop\/wp-json\/wp\/v2\/types\/product"}],"replies":[{"embeddable":true,"href":"https:\/\/web2print.ro\/shop\/wp-json\/wp\/v2\/comments?post=112152"}],"wp:featuredmedia":[{"embeddable":true,"href":"https:\/\/web2print.ro\/shop\/wp-json\/wp\/v2\/media\/461883"}],"wp:attachment":[{"href":"https:\/\/web2print.ro\/shop\/wp-json\/wp\/v2\/media?parent=112152"}],"wp:term":[{"taxonomy":"product_brand","embeddable":true,"href":"https:\/\/web2print.ro\/shop\/wp-json\/wp\/v2\/product_brand?post=112152"},{"taxonomy":"product_cat","embeddable":true,"href":"https:\/\/web2print.ro\/shop\/wp-json\/wp\/v2\/product_cat?post=112152"},{"taxonomy":"product_tag","embeddable":true,"href":"https:\/\/web2print.ro\/shop\/wp-json\/wp\/v2\/product_tag?post=112152"}],"curies":[{"name":"wp","href":"https:\/\/api.w.org\/{rel}","templated":true}]}}