{"id":112159,"date":"2025-06-10T15:21:08","date_gmt":"2025-06-10T12:21:08","guid":{"rendered":"https:\/\/web-support.eu\/web2print\/product\/bistro-thermal-termos-de-11l\/"},"modified":"2025-12-10T10:40:21","modified_gmt":"2025-12-10T08:40:21","slug":"bistro-thermal-termos-de-11l","status":"publish","type":"product","link":"https:\/\/web2print.ro\/shop\/bistro-thermal-termos-de-11l\/","title":{"rendered":"Termos Bistro Termal de 1,1 L personalizat"},"content":{"rendered":"<p>Recipient tip ibric izolat cu vid, din o\u021bel inoxidabil. Capacul se \u00eenchide automat dup\u0103 fiecare utilizare pentru a men\u021bine temperatura dorit\u0103 \u0219i a economisi energie. O simpl\u0103 ap\u0103sare pe capac deschide recipientul \u0219i permite lichidelor s\u0103 curg\u0103. Designul elegant al ibricului Bistro \u00eel face termosul ideal pentru a bea ceai rece \u00een gr\u0103din\u0103 sau pur \u0219i simplu pentru a men\u021bine ceaiul fierbinte pe masa din buc\u0103t\u0103rie. Are o capacitate de p\u00e2n\u0103 la 1,1 L. Dimensiuni: 158 x 300 x 134 mm.<\/p>\n<table>\n<tr>\n<td><strong>Exterior box (m):<\/strong><\/td>\n<td>0.295X0.320X0.435<\/td>\n<\/tr>\n<tr>\n<td><strong>Box weight (Kg.):<\/strong><\/td>\n<td>6.378<\/td>\n<\/tr>\n<tr>\n<td><strong>Exterior box (Pc.):<\/strong><\/td>\n<td>6<\/td>\n<\/tr>\n<tr>\n<td><strong>Interior box (Pc.):<\/strong><\/td>\n<td>1<\/td>\n<\/tr>\n<tr>\n<td><strong>Taric:<\/strong><\/td>\n<td>9617000000<\/td>\n<\/tr>\n<tr>\n<td><strong>Country of Origin:<\/strong><\/td>\n<td>Portugal<\/td>\n<\/tr>\n<tr>\n<td><strong>Certificates:<\/strong><\/td>\n<td>DOC<\/td>\n<\/tr>\n<\/table>\n","protected":false},"excerpt":{"rendered":"<p>Termos din o\u021bel inoxidabil izolat \u00een vid. Capacul se \u00eenchide automat dup\u0103 fiecare utilizare pentru a men\u021bine temperatura dorit\u0103 \u0219i a economisi energie. O ap\u0103sare u\u0219oar\u0103 pe capac deschide ulciorul \u0219i las\u0103 lichidele s\u0103 curg\u0103. Designul elegant al termosului Bistro \u00eel face ideal pentru a bea ceai cu ghea\u021b\u0103 sau pur \u0219i simplu pentru a men\u021bine cald ceaiul din plante. Are o capacitate de p\u00e2n\u0103 la 1,1 l<\/p>\n","protected":false},"featured_media":37140,"comment_status":"closed","ping_status":"open","template":"","meta":{"_joinchat":[]},"product_brand":[2757],"product_cat":[670],"product_tag":[],"class_list":{"0":"post-112159","1":"product","2":"type-product","3":"status-publish","4":"has-post-thumbnail","6":"product_brand-bodum-ro","7":"product_cat-sticle-de-sport","9":"first","10":"instock","11":"taxable","12":"shipping-taxable","13":"purchasable","14":"product-type-variable"},"_links":{"self":[{"href":"https:\/\/web2print.ro\/shop\/wp-json\/wp\/v2\/product\/112159","targetHints":{"allow":["GET"]}}],"collection":[{"href":"https:\/\/web2print.ro\/shop\/wp-json\/wp\/v2\/product"}],"about":[{"href":"https:\/\/web2print.ro\/shop\/wp-json\/wp\/v2\/types\/product"}],"replies":[{"embeddable":true,"href":"https:\/\/web2print.ro\/shop\/wp-json\/wp\/v2\/comments?post=112159"}],"wp:featuredmedia":[{"embeddable":true,"href":"https:\/\/web2print.ro\/shop\/wp-json\/wp\/v2\/media\/37140"}],"wp:attachment":[{"href":"https:\/\/web2print.ro\/shop\/wp-json\/wp\/v2\/media?parent=112159"}],"wp:term":[{"taxonomy":"product_brand","embeddable":true,"href":"https:\/\/web2print.ro\/shop\/wp-json\/wp\/v2\/product_brand?post=112159"},{"taxonomy":"product_cat","embeddable":true,"href":"https:\/\/web2print.ro\/shop\/wp-json\/wp\/v2\/product_cat?post=112159"},{"taxonomy":"product_tag","embeddable":true,"href":"https:\/\/web2print.ro\/shop\/wp-json\/wp\/v2\/product_tag?post=112159"}],"curies":[{"name":"wp","href":"https:\/\/api.w.org\/{rel}","templated":true}]}}