{"id":112161,"date":"2025-06-10T15:21:09","date_gmt":"2025-06-10T12:21:09","guid":{"rendered":"https:\/\/web-support.eu\/web2print\/product\/melior-sticla-din-tritan\/"},"modified":"2025-12-10T10:40:19","modified_gmt":"2025-12-10T08:40:19","slug":"melior-sticla-din-tritan","status":"publish","type":"product","link":"https:\/\/web2print.ro\/shop\/melior-sticla-din-tritan\/","title":{"rendered":"MELIOR. Sticl\u0103 din tritan personalizat\u0103"},"content":{"rendered":"<p>Sticl\u0103 fabricat\u0103 din Tritan\u2122 de \u00eenalt\u0103 calitate. Are un capac etan\u0219 cu filet \u0219i garnitur\u0103 de silicon pentru a preveni scurgerile.<\/p>\n<p>Pentru un transport u\u0219or, include \u0219i o baz\u0103 deta\u0219abil\u0103 din silicon care protejeaz\u0103 \u00eempotriva deterior\u0103rii \u00een caz de c\u0103dere \u0219i un m\u00e2ner ata\u0219at la capac. Melior este sticla ideal\u0103 pentru un stil de via\u021b\u0103 activ.<\/p>\n<p>Este sigur\u0103 pentru ma\u0219ina de sp\u0103lat vase. Are o capacitate de p\u00e2n\u0103 la 500 ml.<\/p>\n<p>Dimensiuni: 68 x 262 x 68 mm.<\/p>\n<table>\n<tbody>\n<tr>\n<td><strong>Exterior box (m):<\/strong><\/td>\n<td>0.157&#215;0.305&#215;0.305<\/td>\n<\/tr>\n<tr>\n<td><strong>Box weight (Kg.):<\/strong><\/td>\n<td>2.944<\/td>\n<\/tr>\n<tr>\n<td><strong>Exterior box (Pc.):<\/strong><\/td>\n<td>8<\/td>\n<\/tr>\n<tr>\n<td><strong>Interior box (Pc.):<\/strong><\/td>\n<td>1<\/td>\n<\/tr>\n<tr>\n<td><strong>Taric:<\/strong><\/td>\n<td>3924100090<\/td>\n<\/tr>\n<tr>\n<td><strong>Country of Origin:<\/strong><\/td>\n<td>Portugal<\/td>\n<\/tr>\n<tr>\n<td><strong>Certificates:<\/strong><\/td>\n<td>DOC<\/td>\n<\/tr>\n<\/tbody>\n<\/table>\n","protected":false},"excerpt":{"rendered":"<p>Sticl\u0103 din Tritan\u2122 de \u00eenalt\u0103 calitate. Dispune de un capac etan\u0219, cu \u0219urub, cu garnitur\u0103 de silicon pentru a preveni v\u0103rsarea. Pentru un transport u\u0219or, con\u021bine, de asemenea, o baz\u0103 deta\u0219abil\u0103 din silicon care protejeaz\u0103 \u00eempotriva deterior\u0103rii \u00een caz de c\u0103dere \u0219i un m\u00e2ner ata\u0219at la capac. Melior este sticla ideal\u0103 pentru a completa un stil de via\u021b\u0103 activ. Se poate sp\u0103la \u00een ma\u0219ina de sp\u0103lat vase. Are o capacitate de p\u00e2n\u0103 la 500 ml<\/p>\n","protected":false},"featured_media":461895,"comment_status":"closed","ping_status":"closed","template":"","meta":{"_joinchat":[]},"product_brand":[2757],"product_cat":[670],"product_tag":[],"class_list":{"0":"post-112161","1":"product","2":"type-product","3":"status-publish","4":"has-post-thumbnail","6":"product_brand-bodum-ro","7":"product_cat-sticle-de-sport","9":"first","10":"instock","11":"taxable","12":"shipping-taxable","13":"purchasable","14":"product-type-variable"},"_links":{"self":[{"href":"https:\/\/web2print.ro\/shop\/wp-json\/wp\/v2\/product\/112161","targetHints":{"allow":["GET"]}}],"collection":[{"href":"https:\/\/web2print.ro\/shop\/wp-json\/wp\/v2\/product"}],"about":[{"href":"https:\/\/web2print.ro\/shop\/wp-json\/wp\/v2\/types\/product"}],"replies":[{"embeddable":true,"href":"https:\/\/web2print.ro\/shop\/wp-json\/wp\/v2\/comments?post=112161"}],"wp:featuredmedia":[{"embeddable":true,"href":"https:\/\/web2print.ro\/shop\/wp-json\/wp\/v2\/media\/461895"}],"wp:attachment":[{"href":"https:\/\/web2print.ro\/shop\/wp-json\/wp\/v2\/media?parent=112161"}],"wp:term":[{"taxonomy":"product_brand","embeddable":true,"href":"https:\/\/web2print.ro\/shop\/wp-json\/wp\/v2\/product_brand?post=112161"},{"taxonomy":"product_cat","embeddable":true,"href":"https:\/\/web2print.ro\/shop\/wp-json\/wp\/v2\/product_cat?post=112161"},{"taxonomy":"product_tag","embeddable":true,"href":"https:\/\/web2print.ro\/shop\/wp-json\/wp\/v2\/product_tag?post=112161"}],"curies":[{"name":"wp","href":"https:\/\/api.w.org\/{rel}","templated":true}]}}