{"id":112167,"date":"2025-06-10T15:21:11","date_gmt":"2025-06-10T12:21:11","guid":{"rendered":"https:\/\/web-support.eu\/web2print\/product\/bistro-450-sticla-de-plastic-450ml\/"},"modified":"2025-12-10T10:40:35","modified_gmt":"2025-12-10T08:40:35","slug":"bistro-450-sticla-de-plastic-450ml","status":"publish","type":"product","link":"https:\/\/web2print.ro\/shop\/bistro-450-sticla-de-plastic-450ml\/","title":{"rendered":"BISTRO 450. Sticl\u0103 de plastic 450ml personalizat\u0103"},"content":{"rendered":"<p>ticl\u0103 cu perete dublu, transparent\u0103, fabricat\u0103 din Tritan\u2122 de \u00eenalt\u0103 calitate. Izola\u021bia cu perete dublu este rezistent\u0103 la spargere \u0219i nu se va p\u0103ta sau nu va l\u0103sa gust.<\/p>\n<p>Banda de silicon o face confortabil\u0103 \u0219i sigur\u0103 de transportat, iar capacul cu filet, cu deschidere u\u0219oar\u0103 \u00een partea superioar\u0103, asigur\u0103 un flux bun de ap\u0103 pentru a preveni accidentele. Sticla de ap\u0103 Bistro este u\u0219or de transportat, iar \u00eenchiderea inovatoare previne scurgerile \u00een rucsac. Este \u00eenso\u021bitorul ideal pentru via\u021ba de zi cu zi.<\/p>\n<p>Este potrivit\u0103 pentru ma\u0219ina de sp\u0103lat vase. Are o capacitate de p\u00e2n\u0103 la 450 ml.<\/p>\n<p>Dimensiuni: 89 x 253 x 71 mm.<\/p>\n<table>\n<tbody>\n<tr>\n<td><strong>Exterior box (m):<\/strong><\/td>\n<td>0.173X0.272X0.330<\/td>\n<\/tr>\n<tr>\n<td><strong>Box weight (Kg.):<\/strong><\/td>\n<td>2.272<\/td>\n<\/tr>\n<tr>\n<td><strong>Exterior box (Pc.):<\/strong><\/td>\n<td>8<\/td>\n<\/tr>\n<tr>\n<td><strong>Interior box (Pc.):<\/strong><\/td>\n<td>1<\/td>\n<\/tr>\n<tr>\n<td><strong>Taric:<\/strong><\/td>\n<td>3924100090<\/td>\n<\/tr>\n<tr>\n<td><strong>Country of Origin:<\/strong><\/td>\n<td>Portugal<\/td>\n<\/tr>\n<tr>\n<td><strong>Certificates:<\/strong><\/td>\n<td>DOC<\/td>\n<\/tr>\n<\/tbody>\n<\/table>\n","protected":false},"excerpt":{"rendered":"<p>Sticl\u0103 transparent\u0103 cu pere\u021bi dubli din Tritan\u2122 de \u00eenalt\u0103 calitate. Izola\u021bia cu pere\u021bi dubli este rezistent\u0103 la rupere \u0219i nu p\u0103teaz\u0103 \u0219i nu are gust. Banda de silicon face ca aceasta s\u0103 fie confortabil\u0103 \u0219i sigur\u0103 pentru transport, iar capacul cu filet cu deschidere u\u0219oar\u0103 \u00een partea de sus asigur\u0103 un flux bun de ap\u0103 pentru a preveni accidentele. Sticla de ap\u0103 Bistro este u\u0219or de transportat, iar \u00eenchiderea inovatoare v\u0103 protejeaz\u0103 \u00eempotriva v\u0103rs\u0103rii \u00een rucsac. Este partenerul ideal pentru via\u021ba de zi cu zi. Potrivit\u0103 pentru ma\u0219ina de sp\u0103lat vase. Are o capacitate de p\u00e2n\u0103 la 450 ml<\/p>\n","protected":false},"featured_media":461949,"comment_status":"closed","ping_status":"closed","template":"","meta":{"_joinchat":[]},"product_brand":[2757],"product_cat":[670],"product_tag":[],"class_list":{"0":"post-112167","1":"product","2":"type-product","3":"status-publish","4":"has-post-thumbnail","6":"product_brand-bodum-ro","7":"product_cat-sticle-de-sport","9":"first","10":"instock","11":"taxable","12":"shipping-taxable","13":"purchasable","14":"product-type-variable"},"_links":{"self":[{"href":"https:\/\/web2print.ro\/shop\/wp-json\/wp\/v2\/product\/112167","targetHints":{"allow":["GET"]}}],"collection":[{"href":"https:\/\/web2print.ro\/shop\/wp-json\/wp\/v2\/product"}],"about":[{"href":"https:\/\/web2print.ro\/shop\/wp-json\/wp\/v2\/types\/product"}],"replies":[{"embeddable":true,"href":"https:\/\/web2print.ro\/shop\/wp-json\/wp\/v2\/comments?post=112167"}],"wp:featuredmedia":[{"embeddable":true,"href":"https:\/\/web2print.ro\/shop\/wp-json\/wp\/v2\/media\/461949"}],"wp:attachment":[{"href":"https:\/\/web2print.ro\/shop\/wp-json\/wp\/v2\/media?parent=112167"}],"wp:term":[{"taxonomy":"product_brand","embeddable":true,"href":"https:\/\/web2print.ro\/shop\/wp-json\/wp\/v2\/product_brand?post=112167"},{"taxonomy":"product_cat","embeddable":true,"href":"https:\/\/web2print.ro\/shop\/wp-json\/wp\/v2\/product_cat?post=112167"},{"taxonomy":"product_tag","embeddable":true,"href":"https:\/\/web2print.ro\/shop\/wp-json\/wp\/v2\/product_tag?post=112167"}],"curies":[{"name":"wp","href":"https:\/\/api.w.org\/{rel}","templated":true}]}}