{"id":112173,"date":"2025-06-10T15:21:13","date_gmt":"2025-06-10T12:21:13","guid":{"rendered":"https:\/\/web-support.eu\/web2print\/product\/patti-15g-sapun-de-renume-cu-15g\/"},"modified":"2025-12-10T10:40:32","modified_gmt":"2025-12-10T08:40:32","slug":"patti-15g-sapun-de-renume-cu-15g","status":"publish","type":"product","link":"https:\/\/web2print.ro\/shop\/patti-15g-sapun-de-renume-cu-15g\/","title":{"rendered":"PATTI 15g. S\u0103pun de renume cu 15g personalizat"},"content":{"rendered":"<p>Succesul acestui s\u0103pun celebru se datoreaz\u0103 unei formule de calitate, bazat\u0103 pe s\u0103pun vegetal \u0219i arome revigorante, inconfundabile, precum trandafir, vanilie, lavand\u0103, bergamot\u0103 \u0219i patchouli. Ideal pentru \u00eengrijirea zilnic\u0103 a pielii, l\u0103s\u00e2nd-o mai moale \u0219i mai fin\u0103. Dup\u0103 90 de ani de la lansare, s\u0103punul Patti este considerat un best-seller \u0219i un favorit al consumatorilor. Capacitate de p\u00e2n\u0103 la 15 g. Produs ecologic. Dimensiuni: 57 x 10 x 34 mm.<\/p>\n<table>\n<tbody>\n<tr>\n<td><strong>Exterior box (m):<\/strong><\/td>\n<td>0.125X0.050X0.155<\/td>\n<\/tr>\n<tr>\n<td><strong>Box weight (Kg.):<\/strong><\/td>\n<td>0.81<\/td>\n<\/tr>\n<tr>\n<td><strong>Exterior box (Pc.):<\/strong><\/td>\n<td>40<\/td>\n<\/tr>\n<tr>\n<td><strong>Interior box (Pc.):<\/strong><\/td>\n<td>1<\/td>\n<\/tr>\n<tr>\n<td><strong>Taric:<\/strong><\/td>\n<td>3401110000<\/td>\n<\/tr>\n<tr>\n<td><strong>Country of Origin:<\/strong><\/td>\n<td>Portugal<\/td>\n<\/tr>\n<tr>\n<td><strong>Individual packing:<\/strong><\/td>\n<td>Paper packaging<\/td>\n<\/tr>\n<tr>\n<td><strong>Packing after Printing:<\/strong><\/td>\n<td>Paper packaging<\/td>\n<\/tr>\n<\/tbody>\n<\/table>\n","protected":false},"excerpt":{"rendered":"<p>Succesul acestui celebru s\u0103pun se datoreaz\u0103 unei formule de calitate pe baz\u0103 de s\u0103pun vegetal \u0219i a unor parfumuri revigorante \u0219i inconfundabile, precum trandafir, vanilie, lavand\u0103, bergamot\u0103 \u0219i patchouli. Ideal pentru \u00eengrijirea zilnic\u0103 a pielii, f\u0103c\u00e2nd pielea mai moale \u0219i mai fin\u0103. Dup\u0103 90 de ani de la lansare, s\u0103punul Patti este considerat cel mai bine v\u00e2ndut \u00een alegerea consumatorilor. Capacitate de p\u00e2n\u0103 la 15 g. Produs ecologic<\/p>\n","protected":false},"featured_media":461877,"comment_status":"closed","ping_status":"closed","template":"","meta":{"_joinchat":[]},"product_brand":[2758],"product_cat":[312],"product_tag":[],"class_list":{"0":"post-112173","1":"product","2":"type-product","3":"status-publish","4":"has-post-thumbnail","6":"product_brand-ach-brito-ro","7":"product_cat-personal-si-calatorii","9":"first","10":"instock","11":"taxable","12":"shipping-taxable","13":"purchasable","14":"product-type-variable"},"_links":{"self":[{"href":"https:\/\/web2print.ro\/shop\/wp-json\/wp\/v2\/product\/112173","targetHints":{"allow":["GET"]}}],"collection":[{"href":"https:\/\/web2print.ro\/shop\/wp-json\/wp\/v2\/product"}],"about":[{"href":"https:\/\/web2print.ro\/shop\/wp-json\/wp\/v2\/types\/product"}],"replies":[{"embeddable":true,"href":"https:\/\/web2print.ro\/shop\/wp-json\/wp\/v2\/comments?post=112173"}],"wp:featuredmedia":[{"embeddable":true,"href":"https:\/\/web2print.ro\/shop\/wp-json\/wp\/v2\/media\/461877"}],"wp:attachment":[{"href":"https:\/\/web2print.ro\/shop\/wp-json\/wp\/v2\/media?parent=112173"}],"wp:term":[{"taxonomy":"product_brand","embeddable":true,"href":"https:\/\/web2print.ro\/shop\/wp-json\/wp\/v2\/product_brand?post=112173"},{"taxonomy":"product_cat","embeddable":true,"href":"https:\/\/web2print.ro\/shop\/wp-json\/wp\/v2\/product_cat?post=112173"},{"taxonomy":"product_tag","embeddable":true,"href":"https:\/\/web2print.ro\/shop\/wp-json\/wp\/v2\/product_tag?post=112173"}],"curies":[{"name":"wp","href":"https:\/\/api.w.org\/{rel}","templated":true}]}}