{"id":112179,"date":"2025-06-10T15:20:58","date_gmt":"2025-06-10T12:20:58","guid":{"rendered":"https:\/\/web-support.eu\/web2print\/product\/lusitanos-sapunuri-pe-baza-de-sapun-vegetal-si-imbogatit-cu-ulei-de-masline-75-g\/"},"modified":"2025-12-10T10:39:59","modified_gmt":"2025-12-10T08:39:59","slug":"lusitanos-sapunuri-pe-baza-de-sapun-vegetal-si-imbogatit-cu-ulei-de-masline-75-g","status":"publish","type":"product","link":"https:\/\/web2print.ro\/shop\/lusitanos-sapunuri-pe-baza-de-sapun-vegetal-si-imbogatit-cu-ulei-de-masline-75-g\/","title":{"rendered":"LUSITANOS. S\u0103punuri pe baz\u0103 de s\u0103pun vegetal \u0219i \u00eembog\u0103\u021bit cu ulei de m\u0103sline (75 g) personalizate"},"content":{"rendered":"<p>O colec\u021bie lusitan\u0103 ce readuce \u00een prim plan tradi\u021bionalismul portughez, cu ambalaje ce fac aluzie la diverse elemente na\u021bionale. Aceste s\u0103punuri sunt bazate pe s\u0103pun vegetal \u0219i \u00eembog\u0103\u021bite cu ulei de m\u0103sline. Sunt produse \u00een mod tradi\u021bional \u00een Portugalia \u0219i sunt potrivite pentru toate tipurile de piele.<\/p>\n<p>Fiecare s\u0103pun are o capacitate de p\u00e2n\u0103 la 75g \u0219i este un produs ecologic.<\/p>\n<p>Descoper\u0103 aromele distincte:<\/p>\n<p>Culoare 103: S\u0103pun Saudade &#8211; Parfum de lavand\u0103, iasomie, tarhon, bergamot\u0103, patchouli \u0219i ambr\u0103.<\/p>\n<p>Culoare 105: S\u0103pun Galo &#8211; Parfum de cimbru \u0219i portocal\u0103, cu note subtile de floarea-soarelui \u0219i lemn de m\u0103slin.<\/p>\n<p>Culoare 106: S\u0103pun Ouro &#8211; Parfum de cistus \u0219i mu\u0219e\u021bel, cu note de lemn de cedru \u0219i vetiver.<\/p>\n<p>Culoare 108: S\u0103pun Azulejo &#8211; Parfum de miere \u0219i rozmarin, cu note subtile de ment\u0103 proasp\u0103t\u0103 \u0219i frunze de l\u0103m\u00e2ie.<\/p>\n<p>Culoare 109: S\u0103pun Popular &#8211; Parfum de busuioc \u0219i pin, cu note lemnoase de chiparos.<\/p>\n<p>Culoare 114: S\u0103pun Mar &#8211; Parfum de alge marine \u0219i briz\u0103 de mare, cu note subtile de floare de sare \u0219i nuf\u0103r.<\/p>\n<p>Dimensiuni: 55 x 80 x 20 mm.<\/p>\n<table>\n<tr>\n<td><strong>Exterior box (m):<\/strong><\/td>\n<td>0.105X0.060X0.160<\/td>\n<\/tr>\n<tr>\n<td><strong>Box weight (Kg.):<\/strong><\/td>\n<td>0.93<\/td>\n<\/tr>\n<tr>\n<td><strong>Exterior box (Pc.):<\/strong><\/td>\n<td>12<\/td>\n<\/tr>\n<tr>\n<td><strong>Interior box (Pc.):<\/strong><\/td>\n<td>1<\/td>\n<\/tr>\n<tr>\n<td><strong>Taric:<\/strong><\/td>\n<td>3401110000<\/td>\n<\/tr>\n<tr>\n<td><strong>Country of Origin:<\/strong><\/td>\n<td>Portugal<\/td>\n<\/tr>\n<tr>\n<td><strong>Individual packing:<\/strong><\/td>\n<td>Paper packaging<\/td>\n<\/tr>\n<tr>\n<td><strong>Packing after Printing:<\/strong><\/td>\n<td>Paper packaging<\/td>\n<\/tr>\n<\/table>\n","protected":false},"excerpt":{"rendered":"<p>O colec\u021bie lusitan\u0103 care aminte\u0219te de tradi\u021bionalismul portughez, cu ambalaje care fac aluzie la diferite elemente na\u021bionale. S\u0103punuri pe baz\u0103 de s\u0103pun vegetal \u0219i \u00eembog\u0103\u021bite cu ulei de m\u0103sline. Produse \u00een mod tradi\u021bional \u00een Portugalia \u0219i potrivite pentru toate tipurile de piele. Capacitate de p\u00e2n\u0103 la 75g. Produs ecologic.Culoarea 103: S\u0103punul Saudade &#8211; Parfum de lavand\u0103, iasomie, tarhon, bergamot\u0103, patchouli \u0219i chihlimbarCuloarea 105: S\u0103pun Galo &#8211; Parfum de cimbru \u0219i portocal\u0103, cu note de floarea-soarelui \u0219i lemn de m\u0103slinCuloarea 106: Ouro Soap &#8211; Parfum de cistus \u0219i mu\u0219e\u021bel cu note de lemn de cedru \u0219i vetiverCuloarea 108: Azulejo Soap &#8211; Parfum de miere \u0219i rozmarin cu note de ment\u0103 proasp\u0103t\u0103 \u0219i frunze de l\u0103m\u00e2ieCuloarea 109: S\u0103pun Popular &#8211; Parfum de majerico \u0219i pin cu note lemnoase de chiparosCuloarea 114: Mar Soap &#8211; Parfum de alge marine \u0219i briz\u0103 de mare cu note de fleur de sel \u0219i nuf\u0103r de ap\u0103<\/p>\n","protected":false},"featured_media":37323,"comment_status":"closed","ping_status":"open","template":"","meta":{"_joinchat":[]},"product_brand":[2758],"product_cat":[312],"product_tag":[],"class_list":{"0":"post-112179","1":"product","2":"type-product","3":"status-publish","4":"has-post-thumbnail","6":"product_brand-ach-brito-ro","7":"product_cat-personal-si-calatorii","9":"first","10":"instock","11":"taxable","12":"shipping-taxable","13":"purchasable","14":"product-type-variable"},"_links":{"self":[{"href":"https:\/\/web2print.ro\/shop\/wp-json\/wp\/v2\/product\/112179","targetHints":{"allow":["GET"]}}],"collection":[{"href":"https:\/\/web2print.ro\/shop\/wp-json\/wp\/v2\/product"}],"about":[{"href":"https:\/\/web2print.ro\/shop\/wp-json\/wp\/v2\/types\/product"}],"replies":[{"embeddable":true,"href":"https:\/\/web2print.ro\/shop\/wp-json\/wp\/v2\/comments?post=112179"}],"wp:featuredmedia":[{"embeddable":true,"href":"https:\/\/web2print.ro\/shop\/wp-json\/wp\/v2\/media\/37323"}],"wp:attachment":[{"href":"https:\/\/web2print.ro\/shop\/wp-json\/wp\/v2\/media?parent=112179"}],"wp:term":[{"taxonomy":"product_brand","embeddable":true,"href":"https:\/\/web2print.ro\/shop\/wp-json\/wp\/v2\/product_brand?post=112179"},{"taxonomy":"product_cat","embeddable":true,"href":"https:\/\/web2print.ro\/shop\/wp-json\/wp\/v2\/product_cat?post=112179"},{"taxonomy":"product_tag","embeddable":true,"href":"https:\/\/web2print.ro\/shop\/wp-json\/wp\/v2\/product_tag?post=112179"}],"curies":[{"name":"wp","href":"https:\/\/api.w.org\/{rel}","templated":true}]}}