{"id":112186,"date":"2025-06-10T15:20:59","date_gmt":"2025-06-10T12:20:59","guid":{"rendered":"https:\/\/web-support.eu\/web2print\/product\/frutados-i-sapunuri-pe-baza-de-sapun-vegetal-si-imbogatit-cu-ulei-de-nuca-de-cocos-75-g\/"},"modified":"2025-12-10T10:40:16","modified_gmt":"2025-12-10T08:40:16","slug":"frutados-i-sapunuri-pe-baza-de-sapun-vegetal-si-imbogatit-cu-ulei-de-nuca-de-cocos-75-g","status":"publish","type":"product","link":"https:\/\/web2print.ro\/shop\/frutados-i-sapunuri-pe-baza-de-sapun-vegetal-si-imbogatit-cu-ulei-de-nuca-de-cocos-75-g\/","title":{"rendered":"FRUTADOS I. S\u0103punuri pe baz\u0103 de s\u0103pun vegetal \u0219i \u00eembog\u0103\u021bit cu ulei de nuc\u0103 de cocos (75 g) personalizate"},"content":{"rendered":"<p>S\u0103pun bazat pe s\u0103pun vegetal \u0219i \u00eembog\u0103\u021bit cu ulei de cocos. La utilizare, acest s\u0103pun produce o spum\u0103 cremoas\u0103, l\u0103s\u00e2nd pielea curat\u0103, catifelat\u0103 \u0219i hidratat\u0103.<\/p>\n<p>Are o capacitate de p\u00e2n\u0103 la 75 g \u0219i este un s\u0103pun ecologic, produs \u00een mod tradi\u021bional \u00een Portugalia. Aceast\u0103 colec\u021bie \u00ee\u0219i propune s\u0103 eviden\u021bieze arome fructate vibrante:<\/p>\n<p>Culoare 101: S\u0103pun cu arom\u0103 de nuc\u0103 de cocos<\/p>\n<p>Culoare 118: S\u0103pun cu arom\u0103 de par\u0103<\/p>\n<p>Dimensiuni: 55 x 80 x 20 mm.<\/p>\n<table>\n<tbody>\n<tr>\n<td><strong>Exterior box (m):<\/strong><\/td>\n<td>0.105X0.060X0.160<\/td>\n<\/tr>\n<tr>\n<td><strong>Box weight (Kg.):<\/strong><\/td>\n<td>0.93<\/td>\n<\/tr>\n<tr>\n<td><strong>Exterior box (Pc.):<\/strong><\/td>\n<td>12<\/td>\n<\/tr>\n<tr>\n<td><strong>Interior box (Pc.):<\/strong><\/td>\n<td>1<\/td>\n<\/tr>\n<tr>\n<td><strong>Taric:<\/strong><\/td>\n<td>3401110000<\/td>\n<\/tr>\n<tr>\n<td><strong>Country of Origin:<\/strong><\/td>\n<td>Portugal<\/td>\n<\/tr>\n<tr>\n<td><strong>Individual packing:<\/strong><\/td>\n<td>Paper packaging<\/td>\n<\/tr>\n<tr>\n<td><strong>Packing after Printing:<\/strong><\/td>\n<td>Paper packaging<\/td>\n<\/tr>\n<\/tbody>\n<\/table>\n","protected":false},"excerpt":{"rendered":"<p>S\u0103pun pe baz\u0103 de s\u0103pun vegetal \u0219i \u00eembog\u0103\u021bit cu ulei de nuc\u0103 de cocos. Atunci c\u00e2nd este folosit, acest s\u0103pun ofer\u0103 o spum\u0103 cremoas\u0103, l\u0103s\u00e2nd pielea curat\u0103, moale \u0219i hidratat\u0103. Capacitate de p\u00e2n\u0103 la 75 g. S\u0103pun ecologic produs \u00een mod tradi\u021bional \u00een Portugalia. O colec\u021bie care \u00ee\u0219i propune s\u0103 eviden\u021bieze aromele vibrante de fructe:Color 101: S\u0103pun cu arom\u0103 de nuc\u0103 de cocosCuloarea 118: S\u0103pun cu arom\u0103 de pere<\/p>\n","protected":false},"featured_media":461980,"comment_status":"closed","ping_status":"closed","template":"","meta":{"_joinchat":[]},"product_brand":[2758],"product_cat":[312],"product_tag":[],"class_list":{"0":"post-112186","1":"product","2":"type-product","3":"status-publish","4":"has-post-thumbnail","6":"product_brand-ach-brito-ro","7":"product_cat-personal-si-calatorii","9":"first","10":"instock","11":"taxable","12":"shipping-taxable","13":"purchasable","14":"product-type-variable"},"_links":{"self":[{"href":"https:\/\/web2print.ro\/shop\/wp-json\/wp\/v2\/product\/112186","targetHints":{"allow":["GET"]}}],"collection":[{"href":"https:\/\/web2print.ro\/shop\/wp-json\/wp\/v2\/product"}],"about":[{"href":"https:\/\/web2print.ro\/shop\/wp-json\/wp\/v2\/types\/product"}],"replies":[{"embeddable":true,"href":"https:\/\/web2print.ro\/shop\/wp-json\/wp\/v2\/comments?post=112186"}],"wp:featuredmedia":[{"embeddable":true,"href":"https:\/\/web2print.ro\/shop\/wp-json\/wp\/v2\/media\/461980"}],"wp:attachment":[{"href":"https:\/\/web2print.ro\/shop\/wp-json\/wp\/v2\/media?parent=112186"}],"wp:term":[{"taxonomy":"product_brand","embeddable":true,"href":"https:\/\/web2print.ro\/shop\/wp-json\/wp\/v2\/product_brand?post=112186"},{"taxonomy":"product_cat","embeddable":true,"href":"https:\/\/web2print.ro\/shop\/wp-json\/wp\/v2\/product_cat?post=112186"},{"taxonomy":"product_tag","embeddable":true,"href":"https:\/\/web2print.ro\/shop\/wp-json\/wp\/v2\/product_tag?post=112186"}],"curies":[{"name":"wp","href":"https:\/\/api.w.org\/{rel}","templated":true}]}}