{"id":112197,"date":"2025-06-10T15:21:02","date_gmt":"2025-06-10T12:21:02","guid":{"rendered":"https:\/\/web-support.eu\/web2print\/product\/spa-sapun-potrivit-pentru-nevoile-pielii-tale-100g\/"},"modified":"2025-12-10T10:39:58","modified_gmt":"2025-12-10T08:39:58","slug":"spa-sapun-potrivit-pentru-nevoile-pielii-tale-100g","status":"publish","type":"product","link":"https:\/\/web2print.ro\/shop\/spa-sapun-potrivit-pentru-nevoile-pielii-tale-100g\/","title":{"rendered":"SPA. S\u0103pun potrivit pentru nevoile pielii tale (100g) personalizat"},"content":{"rendered":"<p>Soaps that belong to the spa line, based on vegetable soap indicated for the needs of your skin, each with a different purpose. Produced traditionally in Portugal and is suitable for all skin types. Capacity up to 100g. Environmentally friendly product.Colour 102: Purifying Soap &#8211; Clay and VerbenaColour 109: Refreshing Soap &#8211; Mint and RaspberryColour 131: Moisturizing Soap &#8211; Donkey&#8217;s milkColour 154: Exfoliating Soap &#8211; Algae and Sea Salt 53 x 83 x 24 mm in romana<\/p>\n<p>S\u0103punurile din gama Spa sunt bazate pe s\u0103pun vegetal, special concepute pentru nevoile pielii tale, fiecare av\u00e2nd un scop diferit. Sunt produse \u00een mod tradi\u021bional \u00een Portugalia \u0219i sunt potrivite pentru toate tipurile de piele.<\/p>\n<p>Fiecare s\u0103pun are o capacitate de p\u00e2n\u0103 la 100g \u0219i este un produs ecologic.<\/p>\n<p>Descoper\u0103 varietatea:<\/p>\n<p>Culoare 102: S\u0103pun Purificator &#8211; Argil\u0103 \u0219i Verbin\u0103<\/p>\n<p>Culoare 109: S\u0103pun R\u0103coritor &#8211; Ment\u0103 \u0219i Zmeur\u0103<\/p>\n<p>Culoare 131: S\u0103pun Hidratant &#8211; Lapte de M\u0103g\u0103ri\u021b\u0103<\/p>\n<p>Culoare 154: S\u0103pun Exfoliant &#8211; Alge \u0219i Sare de Mare<\/p>\n<p>Dimensiuni: 53 x 83 x 24 mm.<\/p>\n<table>\n<tr>\n<td><strong>Exterior box (m):<\/strong><\/td>\n<td>0.160X0.107X0.069<\/td>\n<\/tr>\n<tr>\n<td><strong>Box weight (Kg.):<\/strong><\/td>\n<td>1.3<\/td>\n<\/tr>\n<tr>\n<td><strong>Exterior box (Pc.):<\/strong><\/td>\n<td>12<\/td>\n<\/tr>\n<tr>\n<td><strong>Interior box (Pc.):<\/strong><\/td>\n<td>1<\/td>\n<\/tr>\n<tr>\n<td><strong>Taric:<\/strong><\/td>\n<td>3401110000<\/td>\n<\/tr>\n<tr>\n<td><strong>Country of Origin:<\/strong><\/td>\n<td>Portugal<\/td>\n<\/tr>\n<tr>\n<td><strong>Individual packing:<\/strong><\/td>\n<td>Paper packaging<\/td>\n<\/tr>\n<tr>\n<td><strong>Packing after Printing:<\/strong><\/td>\n<td>Paper packaging<\/td>\n<\/tr>\n<\/table>\n","protected":false},"excerpt":{"rendered":"<p>S\u0103punuri care fac parte din linia spa, pe baz\u0103 de s\u0103pun vegetal indicat pentru nevoile pielii tale, fiecare cu un scop diferit. Produs \u00een mod tradi\u021bional \u00een Portugalia \u0219i potrivit pentru toate tipurile de piele. Capacitate de p\u00e2n\u0103 la 100 g. Produs prietenos cu mediul \u00eenconjur\u0103tor.Culoare 102: S\u0103pun purificator &#8211; Argil\u0103 \u0219i verbin\u0103Culoarea 109: S\u0103pun r\u0103coritor &#8211; Ment\u0103 \u0219i zmeur\u0103Culoarea 131: S\u0103pun hidratant &#8211; Lapte de m\u0103g\u0103ri\u021b\u0103Culoarea 154: S\u0103pun exfoliant &#8211; Alge \u0219i sare de mare<\/p>\n","protected":false},"featured_media":37381,"comment_status":"closed","ping_status":"open","template":"","meta":{"_joinchat":[]},"product_brand":[2758],"product_cat":[312],"product_tag":[],"class_list":{"0":"post-112197","1":"product","2":"type-product","3":"status-publish","4":"has-post-thumbnail","6":"product_brand-ach-brito-ro","7":"product_cat-personal-si-calatorii","9":"first","10":"instock","11":"taxable","12":"shipping-taxable","13":"purchasable","14":"product-type-variable"},"_links":{"self":[{"href":"https:\/\/web2print.ro\/shop\/wp-json\/wp\/v2\/product\/112197","targetHints":{"allow":["GET"]}}],"collection":[{"href":"https:\/\/web2print.ro\/shop\/wp-json\/wp\/v2\/product"}],"about":[{"href":"https:\/\/web2print.ro\/shop\/wp-json\/wp\/v2\/types\/product"}],"replies":[{"embeddable":true,"href":"https:\/\/web2print.ro\/shop\/wp-json\/wp\/v2\/comments?post=112197"}],"wp:featuredmedia":[{"embeddable":true,"href":"https:\/\/web2print.ro\/shop\/wp-json\/wp\/v2\/media\/37381"}],"wp:attachment":[{"href":"https:\/\/web2print.ro\/shop\/wp-json\/wp\/v2\/media?parent=112197"}],"wp:term":[{"taxonomy":"product_brand","embeddable":true,"href":"https:\/\/web2print.ro\/shop\/wp-json\/wp\/v2\/product_brand?post=112197"},{"taxonomy":"product_cat","embeddable":true,"href":"https:\/\/web2print.ro\/shop\/wp-json\/wp\/v2\/product_cat?post=112197"},{"taxonomy":"product_tag","embeddable":true,"href":"https:\/\/web2print.ro\/shop\/wp-json\/wp\/v2\/product_tag?post=112197"}],"curies":[{"name":"wp","href":"https:\/\/api.w.org\/{rel}","templated":true}]}}