{"id":112202,"date":"2025-06-10T15:21:02","date_gmt":"2025-06-10T12:21:02","guid":{"rendered":"https:\/\/web-support.eu\/web2print\/product\/flores-sapunuri-cu-pietricele-150g\/"},"modified":"2025-12-10T10:39:57","modified_gmt":"2025-12-10T08:39:57","slug":"flores-sapunuri-cu-pietricele-150g","status":"publish","type":"product","link":"https:\/\/web2print.ro\/shop\/flores-sapunuri-cu-pietricele-150g\/","title":{"rendered":"FLORES. S\u0103punuri cu pietricele (150g) personalizate"},"content":{"rendered":"<p>Pebble-shaped soap based on vegetable soap, with a soft texture that leaves the skin fragrant. Suitable for all skin types. Capacity up to 150g. Environmentally friendly soap. Packaging with classic illustrations.Colour 102: Rosafalce soapColour 108: Triple Alfazema soapColour 119: Citrus soap 90 x 58 x 45 mm in romana<\/p>\n<p>S\u0103punuri \u00een form\u0103 de pietre de r\u00e2u, bazate pe s\u0103pun vegetal, cu o textur\u0103 moale care las\u0103 pielea parfumat\u0103. Sunt potrivite pentru toate tipurile de piele.<\/p>\n<p>Fiecare s\u0103pun are o capacitate de p\u00e2n\u0103 la 150g \u0219i este un produs ecologic. Ambalajul este decorat cu ilustra\u021bii clasice.<\/p>\n<p>Descoper\u0103 variantele disponibile:<\/p>\n<p>Culoare 102: S\u0103pun Rosafalce<\/p>\n<p>Culoare 108: S\u0103pun Triple Alfazema<\/p>\n<p>Culoare 119: S\u0103pun Citrus<\/p>\n<p>Dimensiuni: 90 x 58 x 45 mm.<\/p>\n<table>\n<tr>\n<td><strong>Exterior box (m):<\/strong><\/td>\n<td>0.280X0.090X0.115<\/td>\n<\/tr>\n<tr>\n<td><strong>Box weight (Kg.):<\/strong><\/td>\n<td>1.856<\/td>\n<\/tr>\n<tr>\n<td><strong>Exterior box (Pc.):<\/strong><\/td>\n<td>12<\/td>\n<\/tr>\n<tr>\n<td><strong>Interior box (Pc.):<\/strong><\/td>\n<td>1<\/td>\n<\/tr>\n<tr>\n<td><strong>Taric:<\/strong><\/td>\n<td>3401110000<\/td>\n<\/tr>\n<tr>\n<td><strong>Country of Origin:<\/strong><\/td>\n<td>Portugal<\/td>\n<\/tr>\n<tr>\n<td><strong>Individual packing:<\/strong><\/td>\n<td>Paper packaging<\/td>\n<\/tr>\n<tr>\n<td><strong>Packing after Printing:<\/strong><\/td>\n<td>Paper packaging<\/td>\n<\/tr>\n<\/table>\n","protected":false},"excerpt":{"rendered":"<p>S\u0103pun \u00een form\u0103 de pietricele pe baz\u0103 de s\u0103pun vegetal, cu o textur\u0103 moale care las\u0103 pielea parfumat\u0103. Potrivit pentru toate tipurile de piele. Capacitate de p\u00e2n\u0103 la 150 g. S\u0103pun prietenos cu mediul \u00eenconjur\u0103tor. Ambalaj cu ilustra\u021bii clasice.Culoarea 102: Sabonete RosafalceCuloarea 108: Sabonete Triple AlfazemaCuloarea 119: Sabonete Citro<\/p>\n","protected":false},"featured_media":37397,"comment_status":"closed","ping_status":"open","template":"","meta":{"_joinchat":[]},"product_brand":[2758],"product_cat":[312],"product_tag":[],"class_list":{"0":"post-112202","1":"product","2":"type-product","3":"status-publish","4":"has-post-thumbnail","6":"product_brand-ach-brito-ro","7":"product_cat-personal-si-calatorii","9":"first","10":"instock","11":"taxable","12":"shipping-taxable","13":"purchasable","14":"product-type-variable"},"_links":{"self":[{"href":"https:\/\/web2print.ro\/shop\/wp-json\/wp\/v2\/product\/112202","targetHints":{"allow":["GET"]}}],"collection":[{"href":"https:\/\/web2print.ro\/shop\/wp-json\/wp\/v2\/product"}],"about":[{"href":"https:\/\/web2print.ro\/shop\/wp-json\/wp\/v2\/types\/product"}],"replies":[{"embeddable":true,"href":"https:\/\/web2print.ro\/shop\/wp-json\/wp\/v2\/comments?post=112202"}],"wp:featuredmedia":[{"embeddable":true,"href":"https:\/\/web2print.ro\/shop\/wp-json\/wp\/v2\/media\/37397"}],"wp:attachment":[{"href":"https:\/\/web2print.ro\/shop\/wp-json\/wp\/v2\/media?parent=112202"}],"wp:term":[{"taxonomy":"product_brand","embeddable":true,"href":"https:\/\/web2print.ro\/shop\/wp-json\/wp\/v2\/product_brand?post=112202"},{"taxonomy":"product_cat","embeddable":true,"href":"https:\/\/web2print.ro\/shop\/wp-json\/wp\/v2\/product_cat?post=112202"},{"taxonomy":"product_tag","embeddable":true,"href":"https:\/\/web2print.ro\/shop\/wp-json\/wp\/v2\/product_tag?post=112202"}],"curies":[{"name":"wp","href":"https:\/\/api.w.org\/{rel}","templated":true}]}}