{"id":112206,"date":"2025-06-10T15:21:04","date_gmt":"2025-06-10T12:21:04","guid":{"rendered":"https:\/\/web-support.eu\/web2print\/product\/royal-jungle-sapunuri-imbogatite-cu-argila-verde-160g\/"},"modified":"2025-12-10T10:39:56","modified_gmt":"2025-12-10T08:39:56","slug":"royal-jungle-sapunuri-imbogatite-cu-argila-verde-160g","status":"publish","type":"product","link":"https:\/\/web2print.ro\/shop\/royal-jungle-sapunuri-imbogatite-cu-argila-verde-160g\/","title":{"rendered":"ROYAL JUNGLE. S\u0103punuri \u00eembog\u0103\u021bite cu argil\u0103 verde (160g) personalizate"},"content":{"rendered":"<p>Soaps Royal Jungle based on vegetable soap and elegant fragrances enriched with green clay &#8211; characterised by its purifying properties. When used, it creates a creamy lather that leaves the skin clean, purified and lightly scented. Produced traditionally in Portugal and suitable for all skin types. Capacity up to 160 g. Environmentally friendly product.Colour 112: Bird lineColour 123: Safari line 90 x 60 x 30 mm in romana<\/p>\n<p>S\u0103punurile Royal Jungle, bazate pe s\u0103pun vegetal \u0219i parfumuri elegante, sunt \u00eembog\u0103\u021bite cu argil\u0103 verde, recunoscut\u0103 pentru propriet\u0103\u021bile sale purificatoare. La utilizare, creeaz\u0103 o spum\u0103 cremoas\u0103 care las\u0103 pielea curat\u0103, purificat\u0103 \u0219i u\u0219or parfumat\u0103.<\/p>\n<p>Sunt produse \u00een mod tradi\u021bional \u00een Portugalia \u0219i sunt potrivite pentru toate tipurile de piele. Fiecare s\u0103pun are o capacitate de p\u00e2n\u0103 la 160 g \u0219i este un produs ecologic.<\/p>\n<p>Descoper\u0103 cele dou\u0103 colec\u021bii:<\/p>\n<p>Culoare 112: Linia Bird<\/p>\n<p>Culoare 123: Linia Safari<\/p>\n<p>Dimensiuni: 90 x 60 x 30 mm.<\/p>\n<table>\n<tr>\n<td><strong>Exterior box (m):<\/strong><\/td>\n<td>0.183X0.090X0.122<\/td>\n<\/tr>\n<tr>\n<td><strong>Box weight (Kg.):<\/strong><\/td>\n<td>1.94<\/td>\n<\/tr>\n<tr>\n<td><strong>Exterior box (Pc.):<\/strong><\/td>\n<td>12<\/td>\n<\/tr>\n<tr>\n<td><strong>Interior box (Pc.):<\/strong><\/td>\n<td>1<\/td>\n<\/tr>\n<tr>\n<td><strong>Taric:<\/strong><\/td>\n<td>3401110000<\/td>\n<\/tr>\n<tr>\n<td><strong>Country of Origin:<\/strong><\/td>\n<td>Portugal<\/td>\n<\/tr>\n<tr>\n<td><strong>Individual packing:<\/strong><\/td>\n<td>Paper packaging<\/td>\n<\/tr>\n<tr>\n<td><strong>Packing after Printing:<\/strong><\/td>\n<td>Paper packaging<\/td>\n<\/tr>\n<\/table>\n","protected":false},"excerpt":{"rendered":"<p>S\u0103punuri Royal Jungle pe baz\u0103 de s\u0103pun vegetal \u0219i parfumuri elegante \u00eembog\u0103\u021bite cu argil\u0103 verde &#8211; caracteristic\u0103 pentru propriet\u0103\u021bile sale purificatoare. Atunci c\u00e2nd este folosit, creeaz\u0103 o spum\u0103 cremoas\u0103 care las\u0103 pielea curat\u0103, purificat\u0103 \u0219i u\u0219or parfumat\u0103. Produs \u00een mod tradi\u021bional \u00een Portugalia \u0219i potrivit pentru toate tipurile de piele. Capacitate de p\u00e2n\u0103 la 160 g. Produs ecologic.Culoarea 112: Linia p\u0103s\u0103rilorCuloarea 123: Linia Safari<\/p>\n","protected":false},"featured_media":37410,"comment_status":"closed","ping_status":"open","template":"","meta":{"_joinchat":[]},"product_brand":[2758],"product_cat":[312],"product_tag":[],"class_list":{"0":"post-112206","1":"product","2":"type-product","3":"status-publish","4":"has-post-thumbnail","6":"product_brand-ach-brito-ro","7":"product_cat-personal-si-calatorii","9":"first","10":"instock","11":"taxable","12":"shipping-taxable","13":"purchasable","14":"product-type-variable"},"_links":{"self":[{"href":"https:\/\/web2print.ro\/shop\/wp-json\/wp\/v2\/product\/112206","targetHints":{"allow":["GET"]}}],"collection":[{"href":"https:\/\/web2print.ro\/shop\/wp-json\/wp\/v2\/product"}],"about":[{"href":"https:\/\/web2print.ro\/shop\/wp-json\/wp\/v2\/types\/product"}],"replies":[{"embeddable":true,"href":"https:\/\/web2print.ro\/shop\/wp-json\/wp\/v2\/comments?post=112206"}],"wp:featuredmedia":[{"embeddable":true,"href":"https:\/\/web2print.ro\/shop\/wp-json\/wp\/v2\/media\/37410"}],"wp:attachment":[{"href":"https:\/\/web2print.ro\/shop\/wp-json\/wp\/v2\/media?parent=112206"}],"wp:term":[{"taxonomy":"product_brand","embeddable":true,"href":"https:\/\/web2print.ro\/shop\/wp-json\/wp\/v2\/product_brand?post=112206"},{"taxonomy":"product_cat","embeddable":true,"href":"https:\/\/web2print.ro\/shop\/wp-json\/wp\/v2\/product_cat?post=112206"},{"taxonomy":"product_tag","embeddable":true,"href":"https:\/\/web2print.ro\/shop\/wp-json\/wp\/v2\/product_tag?post=112206"}],"curies":[{"name":"wp","href":"https:\/\/api.w.org\/{rel}","templated":true}]}}